{"id":32916,"date":"2024-10-08T10:12:13","date_gmt":"2024-10-08T08:12:13","guid":{"rendered":"https:\/\/modestihouse.com\/?post_type=product&#038;p=32916"},"modified":"2024-10-08T10:14:27","modified_gmt":"2024-10-08T08:14:27","slug":"chaiselongue-loft-3p-tap-serpente","status":"publish","type":"product","link":"https:\/\/modestihouse.com\/index.php\/producto\/chaiselongue-loft-3p-tap-serpente\/","title":{"rendered":"Chaiselongue + Loft 3P Tap. Serpente"},"content":{"rendered":"<p><strong>Caracter\u00edsticas<\/strong><\/p>\n<ul>\n<li>Desenfundable: Todo con cremalleras menos armaz\u00f3n.<\/li>\n<li>Armaz\u00f3n: Madera de pino y tablero de part\u00edculas.<\/li>\n<li>Mecanismos: En almohadones de asiento extra\u00edbles con sistema de tubo de hierro. En respaldo sistema reclinable met\u00e1lico con bisagras cromadas redondas.<\/li>\n<li>Patas: De hierro cromado.<\/li>\n<li>Base Asiento: Cinchado tipo nea sobre marco met\u00e1lico extra\u00edble.<\/li>\n<li>Base Respaldo: Cinchado.<\/li>\n<li>Almohadones respaldo y apoyabrazos: Fibra hueca de poli\u00e9ster siliconizada de alta recuperaci\u00f3n y rizamiento tridimensional; es antial\u00e9rgica, ecol\u00f3gica y totalmente reciclable, repele la humedad, no t\u00f3xica, termoaislante, transpirable, el\u00e1stica, suave al tacto y especialmente din\u00e1mica (Impide la formaci\u00f3n de aglomeraciones en los almohadones). Embolsada con fundas de tejido sintejer cosido y cerrado con cremallera.<\/li>\n<li>Almohadas de asiento: Bloque de espuma de 30 Kg\/m3 y capa de espuma supersuave.<\/li>\n<li>Posibilidad de arc\u00f3n en lado del chaiselongue.<\/li>\n<\/ul>\n<p>Colores disponibles: Smoke y Arena<\/p>\n<p>Chaise Derecho e Izquierdo<\/p>\n<p><strong>Medidas:<\/strong><\/p>\n<p>L290 x F95\/168 x A102<\/p>\n","protected":false},"excerpt":{"rendered":"<p>Caracter\u00edsticas Desenfundable: Todo con cremalleras menos armaz\u00f3n. Armaz\u00f3n: Madera de pino y tablero de part\u00edculas. Mecanismos: En almohadones de asiento<\/p>\n","protected":false},"featured_media":33084,"template":"","meta":[],"product_brand":[],"product_cat":[76,255],"product_tag":[],"class_list":{"0":"post-32916","1":"product","2":"type-product","3":"status-publish","4":"has-post-thumbnail","6":"product_cat-chaise-longue","7":"product_cat-chaiselongues","9":"first","10":"instock","11":"sale","12":"shipping-taxable","13":"purchasable","14":"product-type-simple"},"aioseo_notices":[],"_links":{"self":[{"href":"https:\/\/modestihouse.com\/index.php\/wp-json\/wp\/v2\/product\/32916","targetHints":{"allow":["GET"]}}],"collection":[{"href":"https:\/\/modestihouse.com\/index.php\/wp-json\/wp\/v2\/product"}],"about":[{"href":"https:\/\/modestihouse.com\/index.php\/wp-json\/wp\/v2\/types\/product"}],"wp:featuredmedia":[{"embeddable":true,"href":"https:\/\/modestihouse.com\/index.php\/wp-json\/wp\/v2\/media\/33084"}],"wp:attachment":[{"href":"https:\/\/modestihouse.com\/index.php\/wp-json\/wp\/v2\/media?parent=32916"}],"wp:term":[{"taxonomy":"product_brand","embeddable":true,"href":"https:\/\/modestihouse.com\/index.php\/wp-json\/wp\/v2\/product_brand?post=32916"},{"taxonomy":"product_cat","embeddable":true,"href":"https:\/\/modestihouse.com\/index.php\/wp-json\/wp\/v2\/product_cat?post=32916"},{"taxonomy":"product_tag","embeddable":true,"href":"https:\/\/modestihouse.com\/index.php\/wp-json\/wp\/v2\/product_tag?post=32916"}],"curies":[{"name":"wp","href":"https:\/\/api.w.org\/{rel}","templated":true}]}}