{"id":32956,"date":"2024-10-08T10:12:44","date_gmt":"2024-10-08T08:12:44","guid":{"rendered":"https:\/\/modestihouse.com\/?post_type=product&#038;p=32956"},"modified":"2024-10-08T10:14:57","modified_gmt":"2024-10-08T08:14:57","slug":"butaca-orejero-fija","status":"publish","type":"product","link":"https:\/\/modestihouse.com\/index.php\/producto\/butaca-orejero-fija\/","title":{"rendered":"Butaca Orejero Fija"},"content":{"rendered":"<p>Butaca fija OREJERO redise\u00f1ada con un estilo moderno. Es duradera, de f\u00e1cil cuidado, ya que incluye tela antimanchas. Esta butaca es ideal para el sal\u00f3n, dormitorio o zona de descanso, ya que tiene dimensiones reducidas.<\/p>\n<p>Tiene una estructura en madera de pino, reforzada con tablero de part\u00edculas. Incluye sus patas en color nogal. Las patas son enroscadas, para poder acceder a puertas estrechas. Goma espuma de 30 kg s\u00faper suave con guata, para aumentar la sensaci\u00f3n de confort. No requiere montaje.<\/p>\n<p><strong>CARACTER\u00cdSTICAS:<\/strong><\/p>\n<ul>\n<li><strong>Estructura:<\/strong>\u00a0Madera de pino insigne.<\/li>\n<li><strong>Relleno:<\/strong>\u00a0Espumaci\u00f3n HR de 20 kg de densidad.<\/li>\n<li><strong>Tapizado:<\/strong>\u00a0Tela Antimanchas Aqualine.<\/li>\n<li><strong>Guardapolvos:<\/strong>\u00a0Tejido no Tejido (TNT).<\/li>\n<li><strong>Apoyo:<\/strong>\u00a0Patas de madera.<\/li>\n<li><strong>Asiento:<\/strong>\u00a0Espumaci\u00f3n HR de 25 kg de densidad.<\/li>\n<li><strong>Partes Desenfundables:<\/strong>\u00a0Coj\u00edn-asiento.<\/li>\n<li><strong>Montaje:<\/strong>\u00a0Patas (enroscar).<\/li>\n<\/ul>\n<p>Colores Disponibles, Gris oscuro, Gris claro, Beige, Vison claro, Ocre, Rojo, Rosa, Verde agua, Turquesa, Choco y Verde<\/p>\n<p><strong>Medidas:<\/strong><\/p>\n<p>L78 x F78 x A103<\/p>\n","protected":false},"excerpt":{"rendered":"<p>Butaca fija OREJERO redise\u00f1ada con un estilo moderno. Es duradera, de f\u00e1cil cuidado, ya que incluye tela antimanchas. Esta butaca<\/p>\n","protected":false},"featured_media":33106,"template":"","meta":[],"product_brand":[],"product_cat":[229],"product_tag":[447],"class_list":{"0":"post-32956","1":"product","2":"type-product","3":"status-publish","4":"has-post-thumbnail","6":"product_cat-butacas","7":"product_tag-butaca-orejero-fija","9":"first","10":"instock","11":"sale","12":"shipping-taxable","13":"purchasable","14":"product-type-simple"},"aioseo_notices":[],"_links":{"self":[{"href":"https:\/\/modestihouse.com\/index.php\/wp-json\/wp\/v2\/product\/32956","targetHints":{"allow":["GET"]}}],"collection":[{"href":"https:\/\/modestihouse.com\/index.php\/wp-json\/wp\/v2\/product"}],"about":[{"href":"https:\/\/modestihouse.com\/index.php\/wp-json\/wp\/v2\/types\/product"}],"wp:featuredmedia":[{"embeddable":true,"href":"https:\/\/modestihouse.com\/index.php\/wp-json\/wp\/v2\/media\/33106"}],"wp:attachment":[{"href":"https:\/\/modestihouse.com\/index.php\/wp-json\/wp\/v2\/media?parent=32956"}],"wp:term":[{"taxonomy":"product_brand","embeddable":true,"href":"https:\/\/modestihouse.com\/index.php\/wp-json\/wp\/v2\/product_brand?post=32956"},{"taxonomy":"product_cat","embeddable":true,"href":"https:\/\/modestihouse.com\/index.php\/wp-json\/wp\/v2\/product_cat?post=32956"},{"taxonomy":"product_tag","embeddable":true,"href":"https:\/\/modestihouse.com\/index.php\/wp-json\/wp\/v2\/product_tag?post=32956"}],"curies":[{"name":"wp","href":"https:\/\/api.w.org\/{rel}","templated":true}]}}