{"id":32957,"date":"2024-10-08T10:12:44","date_gmt":"2024-10-08T08:12:44","guid":{"rendered":"https:\/\/modestihouse.com\/?post_type=product&#038;p=32957"},"modified":"2024-10-08T10:15:04","modified_gmt":"2024-10-08T08:15:04","slug":"butaca-nordica-selene","status":"publish","type":"product","link":"https:\/\/modestihouse.com\/index.php\/producto\/butaca-nordica-selene\/","title":{"rendered":"Butaca Nordica Selene"},"content":{"rendered":"<p>Butaca fija NORDICA, redise\u00f1ada con un estilo moderno. Es duradera, de f\u00e1cil cuidado, ya que incluye tela antimanchas. Esta butaca es ideal para el sal\u00f3n, dormitorio o zona de descanso, ofrece alternativa a la Orejero ya que tiene dimensiones reducidas.<\/p>\n<p>Tiene una estructura en madera de pino, reforzada con tablero de part\u00edculas. Incluye sus patas en color roble. Las patas son enroscadas, para poder acceder a puertas estrechas. Goma espuma de 30 kg s\u00faper suave con guata, para aumentar la sensaci\u00f3n de confort. No requiere montaje.<\/p>\n<p><strong>CARACTER\u00cdSTICAS:<\/strong><\/p>\n<ul>\n<li>Estructura: Madera de pino insigne.<\/li>\n<li>Relleno: Espumaci\u00f3n HR de 20 kg de densidad.<\/li>\n<li>Tapizado: Tela Antimanchas Aqualine.<\/li>\n<li>Guardapolvos: Tejido no Tejido (TNT).<\/li>\n<li>Apoyo: Patas de madera.<\/li>\n<li>Asiento: Espumaci\u00f3n HR de 25 kg de densidad.<\/li>\n<li>Partes Desenfundables: Coj\u00edn-asiento.<\/li>\n<li>Montaje: Patas (enroscar).<\/li>\n<\/ul>\n<p>Colores disponibles: Gris ocuro, Gris claro, Beige, Vison claro, Ocre, Rojo, Rosa, Verde agua, Turquesa, Verde<\/p>\n<p><strong>Medidas:<\/strong><\/p>\n<p>L50\/71 x F50\/70 x A97<\/p>\n","protected":false},"excerpt":{"rendered":"<p>Butaca fija NORDICA, redise\u00f1ada con un estilo moderno. Es duradera, de f\u00e1cil cuidado, ya que incluye tela antimanchas. Esta butaca<\/p>\n","protected":false},"featured_media":33118,"template":"","meta":[],"product_brand":[],"product_cat":[229],"product_tag":[448],"class_list":{"0":"post-32957","1":"product","2":"type-product","3":"status-publish","4":"has-post-thumbnail","6":"product_cat-butacas","7":"product_tag-butaca-nordica","9":"first","10":"instock","11":"sale","12":"shipping-taxable","13":"purchasable","14":"product-type-simple"},"aioseo_notices":[],"_links":{"self":[{"href":"https:\/\/modestihouse.com\/index.php\/wp-json\/wp\/v2\/product\/32957","targetHints":{"allow":["GET"]}}],"collection":[{"href":"https:\/\/modestihouse.com\/index.php\/wp-json\/wp\/v2\/product"}],"about":[{"href":"https:\/\/modestihouse.com\/index.php\/wp-json\/wp\/v2\/types\/product"}],"wp:featuredmedia":[{"embeddable":true,"href":"https:\/\/modestihouse.com\/index.php\/wp-json\/wp\/v2\/media\/33118"}],"wp:attachment":[{"href":"https:\/\/modestihouse.com\/index.php\/wp-json\/wp\/v2\/media?parent=32957"}],"wp:term":[{"taxonomy":"product_brand","embeddable":true,"href":"https:\/\/modestihouse.com\/index.php\/wp-json\/wp\/v2\/product_brand?post=32957"},{"taxonomy":"product_cat","embeddable":true,"href":"https:\/\/modestihouse.com\/index.php\/wp-json\/wp\/v2\/product_cat?post=32957"},{"taxonomy":"product_tag","embeddable":true,"href":"https:\/\/modestihouse.com\/index.php\/wp-json\/wp\/v2\/product_tag?post=32957"}],"curies":[{"name":"wp","href":"https:\/\/api.w.org\/{rel}","templated":true}]}}