{"id":32993,"date":"2024-10-08T10:13:19","date_gmt":"2024-10-08T08:13:19","guid":{"rendered":"https:\/\/modestihouse.com\/?post_type=product&#038;p=32993"},"modified":"2024-10-08T10:15:18","modified_gmt":"2024-10-08T08:15:18","slug":"composicion-de-salon-kaspian","status":"publish","type":"product","link":"https:\/\/modestihouse.com\/index.php\/producto\/composicion-de-salon-kaspian\/","title":{"rendered":"Composicion de Salon Kaspian"},"content":{"rendered":"<p>El mobiliario principal est\u00e1 compuesto por un conjunto de muebles en tonos de madera clara que aportan calidez al espacio. Esta colecci\u00f3n te permite combinar en tu sal\u00f3n con su aparador o las estanter\u00edas que ofrecen tanto almacenamiento como espacio para la decoraci\u00f3n, incluyendo libros y plantas peque\u00f1as.<\/p>\n<p>Medida Vitrina: \u00a0\u00a0\u00a0 L56 x F40,5 x A200,5<\/p>\n<p>Medida Mueble TV: \u00a0\u00a0\u00a0 L143,5 x F40,5 x A33,5<\/p>\n<p>Medida Bodeguero: \u00a0\u00a0\u00a0 L105 x F40,5 x A112,5<\/p>\n","protected":false},"excerpt":{"rendered":"<p>El mobiliario principal est\u00e1 compuesto por un conjunto de muebles en tonos de madera clara que aportan calidez al espacio.<\/p>\n","protected":false},"featured_media":33142,"template":"","meta":[],"product_brand":[],"product_cat":[438,408],"product_tag":[451],"class_list":{"0":"post-32993","1":"product","2":"type-product","3":"status-publish","4":"has-post-thumbnail","6":"product_cat-composicion-de-salon","7":"product_cat-muebles-de-salon","8":"product_tag-composicion-de-salon","10":"first","11":"instock","12":"sale","13":"shipping-taxable","14":"purchasable","15":"product-type-simple"},"aioseo_notices":[],"_links":{"self":[{"href":"https:\/\/modestihouse.com\/index.php\/wp-json\/wp\/v2\/product\/32993","targetHints":{"allow":["GET"]}}],"collection":[{"href":"https:\/\/modestihouse.com\/index.php\/wp-json\/wp\/v2\/product"}],"about":[{"href":"https:\/\/modestihouse.com\/index.php\/wp-json\/wp\/v2\/types\/product"}],"wp:featuredmedia":[{"embeddable":true,"href":"https:\/\/modestihouse.com\/index.php\/wp-json\/wp\/v2\/media\/33142"}],"wp:attachment":[{"href":"https:\/\/modestihouse.com\/index.php\/wp-json\/wp\/v2\/media?parent=32993"}],"wp:term":[{"taxonomy":"product_brand","embeddable":true,"href":"https:\/\/modestihouse.com\/index.php\/wp-json\/wp\/v2\/product_brand?post=32993"},{"taxonomy":"product_cat","embeddable":true,"href":"https:\/\/modestihouse.com\/index.php\/wp-json\/wp\/v2\/product_cat?post=32993"},{"taxonomy":"product_tag","embeddable":true,"href":"https:\/\/modestihouse.com\/index.php\/wp-json\/wp\/v2\/product_tag?post=32993"}],"curies":[{"name":"wp","href":"https:\/\/api.w.org\/{rel}","templated":true}]}}