{"id":32994,"date":"2024-10-08T10:13:19","date_gmt":"2024-10-08T08:13:19","guid":{"rendered":"https:\/\/modestihouse.com\/?post_type=product&#038;p=32994"},"modified":"2024-10-08T10:15:24","modified_gmt":"2024-10-08T08:15:24","slug":"muebles-de-salon-kaspian","status":"publish","type":"product","link":"https:\/\/modestihouse.com\/index.php\/producto\/muebles-de-salon-kaspian\/","title":{"rendered":"Muebles de Salon Kaspian"},"content":{"rendered":"<p>El mobiliario principal est\u00e1 compuesto por un conjunto de muebles en tonos de madera clara que aportan calidez al espacio. Esta colecci\u00f3n te permite combinar en tu sal\u00f3n con su aparador o las estanter\u00edas que ofrecen tanto almacenamiento como espacio para la decoraci\u00f3n, incluyendo libros y plantas peque\u00f1as.<\/p>\n<p>Medidas de la Vitrina: \u00a0\u00a0\u00a0 L56 x F40,5 x A200,5<\/p>\n<p>Medidas del Aparador: \u00a0\u00a0\u00a0 L143,5 x F40,5 x A92<\/p>\n<p>Medida del Estante: \u00a0\u00a0 L143,5 x 25 x 8<\/p>\n","protected":false},"excerpt":{"rendered":"<p>El mobiliario principal est\u00e1 compuesto por un conjunto de muebles en tonos de madera clara que aportan calidez al espacio.<\/p>\n","protected":false},"featured_media":33146,"template":"","meta":[],"product_brand":[],"product_cat":[408],"product_tag":[452],"class_list":{"0":"post-32994","1":"product","2":"type-product","3":"status-publish","4":"has-post-thumbnail","6":"product_cat-muebles-de-salon","7":"product_tag-muebles-kaspian","9":"first","10":"instock","11":"sale","12":"shipping-taxable","13":"purchasable","14":"product-type-simple"},"aioseo_notices":[],"_links":{"self":[{"href":"https:\/\/modestihouse.com\/index.php\/wp-json\/wp\/v2\/product\/32994","targetHints":{"allow":["GET"]}}],"collection":[{"href":"https:\/\/modestihouse.com\/index.php\/wp-json\/wp\/v2\/product"}],"about":[{"href":"https:\/\/modestihouse.com\/index.php\/wp-json\/wp\/v2\/types\/product"}],"wp:featuredmedia":[{"embeddable":true,"href":"https:\/\/modestihouse.com\/index.php\/wp-json\/wp\/v2\/media\/33146"}],"wp:attachment":[{"href":"https:\/\/modestihouse.com\/index.php\/wp-json\/wp\/v2\/media?parent=32994"}],"wp:term":[{"taxonomy":"product_brand","embeddable":true,"href":"https:\/\/modestihouse.com\/index.php\/wp-json\/wp\/v2\/product_brand?post=32994"},{"taxonomy":"product_cat","embeddable":true,"href":"https:\/\/modestihouse.com\/index.php\/wp-json\/wp\/v2\/product_cat?post=32994"},{"taxonomy":"product_tag","embeddable":true,"href":"https:\/\/modestihouse.com\/index.php\/wp-json\/wp\/v2\/product_tag?post=32994"}],"curies":[{"name":"wp","href":"https:\/\/api.w.org\/{rel}","templated":true}]}}