{"id":33059,"date":"2024-10-08T10:14:08","date_gmt":"2024-10-08T08:14:08","guid":{"rendered":"https:\/\/modestihouse.com\/?post_type=product&#038;p=33059"},"modified":"2024-10-08T10:15:56","modified_gmt":"2024-10-08T08:15:56","slug":"altillo-ready-2p","status":"publish","type":"product","link":"https:\/\/modestihouse.com\/index.php\/producto\/altillo-ready-2p\/","title":{"rendered":"Altillo Ready 2P"},"content":{"rendered":"<p>Altillo\u00a0100 cm de 2 puertas modelo READY, disponible en varios colores.<\/p>\n<p>Blanco, Cambrian,Cerezo y Artico<\/p>\n<p><strong>Caracter\u00edsticas del producto Ready<\/strong><\/p>\n<ul>\n<li>Tablero de part\u00edculas melaminizadas de primera calidad. Re\u00fane las caracter\u00edsticas seg\u00fan normativa vigente. En los siguientes grosores: 10 mm, 16 mm, 19 mm, 25mm y 30 mm.<\/li>\n<li>Moldura en DM recubierta en papel melam\u00ednico para los detalles de tapetas en frentes de cajones y patas de las mesas de comedor.<\/li>\n<li>Cantos de PVC de 1 mm para frentes y 0,5 mm para resto.<\/li>\n<li>Herrajes de primera calidad fabricados en metal niquelado.<br \/>\n&#8211; Bisagras met\u00e1licas de 35 mm de di\u00e1metro regulables.<br \/>\n&#8211; Bases de bisagras en acero.<br \/>\n&#8211; Gu\u00edas met\u00e1licas para los cajones en modelos Elba y Genil.<br \/>\n&#8211; Gu\u00edas PVC para los cajones en el modelo Ready.<br \/>\n&#8211; Juego de soporte pared para estantes en ABS.<br \/>\n&#8211; Asa tirador en ABS.<\/li>\n<li>Cristales:<br \/>\n&#8211; Luna espejo de 3 mm. con los cantos pulidos para los marcos y los murales de los dormitorios.<br \/>\n&#8211; Cristal de 4 mm. incoloro para las puertas de las vitrinas.<\/li>\n<li>Seguridad:<br \/>\n&#8211; No deber\u00e1 fijarse nunca el mueble a una pared que no ofrezca garant\u00edas de tracci\u00f3n.<br \/>\n&#8211; Los herrajes suministrados son aptos para paredes de piedra, ladrillo y hormig\u00f3n.<br \/>\n&#8211; La empresa no se responsabilizar\u00e1 de los da\u00f1os ocasionados por no tener en cuenta dichas advertencias.<br \/>\nMobiliario apto para el uso dom\u00e9stico, no utilizar para su limpieza productos amoniacales ni abrasivos. Los productos fabricados cumplen con toda la garant\u00eda que marca la legislaci\u00f3n vigente.<\/li>\n<\/ul>\n<p><strong>Medidas:<\/strong><\/p>\n<p>L98,8 x F50 x A43<\/p>\n","protected":false},"excerpt":{"rendered":"<p>Altillo\u00a0100 cm de 2 puertas modelo READY, disponible en varios colores. Blanco, Cambrian,Cerezo y Artico Caracter\u00edsticas del producto Ready Tablero<\/p>\n","protected":false},"featured_media":33191,"template":"","meta":[],"product_brand":[],"product_cat":[453,454,423],"product_tag":[],"class_list":{"0":"post-33059","1":"product","2":"type-product","3":"status-publish","4":"has-post-thumbnail","6":"product_cat-altillo","7":"product_cat-armario-2p","8":"product_cat-armarios-2","10":"first","11":"instock","12":"sale","13":"shipping-taxable","14":"purchasable","15":"product-type-simple"},"aioseo_notices":[],"_links":{"self":[{"href":"https:\/\/modestihouse.com\/index.php\/wp-json\/wp\/v2\/product\/33059","targetHints":{"allow":["GET"]}}],"collection":[{"href":"https:\/\/modestihouse.com\/index.php\/wp-json\/wp\/v2\/product"}],"about":[{"href":"https:\/\/modestihouse.com\/index.php\/wp-json\/wp\/v2\/types\/product"}],"wp:featuredmedia":[{"embeddable":true,"href":"https:\/\/modestihouse.com\/index.php\/wp-json\/wp\/v2\/media\/33191"}],"wp:attachment":[{"href":"https:\/\/modestihouse.com\/index.php\/wp-json\/wp\/v2\/media?parent=33059"}],"wp:term":[{"taxonomy":"product_brand","embeddable":true,"href":"https:\/\/modestihouse.com\/index.php\/wp-json\/wp\/v2\/product_brand?post=33059"},{"taxonomy":"product_cat","embeddable":true,"href":"https:\/\/modestihouse.com\/index.php\/wp-json\/wp\/v2\/product_cat?post=33059"},{"taxonomy":"product_tag","embeddable":true,"href":"https:\/\/modestihouse.com\/index.php\/wp-json\/wp\/v2\/product_tag?post=33059"}],"curies":[{"name":"wp","href":"https:\/\/api.w.org\/{rel}","templated":true}]}}