{"id":33065,"date":"2024-10-08T10:14:10","date_gmt":"2024-10-08T08:14:10","guid":{"rendered":"https:\/\/modestihouse.com\/?post_type=product&#038;p=33065"},"modified":"2024-10-08T10:16:19","modified_gmt":"2024-10-08T08:16:19","slug":"armario-sara-2p-corredera-160cm","status":"publish","type":"product","link":"https:\/\/modestihouse.com\/index.php\/producto\/armario-sara-2p-corredera-160cm\/","title":{"rendered":"Armario Sara 2P Corredera 160CM"},"content":{"rendered":"<p>Dentro de nuestra secci\u00f3n de armarios tenemos el armario de 2 puertas correderas SARA con un dise\u00f1o inspirado en el estilo n\u00f3rdico de diferentes colores. Armario ropero de\u00a02 puertas correderas.<\/p>\n<p>Colores disponibles: Blanco-Cambrian, Cambrian-Grafito, Blanco<\/p>\n<p><strong>Caracter\u00edsticas<\/strong><\/p>\n<ul>\n<li>Requiere montaje.<\/li>\n<li>Incluye\u00a0estantes en el lado izquierdo,\u00a0y\u00a0estante y barra met\u00e1lica para colgar la ropa en el lado derecho.<\/li>\n<li>Los art\u00edculos decorativos no est\u00e1n incluidos.<\/li>\n<\/ul>\n<p>&nbsp;<\/p>\n<p><strong>Medidas:<\/strong><\/p>\n<p>L160 x F216 x A56,5<\/p>\n","protected":false},"excerpt":{"rendered":"<p>Dentro de nuestra secci\u00f3n de armarios tenemos el armario de 2 puertas correderas SARA con un dise\u00f1o inspirado en el<\/p>\n","protected":false},"featured_media":33223,"template":"","meta":[],"product_brand":[],"product_cat":[421,423],"product_tag":[],"class_list":{"0":"post-33065","1":"product","2":"type-product","3":"status-publish","4":"has-post-thumbnail","6":"product_cat-armario-2p-corredera","7":"product_cat-armarios-2","9":"first","10":"instock","11":"sale","12":"shipping-taxable","13":"purchasable","14":"product-type-simple"},"aioseo_notices":[],"_links":{"self":[{"href":"https:\/\/modestihouse.com\/index.php\/wp-json\/wp\/v2\/product\/33065","targetHints":{"allow":["GET"]}}],"collection":[{"href":"https:\/\/modestihouse.com\/index.php\/wp-json\/wp\/v2\/product"}],"about":[{"href":"https:\/\/modestihouse.com\/index.php\/wp-json\/wp\/v2\/types\/product"}],"wp:featuredmedia":[{"embeddable":true,"href":"https:\/\/modestihouse.com\/index.php\/wp-json\/wp\/v2\/media\/33223"}],"wp:attachment":[{"href":"https:\/\/modestihouse.com\/index.php\/wp-json\/wp\/v2\/media?parent=33065"}],"wp:term":[{"taxonomy":"product_brand","embeddable":true,"href":"https:\/\/modestihouse.com\/index.php\/wp-json\/wp\/v2\/product_brand?post=33065"},{"taxonomy":"product_cat","embeddable":true,"href":"https:\/\/modestihouse.com\/index.php\/wp-json\/wp\/v2\/product_cat?post=33065"},{"taxonomy":"product_tag","embeddable":true,"href":"https:\/\/modestihouse.com\/index.php\/wp-json\/wp\/v2\/product_tag?post=33065"}],"curies":[{"name":"wp","href":"https:\/\/api.w.org\/{rel}","templated":true}]}}