{"id":33094,"date":"2024-10-08T10:14:42","date_gmt":"2024-10-08T08:14:42","guid":{"rendered":"https:\/\/modestihouse.com\/?post_type=product&#038;p=33094"},"modified":"2024-10-08T10:16:21","modified_gmt":"2024-10-08T08:16:21","slug":"armario-nepo-1p-60cm","status":"publish","type":"product","link":"https:\/\/modestihouse.com\/index.php\/producto\/armario-nepo-1p-60cm\/","title":{"rendered":"Armario Nepo 1P 60CM"},"content":{"rendered":"<p>Armario 1 puerta 60 cm modelo NEPO, color cambrian-blanco.<\/p>\n<p>Parte de colecci\u00f3n de muebles modernos NEPO. Con tiradores modernos rectos de metal, color cambrian intenso con textura pronunciada y con los elementos en blanco, ergon\u00f3micos y funcionales son las principales caracter\u00edsticas del conjunto. Los elementos encajan perfectamente en el tono de la entrada, la sala de estar, recibidor, habitaci\u00f3n de los ni\u00f1os y dormitorio, llen\u00e1ndolos con el esp\u00edritu de la contempor\u00e1neo.<\/p>\n<p>&nbsp;<\/p>\n<p><strong>Medidas:<\/strong><\/p>\n<p>L60 x F33,5 x A196,5<\/p>\n","protected":false},"excerpt":{"rendered":"<p>Armario 1 puerta 60 cm modelo NEPO, color cambrian-blanco. Parte de colecci\u00f3n de muebles modernos NEPO. Con tiradores modernos rectos<\/p>\n","protected":false},"featured_media":33230,"template":"","meta":[],"product_brand":[],"product_cat":[456,423],"product_tag":[457],"class_list":{"0":"post-33094","1":"product","2":"type-product","3":"status-publish","4":"has-post-thumbnail","6":"product_cat-armario-1-p","7":"product_cat-armarios-2","8":"product_tag-armario-1-p","10":"first","11":"instock","12":"sale","13":"shipping-taxable","14":"purchasable","15":"product-type-simple"},"aioseo_notices":[],"_links":{"self":[{"href":"https:\/\/modestihouse.com\/index.php\/wp-json\/wp\/v2\/product\/33094","targetHints":{"allow":["GET"]}}],"collection":[{"href":"https:\/\/modestihouse.com\/index.php\/wp-json\/wp\/v2\/product"}],"about":[{"href":"https:\/\/modestihouse.com\/index.php\/wp-json\/wp\/v2\/types\/product"}],"wp:featuredmedia":[{"embeddable":true,"href":"https:\/\/modestihouse.com\/index.php\/wp-json\/wp\/v2\/media\/33230"}],"wp:attachment":[{"href":"https:\/\/modestihouse.com\/index.php\/wp-json\/wp\/v2\/media?parent=33094"}],"wp:term":[{"taxonomy":"product_brand","embeddable":true,"href":"https:\/\/modestihouse.com\/index.php\/wp-json\/wp\/v2\/product_brand?post=33094"},{"taxonomy":"product_cat","embeddable":true,"href":"https:\/\/modestihouse.com\/index.php\/wp-json\/wp\/v2\/product_cat?post=33094"},{"taxonomy":"product_tag","embeddable":true,"href":"https:\/\/modestihouse.com\/index.php\/wp-json\/wp\/v2\/product_tag?post=33094"}],"curies":[{"name":"wp","href":"https:\/\/api.w.org\/{rel}","templated":true}]}}