{"id":33098,"date":"2024-10-08T10:14:44","date_gmt":"2024-10-08T08:14:44","guid":{"rendered":"https:\/\/modestihouse.com\/?post_type=product&#038;p=33098"},"modified":"2024-10-08T10:16:44","modified_gmt":"2024-10-08T08:16:44","slug":"mueble-tv-bocami-2p-2c-2h-bocamina-natural","status":"publish","type":"product","link":"https:\/\/modestihouse.com\/index.php\/producto\/mueble-tv-bocami-2p-2c-2h-bocamina-natural\/","title":{"rendered":"Mueble TV Bocami 2P 2C 2H Bocamina\/Natural"},"content":{"rendered":"<p>Mueble tv\u00a02\u00a0puertas, 2 cajones\u00a0y 2 huecos modelo BOCAMI, color bocamina\/natural.<\/p>\n<p><strong>CARACTER\u00cdSTICAS:<\/strong><\/p>\n<ul>\n<li>Material: Melamina.<\/li>\n<li>Colecci\u00f3n Bocami.<\/li>\n<li>Estilo contempor\u00e1neo.<\/li>\n<\/ul>\n<p>&nbsp;<\/p>\n<p><strong>Medidas:<\/strong><\/p>\n<p>L180,5 x F40 x A53,1<\/p>\n","protected":false},"excerpt":{"rendered":"<p>Mueble tv\u00a02\u00a0puertas, 2 cajones\u00a0y 2 huecos modelo BOCAMI, color bocamina\/natural. CARACTER\u00cdSTICAS: Material: Melamina. Colecci\u00f3n Bocami. Estilo contempor\u00e1neo. &nbsp; Medidas: L180,5<\/p>\n","protected":false},"featured_media":33254,"template":"","meta":[],"product_brand":[],"product_cat":[214,415],"product_tag":[],"class_list":{"0":"post-33098","1":"product","2":"type-product","3":"status-publish","4":"has-post-thumbnail","6":"product_cat-bajo-tv","7":"product_cat-mueble-bajo-tv","9":"first","10":"instock","11":"sale","12":"shipping-taxable","13":"purchasable","14":"product-type-simple"},"aioseo_notices":[],"_links":{"self":[{"href":"https:\/\/modestihouse.com\/index.php\/wp-json\/wp\/v2\/product\/33098","targetHints":{"allow":["GET"]}}],"collection":[{"href":"https:\/\/modestihouse.com\/index.php\/wp-json\/wp\/v2\/product"}],"about":[{"href":"https:\/\/modestihouse.com\/index.php\/wp-json\/wp\/v2\/types\/product"}],"wp:featuredmedia":[{"embeddable":true,"href":"https:\/\/modestihouse.com\/index.php\/wp-json\/wp\/v2\/media\/33254"}],"wp:attachment":[{"href":"https:\/\/modestihouse.com\/index.php\/wp-json\/wp\/v2\/media?parent=33098"}],"wp:term":[{"taxonomy":"product_brand","embeddable":true,"href":"https:\/\/modestihouse.com\/index.php\/wp-json\/wp\/v2\/product_brand?post=33098"},{"taxonomy":"product_cat","embeddable":true,"href":"https:\/\/modestihouse.com\/index.php\/wp-json\/wp\/v2\/product_cat?post=33098"},{"taxonomy":"product_tag","embeddable":true,"href":"https:\/\/modestihouse.com\/index.php\/wp-json\/wp\/v2\/product_tag?post=33098"}],"curies":[{"name":"wp","href":"https:\/\/api.w.org\/{rel}","templated":true}]}}