{"id":33164,"date":"2024-10-08T10:15:37","date_gmt":"2024-10-08T08:15:37","guid":{"rendered":"https:\/\/modestihouse.com\/?post_type=product&#038;p=33164"},"modified":"2024-10-08T10:17:15","modified_gmt":"2024-10-08T08:17:15","slug":"zapatero-nepo-3-trampones","status":"publish","type":"product","link":"https:\/\/modestihouse.com\/index.php\/producto\/zapatero-nepo-3-trampones\/","title":{"rendered":"Zapatero Nepo 3 Trampones"},"content":{"rendered":"<p>Parte de\u00a0colecci\u00f3n de muebles modernos NEPO. Con tiradores modernos rectos de metal,\u00a0color\u00a0cambrian intenso con textura pronunciada y\u00a0con los elementos en blanco, ergon\u00f3micos y funcionales son las principales caracter\u00edsticas del conjunto. Los elementos encajan perfectamente en el tono de la entrada, la sala de estar, recibidor, habitaci\u00f3n de los ni\u00f1os y dormitorio, llen\u00e1ndolos con el esp\u00edritu de\u00a0la contempor\u00e1neo.<\/p>\n<p>Colores disponibles: Blanco-Cambrian y Cambrian<\/p>\n<p><strong>Medidas:<\/strong><\/p>\n<p>L69,5 x F17,5 x A120<\/p>\n","protected":false},"excerpt":{"rendered":"<p>Parte de\u00a0colecci\u00f3n de muebles modernos NEPO. Con tiradores modernos rectos de metal,\u00a0color\u00a0cambrian intenso con textura pronunciada y\u00a0con los elementos en<\/p>\n","protected":false},"featured_media":33296,"template":"","meta":[],"product_brand":[],"product_cat":[426],"product_tag":[],"class_list":{"0":"post-33164","1":"product","2":"type-product","3":"status-publish","4":"has-post-thumbnail","6":"product_cat-zapatero","8":"first","9":"instock","10":"sale","11":"shipping-taxable","12":"purchasable","13":"product-type-simple"},"aioseo_notices":[],"_links":{"self":[{"href":"https:\/\/modestihouse.com\/index.php\/wp-json\/wp\/v2\/product\/33164","targetHints":{"allow":["GET"]}}],"collection":[{"href":"https:\/\/modestihouse.com\/index.php\/wp-json\/wp\/v2\/product"}],"about":[{"href":"https:\/\/modestihouse.com\/index.php\/wp-json\/wp\/v2\/types\/product"}],"wp:featuredmedia":[{"embeddable":true,"href":"https:\/\/modestihouse.com\/index.php\/wp-json\/wp\/v2\/media\/33296"}],"wp:attachment":[{"href":"https:\/\/modestihouse.com\/index.php\/wp-json\/wp\/v2\/media?parent=33164"}],"wp:term":[{"taxonomy":"product_brand","embeddable":true,"href":"https:\/\/modestihouse.com\/index.php\/wp-json\/wp\/v2\/product_brand?post=33164"},{"taxonomy":"product_cat","embeddable":true,"href":"https:\/\/modestihouse.com\/index.php\/wp-json\/wp\/v2\/product_cat?post=33164"},{"taxonomy":"product_tag","embeddable":true,"href":"https:\/\/modestihouse.com\/index.php\/wp-json\/wp\/v2\/product_tag?post=33164"}],"curies":[{"name":"wp","href":"https:\/\/api.w.org\/{rel}","templated":true}]}}