{"id":33166,"date":"2024-10-08T10:15:37","date_gmt":"2024-10-08T08:15:37","guid":{"rendered":"https:\/\/modestihouse.com\/?post_type=product&#038;p=33166"},"modified":"2024-10-08T10:17:19","modified_gmt":"2024-10-08T08:17:19","slug":"aparador-bocami-3c-3p-bocamina-natural","status":"publish","type":"product","link":"https:\/\/modestihouse.com\/index.php\/producto\/aparador-bocami-3c-3p-bocamina-natural\/","title":{"rendered":"Aparador Bocami 3C 3P Bocamina\/Natural"},"content":{"rendered":"<p>Aparador\u00a03\u00a0puertas y\u00a03 cajones modelo BOCAMI, color bocamina\/natural.<\/p>\n<p><strong>CARACTER\u00cdSTICAS:<\/strong><\/p>\n<ul>\n<li>Material: Melamina.<\/li>\n<li>Colecci\u00f3n Bocami.<\/li>\n<li>Estilo contempor\u00e1neo.<\/li>\n<li>Se sirve desmontado.<\/li>\n<\/ul>\n<p><strong>Medidas:<\/strong><\/p>\n<p>L180,5 x F40 x A81<\/p>\n","protected":false},"excerpt":{"rendered":"<p>Aparador\u00a03\u00a0puertas y\u00a03 cajones modelo BOCAMI, color bocamina\/natural. CARACTER\u00cdSTICAS: Material: Melamina. Colecci\u00f3n Bocami. Estilo contempor\u00e1neo. Se sirve desmontado. Medidas: L180,5 x<\/p>\n","protected":false},"featured_media":33300,"template":"","meta":[],"product_brand":[],"product_cat":[202],"product_tag":[],"class_list":{"0":"post-33166","1":"product","2":"type-product","3":"status-publish","4":"has-post-thumbnail","6":"product_cat-aparadores","8":"first","9":"instock","10":"sale","11":"shipping-taxable","12":"purchasable","13":"product-type-simple"},"aioseo_notices":[],"_links":{"self":[{"href":"https:\/\/modestihouse.com\/index.php\/wp-json\/wp\/v2\/product\/33166","targetHints":{"allow":["GET"]}}],"collection":[{"href":"https:\/\/modestihouse.com\/index.php\/wp-json\/wp\/v2\/product"}],"about":[{"href":"https:\/\/modestihouse.com\/index.php\/wp-json\/wp\/v2\/types\/product"}],"wp:featuredmedia":[{"embeddable":true,"href":"https:\/\/modestihouse.com\/index.php\/wp-json\/wp\/v2\/media\/33300"}],"wp:attachment":[{"href":"https:\/\/modestihouse.com\/index.php\/wp-json\/wp\/v2\/media?parent=33166"}],"wp:term":[{"taxonomy":"product_brand","embeddable":true,"href":"https:\/\/modestihouse.com\/index.php\/wp-json\/wp\/v2\/product_brand?post=33166"},{"taxonomy":"product_cat","embeddable":true,"href":"https:\/\/modestihouse.com\/index.php\/wp-json\/wp\/v2\/product_cat?post=33166"},{"taxonomy":"product_tag","embeddable":true,"href":"https:\/\/modestihouse.com\/index.php\/wp-json\/wp\/v2\/product_tag?post=33166"}],"curies":[{"name":"wp","href":"https:\/\/api.w.org\/{rel}","templated":true}]}}