{"id":33167,"date":"2024-10-08T10:15:37","date_gmt":"2024-10-08T08:15:37","guid":{"rendered":"https:\/\/modestihouse.com\/?post_type=product&#038;p=33167"},"modified":"2024-10-08T10:17:27","modified_gmt":"2024-10-08T08:17:27","slug":"aparador-nordic-2p-3c-natural-serigrafia","status":"publish","type":"product","link":"https:\/\/modestihouse.com\/index.php\/producto\/aparador-nordic-2p-3c-natural-serigrafia\/","title":{"rendered":"Aparador Nordic 2P 3C Natural\/Serigrafia"},"content":{"rendered":"<p>Aparador Nordic 2 puertas y 3 cajones, color natural\/serigraf\u00eda.<\/p>\n<p><strong><u>CARACTER\u00cdSTICAS:<\/u><\/strong><\/p>\n<ul>\n<li>Peso 40,6 kg.<\/li>\n<li>Material: Melamina.<\/li>\n<li>Colecci\u00f3n Nordic.<\/li>\n<li>Estilo contempor\u00e1neo.<\/li>\n<li>Se sirve desmontado.<br \/>\n<strong>Medidas:<\/strong><\/p>\n<p>L136,3 x F40 x A81<\/li>\n<\/ul>\n","protected":false},"excerpt":{"rendered":"<p>Aparador Nordic 2 puertas y 3 cajones, color natural\/serigraf\u00eda. CARACTER\u00cdSTICAS: Peso 40,6 kg. Material: Melamina. Colecci\u00f3n Nordic. Estilo contempor\u00e1neo. Se<\/p>\n","protected":false},"featured_media":33311,"template":"","meta":[],"product_brand":[],"product_cat":[202],"product_tag":[441],"class_list":{"0":"post-33167","1":"product","2":"type-product","3":"status-publish","4":"has-post-thumbnail","6":"product_cat-aparadores","7":"product_tag-aparador","9":"first","10":"instock","11":"sale","12":"shipping-taxable","13":"purchasable","14":"product-type-simple"},"aioseo_notices":[],"_links":{"self":[{"href":"https:\/\/modestihouse.com\/index.php\/wp-json\/wp\/v2\/product\/33167","targetHints":{"allow":["GET"]}}],"collection":[{"href":"https:\/\/modestihouse.com\/index.php\/wp-json\/wp\/v2\/product"}],"about":[{"href":"https:\/\/modestihouse.com\/index.php\/wp-json\/wp\/v2\/types\/product"}],"wp:featuredmedia":[{"embeddable":true,"href":"https:\/\/modestihouse.com\/index.php\/wp-json\/wp\/v2\/media\/33311"}],"wp:attachment":[{"href":"https:\/\/modestihouse.com\/index.php\/wp-json\/wp\/v2\/media?parent=33167"}],"wp:term":[{"taxonomy":"product_brand","embeddable":true,"href":"https:\/\/modestihouse.com\/index.php\/wp-json\/wp\/v2\/product_brand?post=33167"},{"taxonomy":"product_cat","embeddable":true,"href":"https:\/\/modestihouse.com\/index.php\/wp-json\/wp\/v2\/product_cat?post=33167"},{"taxonomy":"product_tag","embeddable":true,"href":"https:\/\/modestihouse.com\/index.php\/wp-json\/wp\/v2\/product_tag?post=33167"}],"curies":[{"name":"wp","href":"https:\/\/api.w.org\/{rel}","templated":true}]}}