{"id":33238,"date":"2024-10-08T10:16:30","date_gmt":"2024-10-08T08:16:30","guid":{"rendered":"https:\/\/modestihouse.com\/?post_type=product&#038;p=33238"},"modified":"2024-10-08T10:18:07","modified_gmt":"2024-10-08T08:18:07","slug":"aparador-porto-3p-3c-130cm","status":"publish","type":"product","link":"https:\/\/modestihouse.com\/index.php\/producto\/aparador-porto-3p-3c-130cm\/","title":{"rendered":"Aparador Porto 3P 3C 130CM"},"content":{"rendered":"<p>Aparador 3 puertas 3 cajones 130 cm modelo PORTO, color blanco-grafito.<\/p>\n<p>Mobiliario contempor\u00e1neo que encontrar\u00e1 su lugar en cualquier habitaci\u00f3n. Peque\u00f1os tiradores redondos que subrayan la singularidad de los elementos a\u00f1adiendo individualidad.<\/p>\n<p>&nbsp;<\/p>\n<p><strong>Medidas:<\/strong><\/p>\n<p>L128,5 x F40 x A94<\/p>\n","protected":false},"excerpt":{"rendered":"<p>Aparador 3 puertas 3 cajones 130 cm modelo PORTO, color blanco-grafito. Mobiliario contempor\u00e1neo que encontrar\u00e1 su lugar en cualquier habitaci\u00f3n.<\/p>\n","protected":false},"featured_media":33360,"template":"","meta":[],"product_brand":[],"product_cat":[202],"product_tag":[],"class_list":{"0":"post-33238","1":"product","2":"type-product","3":"status-publish","4":"has-post-thumbnail","6":"product_cat-aparadores","8":"first","9":"instock","10":"sale","11":"shipping-taxable","12":"purchasable","13":"product-type-simple"},"aioseo_notices":[],"_links":{"self":[{"href":"https:\/\/modestihouse.com\/index.php\/wp-json\/wp\/v2\/product\/33238","targetHints":{"allow":["GET"]}}],"collection":[{"href":"https:\/\/modestihouse.com\/index.php\/wp-json\/wp\/v2\/product"}],"about":[{"href":"https:\/\/modestihouse.com\/index.php\/wp-json\/wp\/v2\/types\/product"}],"wp:featuredmedia":[{"embeddable":true,"href":"https:\/\/modestihouse.com\/index.php\/wp-json\/wp\/v2\/media\/33360"}],"wp:attachment":[{"href":"https:\/\/modestihouse.com\/index.php\/wp-json\/wp\/v2\/media?parent=33238"}],"wp:term":[{"taxonomy":"product_brand","embeddable":true,"href":"https:\/\/modestihouse.com\/index.php\/wp-json\/wp\/v2\/product_brand?post=33238"},{"taxonomy":"product_cat","embeddable":true,"href":"https:\/\/modestihouse.com\/index.php\/wp-json\/wp\/v2\/product_cat?post=33238"},{"taxonomy":"product_tag","embeddable":true,"href":"https:\/\/modestihouse.com\/index.php\/wp-json\/wp\/v2\/product_tag?post=33238"}],"curies":[{"name":"wp","href":"https:\/\/api.w.org\/{rel}","templated":true}]}}