{"id":33273,"date":"2024-10-08T10:16:58","date_gmt":"2024-10-08T08:16:58","guid":{"rendered":"https:\/\/modestihouse.com\/?post_type=product&#038;p=33273"},"modified":"2024-10-08T10:18:50","modified_gmt":"2024-10-08T08:18:50","slug":"chaiselongue-zeus-3p","status":"publish","type":"product","link":"https:\/\/modestihouse.com\/index.php\/producto\/chaiselongue-zeus-3p\/","title":{"rendered":"Chaiselongue Zeus 3P"},"content":{"rendered":"<p>Un sof\u00e1 con gran presencia, ya que sus l\u00edneas rectas y sus patas altas met\u00e1licas en negro, lo har\u00e1n uno de los puntos centrales del sal\u00f3n. Adem\u00e1s, sus asientos deslizantes podr\u00e1s extraerlos para relajarte a tu gusto, como tambi\u00e9n adaptar los cojines de respaldo haci\u00e9ndolo muy c\u00f3modo.<\/p>\n<p>El Chaiselongue Zeus es un elegante y funcional mueble que combina comodidad y estilo. Su armaz\u00f3n de pino gallego y costados de tablero de part\u00edculas garantizan durabilidad y resistencia. El bastidor cuenta con un mecanismo superdeslizante, muelle zig-zag y ruedas al suelo, lo que facilita su uso diario.<\/p>\n<p>Los respaldos y cojines decorativos est\u00e1n rellenos de fibra al 100%, brindando un soporte suave y acogedor. Los asientos, con gomaespuma D-30 kg recubierta de fibra, ofrecen una experiencia de sentado excepcional.<\/p>\n<p>\u00bfNecesitas espacio adicional para descansar o recibir invitados? \u00a1No hay problema! Al abrir los deslizantes del sof\u00e1, la chaise se convierte en una c\u00f3moda cama. Adem\u00e1s, su pie dise\u00f1o en negro mate de 12 cm de altura a\u00f1ade un toque moderno y sofisticado.<\/p>\n<p><strong>CARACTER\u00cdSTICAS:<\/strong><\/p>\n<ul>\n<li>Armaz\u00f3n de pino gallego y costados de tablero de part\u00edculas.<\/li>\n<li>Bastidor con mecanismo superdeslizante con muelle zig-zag y ruedas al suelo.<\/li>\n<li>Respaldos y cojines decorativos de fibra 100%.<\/li>\n<li>Asientos de gomaespuma D-30 kg. rcubiertos de fibra.<\/li>\n<li>Al abrir los deslizantes del sof\u00e1, la chaise se convierte en cama.<\/li>\n<li>Pie Oslo dise\u00f1o en negro mate h12 cm.<\/li>\n<\/ul>\n<p>Disponibles en Colores: Beige y Acero<\/p>\n<p><strong>Medidas:\u00a0<\/strong>L300 x F145 x A105<\/p>\n","protected":false},"excerpt":{"rendered":"<p>Un sof\u00e1 con gran presencia, ya que sus l\u00edneas rectas y sus patas altas met\u00e1licas en negro, lo har\u00e1n uno<\/p>\n","protected":false},"featured_media":33401,"template":"","meta":[],"product_brand":[],"product_cat":[262,255],"product_tag":[],"class_list":{"0":"post-33273","1":"product","2":"type-product","3":"status-publish","4":"has-post-thumbnail","6":"product_cat-chaiselongue-cama-y-sofa-cama","7":"product_cat-chaiselongues","9":"first","10":"instock","11":"sale","12":"shipping-taxable","13":"purchasable","14":"product-type-simple"},"aioseo_notices":[],"_links":{"self":[{"href":"https:\/\/modestihouse.com\/index.php\/wp-json\/wp\/v2\/product\/33273","targetHints":{"allow":["GET"]}}],"collection":[{"href":"https:\/\/modestihouse.com\/index.php\/wp-json\/wp\/v2\/product"}],"about":[{"href":"https:\/\/modestihouse.com\/index.php\/wp-json\/wp\/v2\/types\/product"}],"wp:featuredmedia":[{"embeddable":true,"href":"https:\/\/modestihouse.com\/index.php\/wp-json\/wp\/v2\/media\/33401"}],"wp:attachment":[{"href":"https:\/\/modestihouse.com\/index.php\/wp-json\/wp\/v2\/media?parent=33273"}],"wp:term":[{"taxonomy":"product_brand","embeddable":true,"href":"https:\/\/modestihouse.com\/index.php\/wp-json\/wp\/v2\/product_brand?post=33273"},{"taxonomy":"product_cat","embeddable":true,"href":"https:\/\/modestihouse.com\/index.php\/wp-json\/wp\/v2\/product_cat?post=33273"},{"taxonomy":"product_tag","embeddable":true,"href":"https:\/\/modestihouse.com\/index.php\/wp-json\/wp\/v2\/product_tag?post=33273"}],"curies":[{"name":"wp","href":"https:\/\/api.w.org\/{rel}","templated":true}]}}