{"id":33276,"date":"2024-10-08T10:16:59","date_gmt":"2024-10-08T08:16:59","guid":{"rendered":"https:\/\/modestihouse.com\/?post_type=product&#038;p=33276"},"modified":"2024-10-08T10:18:59","modified_gmt":"2024-10-08T08:18:59","slug":"sofa-comfy-4p-tap-serpente","status":"publish","type":"product","link":"https:\/\/modestihouse.com\/index.php\/producto\/sofa-comfy-4p-tap-serpente\/","title":{"rendered":"Sofa Comfy 4P Tap. Serpente"},"content":{"rendered":"<p>El sof\u00e1 Comfy destaca no solo por la calidad de sus rellenos, si no que tambi\u00e9n tiene cabezales reclinables, lo que te permite junto con los asientos\u00a0extra\u00edbles, adaptar tu confort en todo momento.<\/p>\n<p>El sof\u00e1 Comfy es un modelo que es completamente desenfundable gracias a las cremalleras en todas las partes, excepto el armaz\u00f3n, lo que facilita su limpieza. El armaz\u00f3n est\u00e1 hecho de madera de pino y tablero de part\u00edculas, garantizando una estructura robusta y duradera. Los mecanismos incluyen almohadones de asiento extra\u00edbles con un sistema de tubo de hierro, patas met\u00e1licas con ruedas y un respaldo reclinable con bisagras met\u00e1licas, mientras que la base del asiento con muelle Zig-Zag en un marco met\u00e1lico extra\u00edble asegura un soporte firme.<\/p>\n<p>El respaldo cuenta con un sistema cinchado, y los almohadones est\u00e1n rellenos de fibra hueca de poli\u00e9ster siliconizada de alta recuperaci\u00f3n y rizamiento tridimensional, embolsada en fundas de tejido sin tejer y cerradas con cremallera, ofreciendo un respaldo suave y c\u00f3modo. Las almohadas del asiento, hechas de un bloque de espuma de 30 Kg\/m\u00b3, proporcionan un equilibrio ideal entre firmeza y confort. Con materiales de alta calidad y un dise\u00f1o funcional, el sof\u00e1 Comfy est\u00e1 dise\u00f1ado para brindar el m\u00e1ximo confort y durabilidad.<\/p>\n<p><strong>CARACTER\u00cdSTICAS:<\/strong><\/p>\n<ul>\n<li>Desenfundable: Todo con cremalleras menos armaz\u00f3n.<\/li>\n<li>Armaz\u00f3n: Madera de pino y tablero de part\u00edculas.<\/li>\n<li>Mecanismos: En almohadones de asiento extra\u00edbles con sistema de tubo de hierro con patas met\u00e1licas al suelo con ruedas. En respaldo sistema reclinable met\u00e1lico con bisagras.<\/li>\n<li>Patas: Met\u00e1licas.<\/li>\n<li>Base Asiento: Muelle Zig-Zag en marco met\u00e1lico extra\u00edble.<\/li>\n<li>Base Respaldo: Cinchado.<\/li>\n<li>Almohadones respaldo: Fibra hueca de poli\u00e9ster siliconizada de alta recuperaci\u00f3n y rizamiento tridimensional. Embolsada con fundas de tejido sintejer cosido y cerrado con cremallera.<\/li>\n<li>Almohadas de asiento: Bloque de espuma de 30 Kg\/m.3.<\/li>\n<li>Brazo extra\u00edble opcional bajo pedido.<\/li>\n<\/ul>\n<p>Colores Disponibles: Arena y Smoke<\/p>\n<p><strong>Medidas:<\/strong>\u00a0L288 x F106 x A105<\/p>\n","protected":false},"excerpt":{"rendered":"<p>El sof\u00e1 Comfy destaca no solo por la calidad de sus rellenos, si no que tambi\u00e9n tiene cabezales reclinables, lo<\/p>\n","protected":false},"featured_media":33417,"template":"","meta":[],"product_brand":[],"product_cat":[435,402],"product_tag":[],"class_list":{"0":"post-33276","1":"product","2":"type-product","3":"status-publish","4":"has-post-thumbnail","6":"product_cat-sofa","7":"product_cat-sofa-4p","9":"first","10":"instock","11":"sale","12":"shipping-taxable","13":"purchasable","14":"product-type-simple"},"aioseo_notices":[],"_links":{"self":[{"href":"https:\/\/modestihouse.com\/index.php\/wp-json\/wp\/v2\/product\/33276","targetHints":{"allow":["GET"]}}],"collection":[{"href":"https:\/\/modestihouse.com\/index.php\/wp-json\/wp\/v2\/product"}],"about":[{"href":"https:\/\/modestihouse.com\/index.php\/wp-json\/wp\/v2\/types\/product"}],"wp:featuredmedia":[{"embeddable":true,"href":"https:\/\/modestihouse.com\/index.php\/wp-json\/wp\/v2\/media\/33417"}],"wp:attachment":[{"href":"https:\/\/modestihouse.com\/index.php\/wp-json\/wp\/v2\/media?parent=33276"}],"wp:term":[{"taxonomy":"product_brand","embeddable":true,"href":"https:\/\/modestihouse.com\/index.php\/wp-json\/wp\/v2\/product_brand?post=33276"},{"taxonomy":"product_cat","embeddable":true,"href":"https:\/\/modestihouse.com\/index.php\/wp-json\/wp\/v2\/product_cat?post=33276"},{"taxonomy":"product_tag","embeddable":true,"href":"https:\/\/modestihouse.com\/index.php\/wp-json\/wp\/v2\/product_tag?post=33276"}],"curies":[{"name":"wp","href":"https:\/\/api.w.org\/{rel}","templated":true}]}}