{"id":33277,"date":"2024-10-08T10:16:59","date_gmt":"2024-10-08T08:16:59","guid":{"rendered":"https:\/\/modestihouse.com\/?post_type=product&#038;p=33277"},"modified":"2024-10-08T10:19:00","modified_gmt":"2024-10-08T08:19:00","slug":"libreria-porto-2p-1c-3e-90cm","status":"publish","type":"product","link":"https:\/\/modestihouse.com\/index.php\/producto\/libreria-porto-2p-1c-3e-90cm\/","title":{"rendered":"Libreria Porto 2P 1C 3E 90CM"},"content":{"rendered":"<p>Librer\u00eda 2 puertas 1 caj\u00f3n 3 estantes 90 cm modelo PORTO, color blanco-grafito.<\/p>\n<p>Mobiliario contempor\u00e1neo que encontrar\u00e1 su lugar en cualquier habitaci\u00f3n. Peque\u00f1os tiradores redondos que subrayan la singularidad de los elementos a\u00f1adiendo individualidad.<\/p>\n<p>&nbsp;<\/p>\n<p><strong>Medidas:<\/strong><\/p>\n<p>L88,5 x F40 x A199,5<\/p>\n","protected":false},"excerpt":{"rendered":"<p>Librer\u00eda 2 puertas 1 caj\u00f3n 3 estantes 90 cm modelo PORTO, color blanco-grafito. Mobiliario contempor\u00e1neo que encontrar\u00e1 su lugar en<\/p>\n","protected":false},"featured_media":33419,"template":"","meta":[],"product_brand":[],"product_cat":[416],"product_tag":[],"class_list":{"0":"post-33277","1":"product","2":"type-product","3":"status-publish","4":"has-post-thumbnail","6":"product_cat-libreria","8":"first","9":"instock","10":"sale","11":"shipping-taxable","12":"purchasable","13":"product-type-simple"},"aioseo_notices":[],"_links":{"self":[{"href":"https:\/\/modestihouse.com\/index.php\/wp-json\/wp\/v2\/product\/33277","targetHints":{"allow":["GET"]}}],"collection":[{"href":"https:\/\/modestihouse.com\/index.php\/wp-json\/wp\/v2\/product"}],"about":[{"href":"https:\/\/modestihouse.com\/index.php\/wp-json\/wp\/v2\/types\/product"}],"wp:featuredmedia":[{"embeddable":true,"href":"https:\/\/modestihouse.com\/index.php\/wp-json\/wp\/v2\/media\/33419"}],"wp:attachment":[{"href":"https:\/\/modestihouse.com\/index.php\/wp-json\/wp\/v2\/media?parent=33277"}],"wp:term":[{"taxonomy":"product_brand","embeddable":true,"href":"https:\/\/modestihouse.com\/index.php\/wp-json\/wp\/v2\/product_brand?post=33277"},{"taxonomy":"product_cat","embeddable":true,"href":"https:\/\/modestihouse.com\/index.php\/wp-json\/wp\/v2\/product_cat?post=33277"},{"taxonomy":"product_tag","embeddable":true,"href":"https:\/\/modestihouse.com\/index.php\/wp-json\/wp\/v2\/product_tag?post=33277"}],"curies":[{"name":"wp","href":"https:\/\/api.w.org\/{rel}","templated":true}]}}