{"id":33303,"date":"2024-10-08T10:17:23","date_gmt":"2024-10-08T08:17:23","guid":{"rendered":"https:\/\/modestihouse.com\/?post_type=product&#038;p=33303"},"modified":"2024-10-08T10:19:06","modified_gmt":"2024-10-08T08:19:06","slug":"mini-composicion-de-salon-alaska-215m-c-blanco","status":"publish","type":"product","link":"https:\/\/modestihouse.com\/index.php\/producto\/mini-composicion-de-salon-alaska-215m-c-blanco\/","title":{"rendered":"Mini Composicion de Salon Alaska 2,15M C\/Blanco"},"content":{"rendered":"<p>Composici\u00f3n apilable de sal\u00f3n modelo ALASKA MINI, color blanco e iluminaci\u00f3n led.<\/p>\n<p>Composici\u00f3n de mobiliario moderno y funcional. Color blanco brillo y vitrinas iluminadas con luces led que llaman la atenci\u00f3n. Este conjunto encajar\u00e1 perfectamente con cualquier sala de estar. Tambi\u00e9n est\u00e1 disponible el aparador del mismo estilo para poder combinarlos.<\/p>\n<p>&nbsp;<\/p>\n<p><strong>Medidas:\u00a0<\/strong>L215 x F40 x A170<\/p>\n","protected":false},"excerpt":{"rendered":"<p>Composici\u00f3n apilable de sal\u00f3n modelo ALASKA MINI, color blanco e iluminaci\u00f3n led. Composici\u00f3n de mobiliario moderno y funcional. Color blanco<\/p>\n","protected":false},"featured_media":33420,"template":"","meta":[],"product_brand":[],"product_cat":[438,78],"product_tag":[],"class_list":{"0":"post-33303","1":"product","2":"type-product","3":"status-publish","4":"has-post-thumbnail","6":"product_cat-composicion-de-salon","7":"product_cat-composiciones-de-salon","9":"first","10":"instock","11":"sale","12":"shipping-taxable","13":"purchasable","14":"product-type-simple"},"aioseo_notices":[],"_links":{"self":[{"href":"https:\/\/modestihouse.com\/index.php\/wp-json\/wp\/v2\/product\/33303","targetHints":{"allow":["GET"]}}],"collection":[{"href":"https:\/\/modestihouse.com\/index.php\/wp-json\/wp\/v2\/product"}],"about":[{"href":"https:\/\/modestihouse.com\/index.php\/wp-json\/wp\/v2\/types\/product"}],"wp:featuredmedia":[{"embeddable":true,"href":"https:\/\/modestihouse.com\/index.php\/wp-json\/wp\/v2\/media\/33420"}],"wp:attachment":[{"href":"https:\/\/modestihouse.com\/index.php\/wp-json\/wp\/v2\/media?parent=33303"}],"wp:term":[{"taxonomy":"product_brand","embeddable":true,"href":"https:\/\/modestihouse.com\/index.php\/wp-json\/wp\/v2\/product_brand?post=33303"},{"taxonomy":"product_cat","embeddable":true,"href":"https:\/\/modestihouse.com\/index.php\/wp-json\/wp\/v2\/product_cat?post=33303"},{"taxonomy":"product_tag","embeddable":true,"href":"https:\/\/modestihouse.com\/index.php\/wp-json\/wp\/v2\/product_tag?post=33303"}],"curies":[{"name":"wp","href":"https:\/\/api.w.org\/{rel}","templated":true}]}}