{"id":33304,"date":"2024-10-08T10:17:23","date_gmt":"2024-10-08T08:17:23","guid":{"rendered":"https:\/\/modestihouse.com\/?post_type=product&#038;p=33304"},"modified":"2024-10-08T10:19:21","modified_gmt":"2024-10-08T08:19:21","slug":"litera-montessori-valka-c-casita","status":"publish","type":"product","link":"https:\/\/modestihouse.com\/index.php\/producto\/litera-montessori-valka-c-casita\/","title":{"rendered":"Litera Montessori Valka C\/Casita"},"content":{"rendered":"<p>La litera casita Valka se distingue por su originalidad, presentando una cama baja que promueve la independencia de los ni\u00f1os y una cama en altura pensada para los mayores, convirtiendo el dormitorio en un lugar divertido y vers\u00e1til. Su dise\u00f1o unisex y atemporal se integra a la perfecci\u00f3n con los colores disponibles que puedes elegir, ambos ideales para complementar cualquier estilo de decoraci\u00f3n en la habitaci\u00f3n.<\/p>\n<p>Colores Disponibles: Blanco\/Cera Blanca y Verde Kakki 444\/Cera Blanca<\/p>\n<p><strong><u>CARACTER\u00cdSTICAS:<\/u><\/strong><\/p>\n<ul>\n<li>Peso\u00a063,2 kg.<\/li>\n<li>Material DM\/Pino.<\/li>\n<li>Estilo contempor\u00e1neo.<\/li>\n<li><strong>Medidas:\u00a0<\/strong>L197,4 x F103,4 x A174,9<\/li>\n<\/ul>\n","protected":false},"excerpt":{"rendered":"<p>La litera casita Valka se distingue por su originalidad, presentando una cama baja que promueve la independencia de los ni\u00f1os<\/p>\n","protected":false},"featured_media":33430,"template":"","meta":[],"product_brand":[],"product_cat":[115],"product_tag":[],"class_list":{"0":"post-33304","1":"product","2":"type-product","3":"status-publish","4":"has-post-thumbnail","6":"product_cat-literas","8":"first","9":"instock","10":"sale","11":"shipping-taxable","12":"purchasable","13":"product-type-simple"},"aioseo_notices":[],"_links":{"self":[{"href":"https:\/\/modestihouse.com\/index.php\/wp-json\/wp\/v2\/product\/33304","targetHints":{"allow":["GET"]}}],"collection":[{"href":"https:\/\/modestihouse.com\/index.php\/wp-json\/wp\/v2\/product"}],"about":[{"href":"https:\/\/modestihouse.com\/index.php\/wp-json\/wp\/v2\/types\/product"}],"wp:featuredmedia":[{"embeddable":true,"href":"https:\/\/modestihouse.com\/index.php\/wp-json\/wp\/v2\/media\/33430"}],"wp:attachment":[{"href":"https:\/\/modestihouse.com\/index.php\/wp-json\/wp\/v2\/media?parent=33304"}],"wp:term":[{"taxonomy":"product_brand","embeddable":true,"href":"https:\/\/modestihouse.com\/index.php\/wp-json\/wp\/v2\/product_brand?post=33304"},{"taxonomy":"product_cat","embeddable":true,"href":"https:\/\/modestihouse.com\/index.php\/wp-json\/wp\/v2\/product_cat?post=33304"},{"taxonomy":"product_tag","embeddable":true,"href":"https:\/\/modestihouse.com\/index.php\/wp-json\/wp\/v2\/product_tag?post=33304"}],"curies":[{"name":"wp","href":"https:\/\/api.w.org\/{rel}","templated":true}]}}