{"id":33305,"date":"2024-10-08T10:17:23","date_gmt":"2024-10-08T08:17:23","guid":{"rendered":"https:\/\/modestihouse.com\/?post_type=product&#038;p=33305"},"modified":"2024-10-08T10:19:24","modified_gmt":"2024-10-08T08:19:24","slug":"litera-valka-90-y-de-140x190","status":"publish","type":"product","link":"https:\/\/modestihouse.com\/index.php\/producto\/litera-valka-90-y-de-140x190\/","title":{"rendered":"Litera Valka 90 Y de 140&#215;190"},"content":{"rendered":"<p>Esta litera es muy \u00fatil para los apartamentos y espacios reducidos, ideal tanto para familias numerosas como para recibir invitados, e incluso para casas de veraneo. Su dise\u00f1o est\u00e1 pensado para optimizar el espacio al m\u00e1ximo. Con dos superficies de diferentes medidas, es una combinaci\u00f3n de cama juvenil doble de 140 x 190 cm en parte inferior, con una cama individual de 90 x 190 cm en la parte superior, lo que permite que dos personas descansen c\u00f3modamente en la parte inferior mientras que otra persona lo hace en la superior.<\/p>\n<p>Colores Disponibles: Blanco\/Cera Blanca y Verde Kakki 444\/Cera Blanca<\/p>\n<p><strong><u>CARACTER\u00cdSTICAS:<\/u><\/strong><\/p>\n<ul>\n<li>Peso\u00a069,3 kg.<\/li>\n<li>Material DM\/Pino.<\/li>\n<li>Estilo contempor\u00e1neo.<\/li>\n<li>Se sirve desmontado.<\/li>\n<li><strong>Colchones no incluidos.<\/strong><\/li>\n<\/ul>\n<p><strong>Medidas:\u00a0<\/strong>L202 x F156,4 x A142<\/p>\n","protected":false},"excerpt":{"rendered":"<p>Esta litera es muy \u00fatil para los apartamentos y espacios reducidos, ideal tanto para familias numerosas como para recibir invitados,<\/p>\n","protected":false},"featured_media":33438,"template":"","meta":[],"product_brand":[],"product_cat":[388,115],"product_tag":[],"class_list":{"0":"post-33305","1":"product","2":"type-product","3":"status-publish","4":"has-post-thumbnail","6":"product_cat-litera","7":"product_cat-literas","9":"first","10":"instock","11":"sale","12":"shipping-taxable","13":"purchasable","14":"product-type-simple"},"aioseo_notices":[],"_links":{"self":[{"href":"https:\/\/modestihouse.com\/index.php\/wp-json\/wp\/v2\/product\/33305","targetHints":{"allow":["GET"]}}],"collection":[{"href":"https:\/\/modestihouse.com\/index.php\/wp-json\/wp\/v2\/product"}],"about":[{"href":"https:\/\/modestihouse.com\/index.php\/wp-json\/wp\/v2\/types\/product"}],"wp:featuredmedia":[{"embeddable":true,"href":"https:\/\/modestihouse.com\/index.php\/wp-json\/wp\/v2\/media\/33438"}],"wp:attachment":[{"href":"https:\/\/modestihouse.com\/index.php\/wp-json\/wp\/v2\/media?parent=33305"}],"wp:term":[{"taxonomy":"product_brand","embeddable":true,"href":"https:\/\/modestihouse.com\/index.php\/wp-json\/wp\/v2\/product_brand?post=33305"},{"taxonomy":"product_cat","embeddable":true,"href":"https:\/\/modestihouse.com\/index.php\/wp-json\/wp\/v2\/product_cat?post=33305"},{"taxonomy":"product_tag","embeddable":true,"href":"https:\/\/modestihouse.com\/index.php\/wp-json\/wp\/v2\/product_tag?post=33305"}],"curies":[{"name":"wp","href":"https:\/\/api.w.org\/{rel}","templated":true}]}}