{"id":33369,"date":"2024-10-08T10:18:14","date_gmt":"2024-10-08T08:18:14","guid":{"rendered":"https:\/\/modestihouse.com\/?post_type=product&#038;p=33369"},"modified":"2024-10-08T10:20:37","modified_gmt":"2024-10-08T08:20:37","slug":"colchoneta-topper-visco","status":"publish","type":"product","link":"https:\/\/modestihouse.com\/index.php\/producto\/colchoneta-topper-visco\/","title":{"rendered":"Colchoneta Topper Visco"},"content":{"rendered":"<p>Colch\u00f3n Mod. TOPPER VISCO, Plancha visco en acolchado. Tejido Stretch con espumaci\u00f3n Soft y fibra 300 grs.<\/p>\n<p>Topper Visco combina la suavidad del tejido Aloe Vera y el confort extra que tu colch\u00f3n necesita gracias a su plancha de Viscoel\u00e1stica junto a una c\u00f3moda acogida de su acolchado de espuma super-soft alta densidad y fibra thermo se adapta a todo el contorno del cuerpo. Elimina la presi\u00f3n sobre las 9 zonas de apoyo para una descanso c\u00f3modo y de calidad. Revitaliza tu colch\u00f3n con este complemento de acolchado extra \u00abefecto nube\u00bb con 4 gomas el\u00e1sticas perfectamente adaptables a todos los modelos y alturas de colch\u00f3n. En la cara inferior tejido rejilla 3D AIR System de m\u00e1xima transpiraci\u00f3n favoreciendo la circulaci\u00f3n del aire.<br \/>\nAltura total del colch\u00f3n 5 cm aprox.<\/p>\n<ul>\n<li>1.\u00a0\u00a0\u00a0 TEJIDO STRECH aloe vera<\/li>\n<li>2.\u00a0\u00a0\u00a0 VISCOEL\u00c1STICA AD<\/li>\n<li>3.\u00a0\u00a0\u00a0 S\u00daPER SOFT AD<\/li>\n<li>4.\u00a0\u00a0\u00a0 FIBRA THERMO<\/li>\n<li>5.\u00a0\u00a0\u00a0 TEJIDO INFERIOR 3D AIR<\/li>\n<li>6.\u00a0\u00a0\u00a0\u00a04 GOMAS EL\u00c1STICAS<\/li>\n<li>(adaptables para todos los colchones)<\/li>\n<\/ul>\n<p>&nbsp;<\/p>\n<p><img decoding=\"async\" class=\"\" src=\"https:\/\/arehogar.es\/img\/cms\/caracteristicas\/toppervisco.jpg\" alt=\"capas topper visco\" width=\"173\" height=\"134\" \/><img decoding=\"async\" class=\"alignleft\" src=\"https:\/\/arehogar.es\/img\/cms\/caracteristicas\/toppervisco-cats.jpg\" alt=\"Caracteristicas Topper Visco\" width=\"204\" height=\"128\" \/><\/p>\n","protected":false},"excerpt":{"rendered":"<p>Haz de tu hogar un lugar para disfrutar y relajarte con ModestiHouse! Topper Visco combina la suavidad del tejido Aloe Vera y el confort extra que tu colch n necesita gracias a su plancha de Viscoel stica junto a una c moda acogida de su acolchado de espuma super-soft alta densidad y fibra thermo se adapta a todo el contorno del cuerpo. Elimina la presi n sobre las 9 zonas de apoyo para una descanso c modo y de calidad. Revitaliza tu colch n con este complemento de acolchado extra \u00abefecto nube\u00bb con 4 gomas el sticas perfectamente adaptables a todos los modelos y alturas de colch n. En la cara inferior tejido rejilla 3D AIR System de m xima transpiraci n favoreciendo la circulaci n del aire.<\/p>\n<p>Altura total del colch n 5 cm aprox.<\/p>\n<ul>\n<li>1. TEJIDO STRECH aloe vera<\/li>\n<li>2. VISCOEL STICA AD<\/li>\n<li>3. S PER SOFT AD<\/li>\n<li>4. FIBRA THERMO<\/li>\n<li>5. TEJIDO INFERIOR 3D AIR<\/li>\n<li>6. 4 GOMAS EL STICAS<\/li>\n<li>(adaptables para todos los colchones)<\/li>\n<\/ul>\n<p>Transforma tu hogar en un oasis de comodidad y estilo con los exquisitos muebles de ModestiHouse<\/p>\n","protected":false},"featured_media":33476,"template":"","meta":[],"product_brand":[],"product_cat":[111,112,460],"product_tag":[],"class_list":{"0":"post-33369","1":"product","2":"type-product","3":"status-publish","4":"has-post-thumbnail","6":"product_cat-colchones","7":"product_cat-colchones-hr","8":"product_cat-topper","10":"first","11":"instock","12":"shipping-taxable","13":"product-type-variable"},"aioseo_notices":[],"_links":{"self":[{"href":"https:\/\/modestihouse.com\/index.php\/wp-json\/wp\/v2\/product\/33369","targetHints":{"allow":["GET"]}}],"collection":[{"href":"https:\/\/modestihouse.com\/index.php\/wp-json\/wp\/v2\/product"}],"about":[{"href":"https:\/\/modestihouse.com\/index.php\/wp-json\/wp\/v2\/types\/product"}],"wp:featuredmedia":[{"embeddable":true,"href":"https:\/\/modestihouse.com\/index.php\/wp-json\/wp\/v2\/media\/33476"}],"wp:attachment":[{"href":"https:\/\/modestihouse.com\/index.php\/wp-json\/wp\/v2\/media?parent=33369"}],"wp:term":[{"taxonomy":"product_brand","embeddable":true,"href":"https:\/\/modestihouse.com\/index.php\/wp-json\/wp\/v2\/product_brand?post=33369"},{"taxonomy":"product_cat","embeddable":true,"href":"https:\/\/modestihouse.com\/index.php\/wp-json\/wp\/v2\/product_cat?post=33369"},{"taxonomy":"product_tag","embeddable":true,"href":"https:\/\/modestihouse.com\/index.php\/wp-json\/wp\/v2\/product_tag?post=33369"}],"curies":[{"name":"wp","href":"https:\/\/api.w.org\/{rel}","templated":true}]}}