{"id":33399,"date":"2024-10-08T10:18:45","date_gmt":"2024-10-08T08:18:45","guid":{"rendered":"https:\/\/modestihouse.com\/?post_type=product&#038;p=33399"},"modified":"2024-11-05T17:04:49","modified_gmt":"2024-11-05T16:04:49","slug":"colchon-natural","status":"publish","type":"product","link":"https:\/\/modestihouse.com\/index.php\/producto\/colchon-natural\/","title":{"rendered":"COLCHON NATURAL"},"content":{"rendered":"<div class=\"flex flex-grow flex-col max-w-full\">\n<div class=\"min-h-[20px] text-message flex w-full flex-col items-end gap-2 whitespace-pre-wrap break-words [.text-message+&amp;]:mt-5 overflow-x-auto\" dir=\"auto\" data-message-author-role=\"assistant\" data-message-id=\"dff480c3-56b1-4999-9578-936475749360\">\n<div class=\"flex w-full flex-col gap-1 empty:hidden first:pt-[3px]\">\n<div class=\"markdown prose w-full break-words dark:prose-invert light\">\n<p>Este <strong>colch\u00f3n de muelle ensacado<\/strong> combina tecnolog\u00eda avanzada con materiales de alta calidad para ofrecer una experiencia de descanso inigualable. Los <strong>680 muelles ensacados<\/strong> (para tama\u00f1o 150&#215;190 cm) proporcionan una adaptabilidad precisa a los movimientos del cuerpo, reduciendo la transferencia de movimiento, lo que es ideal para parejas. Su n\u00facleo incluye varias capas de <strong>espuma de alta densidad (28 K)<\/strong> y <strong>viscoel\u00e1stica de 0.5 cm<\/strong>, que alivia los puntos de presi\u00f3n y mejora el confort.<\/p>\n<p>El <strong>tejido Stretch<\/strong> en ambas tapas proporciona suavidad y elasticidad, mientras que la <strong>fibra de 420 gramos<\/strong> asegura una excelente transpirabilidad, manteniendo una temperatura \u00f3ptima durante el sue\u00f1o. La estructura <strong>reforzada con espuma<\/strong> y <strong>TNT<\/strong> asegura durabilidad, haciendo de este colch\u00f3n una inversi\u00f3n a largo plazo.<\/p>\n<h3>Compra colchones en Tenerife<\/h3>\n<p>En nuestra <strong>tienda de colchones en Tenerife<\/strong>, encontrar\u00e1s este modelo y muchas otras opciones que se adaptan a todo tipo de necesidades. Ofrecemos productos con env\u00edo r\u00e1pido, garant\u00eda de calidad y precios competitivos. Ya sea que busques mayor firmeza, suavidad o soporte especializado, tenemos el colch\u00f3n ideal para ti. Ven y experimenta la diferencia en comodidad y descanso.<\/p>\n<\/div>\n<\/div>\n<\/div>\n<\/div>\n","protected":false},"excerpt":{"rendered":"<div class=\"flex flex-grow flex-col max-w-full\">\n<div class=\"min-h-[20px] text-message flex w-full flex-col items-end gap-2 whitespace-pre-wrap break-words [.text-message+&amp;]:mt-5 overflow-x-auto\" dir=\"auto\" data-message-author-role=\"assistant\" data-message-id=\"dff480c3-56b1-4999-9578-936475749360\">\n<div class=\"flex w-full flex-col gap-1 empty:hidden first:pt-[3px]\">\n<div class=\"markdown prose w-full break-words dark:prose-invert light\">\n<p>Este <strong>colch\u00f3n de muelle ensacado<\/strong> combina tecnolog\u00eda avanzada con materiales de alta calidad para ofrecer una experiencia de descanso inigualable. Los <strong>680 muelles ensacados<\/strong> (para tama\u00f1o 150&#215;190 cm) proporcionan una adaptabilidad precisa a los movimientos del cuerpo, reduciendo la transferencia de movimiento, lo que es ideal para parejas. Su n\u00facleo incluye varias capas de <strong>espuma de alta densidad (28 K)<\/strong> y <strong>viscoel\u00e1stica de 0.5 cm<\/strong>, que alivia los puntos de presi\u00f3n y mejora el confort.<\/p>\n<p>El <strong>tejido Stretch<\/strong> en ambas tapas proporciona suavidad y elasticidad, mientras que la <strong>fibra de 420 gramos<\/strong> asegura una excelente transpirabilidad, manteniendo una temperatura \u00f3ptima durante el sue\u00f1o. La estructura <strong>reforzada con espuma<\/strong> y <strong>TNT<\/strong> asegura durabilidad, haciendo de este colch\u00f3n una inversi\u00f3n a largo plazo.<\/p>\n<h3>Compra colchones en Tenerife<\/h3>\n<p>En nuestra <strong>tienda de colchones en Tenerife<\/strong>, encontrar\u00e1s este modelo y muchas otras opciones que se adaptan a todo tipo de necesidades. Ofrecemos productos con env\u00edo r\u00e1pido, garant\u00eda de calidad y precios competitivos. Ya sea que busques mayor firmeza, suavidad o soporte especializado, tenemos el colch\u00f3n ideal para ti. Ven y experimenta la diferencia en comodidad y descanso.<\/p>\n<\/div>\n<\/div>\n<\/div>\n<\/div>\n","protected":false},"featured_media":33493,"template":"","meta":[],"product_brand":[],"product_cat":[111,180],"product_tag":[],"class_list":{"0":"post-33399","1":"product","2":"type-product","3":"status-publish","4":"has-post-thumbnail","6":"product_cat-colchones","7":"product_cat-colchones-muelles","9":"first","10":"instock","11":"shipping-taxable","12":"purchasable","13":"product-type-variable","14":"has-default-attributes"},"aioseo_notices":[],"_links":{"self":[{"href":"https:\/\/modestihouse.com\/index.php\/wp-json\/wp\/v2\/product\/33399","targetHints":{"allow":["GET"]}}],"collection":[{"href":"https:\/\/modestihouse.com\/index.php\/wp-json\/wp\/v2\/product"}],"about":[{"href":"https:\/\/modestihouse.com\/index.php\/wp-json\/wp\/v2\/types\/product"}],"wp:featuredmedia":[{"embeddable":true,"href":"https:\/\/modestihouse.com\/index.php\/wp-json\/wp\/v2\/media\/33493"}],"wp:attachment":[{"href":"https:\/\/modestihouse.com\/index.php\/wp-json\/wp\/v2\/media?parent=33399"}],"wp:term":[{"taxonomy":"product_brand","embeddable":true,"href":"https:\/\/modestihouse.com\/index.php\/wp-json\/wp\/v2\/product_brand?post=33399"},{"taxonomy":"product_cat","embeddable":true,"href":"https:\/\/modestihouse.com\/index.php\/wp-json\/wp\/v2\/product_cat?post=33399"},{"taxonomy":"product_tag","embeddable":true,"href":"https:\/\/modestihouse.com\/index.php\/wp-json\/wp\/v2\/product_tag?post=33399"}],"curies":[{"name":"wp","href":"https:\/\/api.w.org\/{rel}","templated":true}]}}