{"id":34070,"date":"2024-10-08T10:32:08","date_gmt":"2024-10-08T08:32:08","guid":{"rendered":"https:\/\/modestihouse.com\/?post_type=product&#038;p=34070"},"modified":"2024-10-08T10:32:58","modified_gmt":"2024-10-08T08:32:58","slug":"sofa-relax-2p-orion","status":"publish","type":"product","link":"https:\/\/modestihouse.com\/index.php\/producto\/sofa-relax-2p-orion\/","title":{"rendered":"Sofa Relax 2P Orion"},"content":{"rendered":"<p>Sof\u00e1 de dos plazas con relax en los extremos y plaza central fija. Mecanismo met\u00e1lico con palanca y cable de acero.<\/p>\n<p>Este sof\u00e1 de dos plazas cuenta con mecanismos de relax en ambos extremos, mientras que la plaza central permanece fija. El mecanismo de relax es de metal y se activa mediante una palanca con cable de acero. La estructura est\u00e1 fabricada en madera de pino, y tanto el asiento como el respaldo est\u00e1n hechos de espuma HR de densidad media, que es indeformable. Adem\u00e1s, es de f\u00e1cil limpieza y es resistente a las manchas.<\/p>\n<p>Colores disponibles Gris Claro y Beige Oscuro<\/p>\n<p><strong>Medidas:\u00a0<\/strong>L155 x F95 x A105<\/p>\n<p>&#8211; Alto al brazo: 65cm<br \/>\n&#8211; Alto al asiento: 50cm<br \/>\n&#8211; Fondo Relax abierto: 165cm<\/p>\n","protected":false},"excerpt":{"rendered":"<p>Sof\u00e1 de dos plazas con relax en los extremos y plaza central fija. Mecanismo met\u00e1lico con palanca y cable de<\/p>\n","protected":false},"featured_media":34115,"template":"","meta":[],"product_brand":[],"product_cat":[429,405,434],"product_tag":[],"class_list":{"0":"post-34070","1":"product","2":"type-product","3":"status-publish","4":"has-post-thumbnail","6":"product_cat-sillones-relax","7":"product_cat-sofa-relax","8":"product_cat-sofa-relax-2p","10":"first","11":"instock","12":"sale","13":"shipping-taxable","14":"purchasable","15":"product-type-simple"},"aioseo_notices":[],"_links":{"self":[{"href":"https:\/\/modestihouse.com\/index.php\/wp-json\/wp\/v2\/product\/34070","targetHints":{"allow":["GET"]}}],"collection":[{"href":"https:\/\/modestihouse.com\/index.php\/wp-json\/wp\/v2\/product"}],"about":[{"href":"https:\/\/modestihouse.com\/index.php\/wp-json\/wp\/v2\/types\/product"}],"wp:featuredmedia":[{"embeddable":true,"href":"https:\/\/modestihouse.com\/index.php\/wp-json\/wp\/v2\/media\/34115"}],"wp:attachment":[{"href":"https:\/\/modestihouse.com\/index.php\/wp-json\/wp\/v2\/media?parent=34070"}],"wp:term":[{"taxonomy":"product_brand","embeddable":true,"href":"https:\/\/modestihouse.com\/index.php\/wp-json\/wp\/v2\/product_brand?post=34070"},{"taxonomy":"product_cat","embeddable":true,"href":"https:\/\/modestihouse.com\/index.php\/wp-json\/wp\/v2\/product_cat?post=34070"},{"taxonomy":"product_tag","embeddable":true,"href":"https:\/\/modestihouse.com\/index.php\/wp-json\/wp\/v2\/product_tag?post=34070"}],"curies":[{"name":"wp","href":"https:\/\/api.w.org\/{rel}","templated":true}]}}