{"id":34088,"date":"2024-10-08T10:32:34","date_gmt":"2024-10-08T08:32:34","guid":{"rendered":"https:\/\/modestihouse.com\/?post_type=product&#038;p=34088"},"modified":"2024-10-08T10:33:07","modified_gmt":"2024-10-08T08:33:07","slug":"sofa-relax-3p-orion","status":"publish","type":"product","link":"https:\/\/modestihouse.com\/index.php\/producto\/sofa-relax-3p-orion\/","title":{"rendered":"Sofa Relax 3P Orion"},"content":{"rendered":"<p>Sof\u00e1 de tres plazas con relax en los extremos y plaza central fija. Mecanismo met\u00e1lico con palanca y cable de acero.<\/p>\n<p>Sof\u00e1 de tres plazas con mecanismo relax, uno en cada extremo del sof\u00e1, plaza central fija. Mecanismo de relax met\u00e1lico con apertura de palanca mediante activaci\u00f3n con cable de acero. Estructura de madera de pino, asiento y respaldo HR de densidad media indeformable, tejido anti manchas.<\/p>\n<p>Colores disponibles Gris Claro y Beige Oscuro<\/p>\n<p><strong>Medidas:\u00a0<\/strong>L200 x F95 x A105<\/p>\n<p>&#8211; Alto al brazo: 65cm<br \/>\n&#8211; Alto al asiento: 50cm<br \/>\n&#8211; Fondo Relax abierto: 165cm<\/p>\n","protected":false},"excerpt":{"rendered":"<p>Sof\u00e1 de tres plazas con relax en los extremos y plaza central fija. Mecanismo met\u00e1lico con palanca y cable de<\/p>\n","protected":false},"featured_media":34121,"template":"","meta":[],"product_brand":[],"product_cat":[429,405,432],"product_tag":[],"class_list":{"0":"post-34088","1":"product","2":"type-product","3":"status-publish","4":"has-post-thumbnail","6":"product_cat-sillones-relax","7":"product_cat-sofa-relax","8":"product_cat-sofa-relax-3p","10":"first","11":"instock","12":"sale","13":"shipping-taxable","14":"purchasable","15":"product-type-simple"},"aioseo_notices":[],"_links":{"self":[{"href":"https:\/\/modestihouse.com\/index.php\/wp-json\/wp\/v2\/product\/34088","targetHints":{"allow":["GET"]}}],"collection":[{"href":"https:\/\/modestihouse.com\/index.php\/wp-json\/wp\/v2\/product"}],"about":[{"href":"https:\/\/modestihouse.com\/index.php\/wp-json\/wp\/v2\/types\/product"}],"wp:featuredmedia":[{"embeddable":true,"href":"https:\/\/modestihouse.com\/index.php\/wp-json\/wp\/v2\/media\/34121"}],"wp:attachment":[{"href":"https:\/\/modestihouse.com\/index.php\/wp-json\/wp\/v2\/media?parent=34088"}],"wp:term":[{"taxonomy":"product_brand","embeddable":true,"href":"https:\/\/modestihouse.com\/index.php\/wp-json\/wp\/v2\/product_brand?post=34088"},{"taxonomy":"product_cat","embeddable":true,"href":"https:\/\/modestihouse.com\/index.php\/wp-json\/wp\/v2\/product_cat?post=34088"},{"taxonomy":"product_tag","embeddable":true,"href":"https:\/\/modestihouse.com\/index.php\/wp-json\/wp\/v2\/product_tag?post=34088"}],"curies":[{"name":"wp","href":"https:\/\/api.w.org\/{rel}","templated":true}]}}