{"id":34091,"date":"2024-10-08T10:32:35","date_gmt":"2024-10-08T08:32:35","guid":{"rendered":"https:\/\/modestihouse.com\/?post_type=product&#038;p=34091"},"modified":"2024-12-11T13:55:12","modified_gmt":"2024-12-11T12:55:12","slug":"mueble-tv-porto-2c-160-cm","status":"publish","type":"product","link":"https:\/\/modestihouse.com\/index.php\/producto\/mueble-tv-porto-2c-160-cm\/","title":{"rendered":"Mueble Tv Porto 2C 160 CM"},"content":{"rendered":"<p>Mueble tv 2 cajones 160 cm modelo PORTO, color blanco-grafito.<\/p>\n<p>Mobiliario contempor\u00e1neo que encontrar\u00e1 su lugar en cualquier habitaci\u00f3n. Peque\u00f1os tiradores redondos que subrayan la singularidad de los elementos a\u00f1adiendo individualidad.<\/p>\n<p><strong>Medidas:<\/strong><\/p>\n<p>L158,5 x F44,5 x A44<\/p>\n","protected":false},"excerpt":{"rendered":"<p>Mueble tv 2 cajones 160 cm modelo PORTO, color blanco-grafito.<\/p>\n<p>Mobiliario contempor\u00e1neo que encontrar\u00e1 su lugar en cualquier habitaci\u00f3n. Peque\u00f1os tiradores redondos que subrayan la singularidad de los elementos a\u00f1adiendo individualidad.<\/p>\n<p><strong>Medidas:<\/strong><\/p>\n<p>L158,5 x F44,5 x A44<\/p>\n","protected":false},"featured_media":34134,"template":"","meta":[],"product_brand":[],"product_cat":[214,415],"product_tag":[],"class_list":{"0":"post-34091","1":"product","2":"type-product","3":"status-publish","4":"has-post-thumbnail","6":"product_cat-bajo-tv","7":"product_cat-mueble-bajo-tv","9":"first","10":"instock","11":"sale","12":"shipping-taxable","13":"purchasable","14":"product-type-simple"},"aioseo_notices":[],"_links":{"self":[{"href":"https:\/\/modestihouse.com\/index.php\/wp-json\/wp\/v2\/product\/34091","targetHints":{"allow":["GET"]}}],"collection":[{"href":"https:\/\/modestihouse.com\/index.php\/wp-json\/wp\/v2\/product"}],"about":[{"href":"https:\/\/modestihouse.com\/index.php\/wp-json\/wp\/v2\/types\/product"}],"wp:featuredmedia":[{"embeddable":true,"href":"https:\/\/modestihouse.com\/index.php\/wp-json\/wp\/v2\/media\/34134"}],"wp:attachment":[{"href":"https:\/\/modestihouse.com\/index.php\/wp-json\/wp\/v2\/media?parent=34091"}],"wp:term":[{"taxonomy":"product_brand","embeddable":true,"href":"https:\/\/modestihouse.com\/index.php\/wp-json\/wp\/v2\/product_brand?post=34091"},{"taxonomy":"product_cat","embeddable":true,"href":"https:\/\/modestihouse.com\/index.php\/wp-json\/wp\/v2\/product_cat?post=34091"},{"taxonomy":"product_tag","embeddable":true,"href":"https:\/\/modestihouse.com\/index.php\/wp-json\/wp\/v2\/product_tag?post=34091"}],"curies":[{"name":"wp","href":"https:\/\/api.w.org\/{rel}","templated":true}]}}