{"id":34388,"date":"2024-10-22T20:11:51","date_gmt":"2024-10-22T18:11:51","guid":{"rendered":"https:\/\/modestihouse.com\/?post_type=product&#038;p=34388"},"modified":"2024-11-26T19:42:04","modified_gmt":"2024-11-26T18:42:04","slug":"pack-eco20-base-patas","status":"publish","type":"product","link":"https:\/\/modestihouse.com\/index.php\/producto\/pack-eco20-base-patas\/","title":{"rendered":"PACK &#8211; ECO20 + BASE + PATAS"},"content":{"rendered":"<p><strong>Pack Colch\u00f3n ECO20 + Base Tapizada y Acolchada con Tejido 3D Gris + Patas<\/strong><\/p>\n<p>Descubre el confort y la calidad con el <strong>Pack Colch\u00f3n ECO20<\/strong> en <strong>ModestiHouse<\/strong>, tu tienda online de muebles y colchones en Tenerife. Este pack incluye un colch\u00f3n modelo ECO20, dise\u00f1ado para ofrecerte el mejor descanso, y una base tapizada con acolchado extra, perfecta para garantizar estabilidad y durabilidad en tu cama.<\/p>\n<p><strong>Caracter\u00edsticas principales:<\/strong><\/p>\n<ul>\n<li><strong>Colch\u00f3n modelo ECO20<\/strong>: Fabricado con materiales de alta calidad para proporcionarte un descanso \u00f3ptimo y una excelente transpirabilidad. Ideal para todo tipo de durmientes.<\/li>\n<li><strong>Base de 3 travesa\u00f1os tapizada<\/strong>: Estructura resistente con tapizado acolchado en tejido 3D gris, que asegura mayor confort y ventilaci\u00f3n.<\/li>\n<li><strong>Patas incluidas<\/strong>: 6 patas para las medidas 90&#215;190 cm y 135&#215;190 cm, y 7 patas para el tama\u00f1o 150&#215;190 cm. Perfecto ajuste y estabilidad en cualquier tama\u00f1o.<\/li>\n<\/ul>\n<p>Este conjunto es la opci\u00f3n ideal si buscas una soluci\u00f3n completa y econ\u00f3mica para renovar tu cama. El <strong>Pack Colch\u00f3n ECO20 + Base 3 travesa\u00f1os<\/strong> ofrece un equilibrio perfecto entre calidad, comodidad y dise\u00f1o moderno. Adem\u00e1s, el tejido 3D gris aporta un toque elegante y moderno que se adapta a cualquier estilo de dormitorio.<\/p>\n<p>En <strong>ModestiHouse<\/strong>, garantizamos la mejor relaci\u00f3n calidad-precio en Tenerife. Ofrecemos env\u00edo r\u00e1pido y seguro a toda la isla, para que puedas disfrutar de tu nuevo colch\u00f3n y base sin complicaciones.<\/p>\n<p><strong>\u00a1Haz tu pedido ahora y mejora tu descanso con ModestiHouse!<\/strong><\/p>\n","protected":false},"excerpt":{"rendered":"<p><strong>Pack Colch\u00f3n ECO20 + Base Tapizada y Acolchada con Tejido 3D Gris + Patas<\/strong><\/p>\n<p>Descubre el confort y la calidad con el <strong>Pack Colch\u00f3n ECO20<\/strong> en <strong>ModestiHouse<\/strong>, tu tienda online de muebles y colchones en Tenerife. Este pack incluye un colch\u00f3n modelo ECO20, dise\u00f1ado para ofrecerte el mejor descanso, y una base tapizada con acolchado extra, perfecta para garantizar estabilidad y durabilidad en tu cama.<\/p>\n<p><strong>Caracter\u00edsticas principales:<\/strong><\/p>\n<ul>\n<li><strong>Colch\u00f3n modelo ECO20<\/strong>: Fabricado con materiales de alta calidad para proporcionarte un descanso \u00f3ptimo y una excelente transpirabilidad. Ideal para todo tipo de durmientes.<\/li>\n<li><strong>Base de 3 travesa\u00f1os tapizada<\/strong>: Estructura resistente con tapizado acolchado en tejido 3D gris, que asegura mayor confort y ventilaci\u00f3n.<\/li>\n<li><strong>Patas incluidas<\/strong>: 6 patas para las medidas 90&#215;190 cm y 135&#215;190 cm, y 7 patas para el tama\u00f1o 150&#215;190 cm. Perfecto ajuste y estabilidad en cualquier tama\u00f1o.<\/li>\n<\/ul>\n<p>Este conjunto es la opci\u00f3n ideal si buscas una soluci\u00f3n completa y econ\u00f3mica para renovar tu cama. El <strong>Pack Colch\u00f3n ECO20 + Base 3 travesa\u00f1os<\/strong> ofrece un equilibrio perfecto entre calidad, comodidad y dise\u00f1o moderno. Adem\u00e1s, el tejido 3D gris aporta un toque elegante y moderno que se adapta a cualquier estilo de dormitorio.<\/p>\n<p>En <strong>ModestiHouse<\/strong>, garantizamos la mejor relaci\u00f3n calidad-precio en Tenerife. Ofrecemos env\u00edo r\u00e1pido y seguro a toda la isla, para que puedas disfrutar de tu nuevo colch\u00f3n y base sin complicaciones.<\/p>\n<p><strong>\u00a1Haz tu pedido ahora y mejora tu descanso con ModestiHouse!<\/strong><\/p>\n","protected":false},"featured_media":34389,"template":"","meta":[],"product_brand":[],"product_cat":[254,109,467],"product_tag":[],"class_list":{"0":"post-34388","1":"product","2":"type-product","3":"status-publish","4":"has-post-thumbnail","6":"product_cat-descanso","7":"product_cat-packs-cama","8":"product_cat-conjuntos","10":"first","11":"instock","12":"shipping-taxable","13":"purchasable","14":"product-type-variable"},"aioseo_notices":[],"_links":{"self":[{"href":"https:\/\/modestihouse.com\/index.php\/wp-json\/wp\/v2\/product\/34388","targetHints":{"allow":["GET"]}}],"collection":[{"href":"https:\/\/modestihouse.com\/index.php\/wp-json\/wp\/v2\/product"}],"about":[{"href":"https:\/\/modestihouse.com\/index.php\/wp-json\/wp\/v2\/types\/product"}],"wp:featuredmedia":[{"embeddable":true,"href":"https:\/\/modestihouse.com\/index.php\/wp-json\/wp\/v2\/media\/34389"}],"wp:attachment":[{"href":"https:\/\/modestihouse.com\/index.php\/wp-json\/wp\/v2\/media?parent=34388"}],"wp:term":[{"taxonomy":"product_brand","embeddable":true,"href":"https:\/\/modestihouse.com\/index.php\/wp-json\/wp\/v2\/product_brand?post=34388"},{"taxonomy":"product_cat","embeddable":true,"href":"https:\/\/modestihouse.com\/index.php\/wp-json\/wp\/v2\/product_cat?post=34388"},{"taxonomy":"product_tag","embeddable":true,"href":"https:\/\/modestihouse.com\/index.php\/wp-json\/wp\/v2\/product_tag?post=34388"}],"curies":[{"name":"wp","href":"https:\/\/api.w.org\/{rel}","templated":true}]}}