{"id":34394,"date":"2024-10-22T20:29:45","date_gmt":"2024-10-22T18:29:45","guid":{"rendered":"https:\/\/modestihouse.com\/?post_type=product&#038;p=34394"},"modified":"2024-10-22T20:29:45","modified_gmt":"2024-10-22T18:29:45","slug":"pack-gara-base-patas","status":"publish","type":"product","link":"https:\/\/modestihouse.com\/index.php\/producto\/pack-gara-base-patas\/","title":{"rendered":"PACK &#8211; GARA + BASE + PATAS"},"content":{"rendered":"<p><strong>Pack Colch\u00f3n GARA + Base Tapizada y Acolchada con Tejido 3D Gris + Patas<\/strong><\/p>\n<p>Disfruta del descanso que mereces con el <strong>Pack Colch\u00f3n GARA<\/strong> en <strong>ModestiHouse<\/strong>, tu tienda de confianza para colchones y muebles en Tenerife. Este completo pack incluye el colch\u00f3n modelo GARA, conocido por su confort y firmeza, y una base tapizada en tejido 3D gris con acolchado para un soporte s\u00f3lido y transpirable.<\/p>\n<p>Caracter\u00edsticas principales:<\/p>\n<ul>\n<li><strong>Colch\u00f3n modelo GARA<\/strong>: Colch\u00f3n de alta calidad dise\u00f1ado para proporcionar firmeza y adaptabilidad, ideal para personas que buscan un descanso reparador y sin interrupciones.<\/li>\n<li><strong>Base con 3 travesa\u00f1os tapizada<\/strong>: Base robusta, tapizada con tejido 3D acolchado gris que favorece la ventilaci\u00f3n del colch\u00f3n y a\u00f1ade un toque moderno a tu dormitorio.<\/li>\n<li><strong>Patas incluidas<\/strong>: El pack incluye 6 patas para las medidas 90&#215;190 cm y 135&#215;190 cm, y 7 patas para el tama\u00f1o 150&#215;190 cm, garantizando una estabilidad \u00f3ptima en cualquier configuraci\u00f3n.<\/li>\n<\/ul>\n<p>Este pack es la elecci\u00f3n perfecta para quienes buscan un conjunto pr\u00e1ctico y est\u00e9tico, sin renunciar a la calidad. El <strong>Pack Colch\u00f3n GARA + Base<\/strong> combina un descanso superior con un dise\u00f1o elegante y funcional, ideal para cualquier tipo de hogar.<\/p>\n<p>En <strong>ModestiHouse<\/strong>, no solo ofrecemos productos de calidad, sino tambi\u00e9n la comodidad de un env\u00edo r\u00e1pido y seguro en Tenerife. Compra ahora y transforma tu descanso con este pack a un precio inigualable.<\/p>\n<p><strong>\u00a1No esperes m\u00e1s! Mejora tu calidad de vida con el Pack Colch\u00f3n GARA de ModestiHouse.<\/strong><\/p>\n","protected":false},"excerpt":{"rendered":"<p><strong>Pack Colch\u00f3n GARA + Base Tapizada y Acolchada con Tejido 3D Gris + Patas<\/strong><\/p>\n<p>Disfruta del descanso que mereces con el <strong>Pack Colch\u00f3n GARA<\/strong> en <strong>ModestiHouse<\/strong>, tu tienda de confianza para colchones y muebles en Tenerife. Este completo pack incluye el colch\u00f3n modelo GARA, conocido por su confort y firmeza, y una base tapizada en tejido 3D gris con acolchado para un soporte s\u00f3lido y transpirable.<\/p>\n<p>Caracter\u00edsticas principales:<\/p>\n<ul>\n<li><strong>Colch\u00f3n modelo GARA<\/strong>: Colch\u00f3n de alta calidad dise\u00f1ado para proporcionar firmeza y adaptabilidad, ideal para personas que buscan un descanso reparador y sin interrupciones.<\/li>\n<li><strong>Base con 3 travesa\u00f1os tapizada<\/strong>: Base robusta, tapizada con tejido 3D acolchado gris que favorece la ventilaci\u00f3n del colch\u00f3n y a\u00f1ade un toque moderno a tu dormitorio.<\/li>\n<li><strong>Patas incluidas<\/strong>: El pack incluye 6 patas para las medidas 90&#215;190 cm y 135&#215;190 cm, y 7 patas para el tama\u00f1o 150&#215;190 cm, garantizando una estabilidad \u00f3ptima en cualquier configuraci\u00f3n.<\/li>\n<\/ul>\n<p>Este pack es la elecci\u00f3n perfecta para quienes buscan un conjunto pr\u00e1ctico y est\u00e9tico, sin renunciar a la calidad. El <strong>Pack Colch\u00f3n GARA + Base<\/strong> combina un descanso superior con un dise\u00f1o elegante y funcional, ideal para cualquier tipo de hogar.<\/p>\n<p>En <strong>ModestiHouse<\/strong>, no solo ofrecemos productos de calidad, sino tambi\u00e9n la comodidad de un env\u00edo r\u00e1pido y seguro en Tenerife. Compra ahora y transforma tu descanso con este pack a un precio inigualable.<\/p>\n<p><strong>\u00a1No esperes m\u00e1s! Mejora tu calidad de vida con el Pack Colch\u00f3n GARA de ModestiHouse.<\/strong><\/p>\n","protected":false},"featured_media":34395,"template":"","meta":[],"product_brand":[],"product_cat":[254,109,467],"product_tag":[],"class_list":{"0":"post-34394","1":"product","2":"type-product","3":"status-publish","4":"has-post-thumbnail","6":"product_cat-descanso","7":"product_cat-packs-cama","8":"product_cat-conjuntos","10":"first","11":"instock","12":"shipping-taxable","13":"purchasable","14":"product-type-variable"},"aioseo_notices":[],"_links":{"self":[{"href":"https:\/\/modestihouse.com\/index.php\/wp-json\/wp\/v2\/product\/34394","targetHints":{"allow":["GET"]}}],"collection":[{"href":"https:\/\/modestihouse.com\/index.php\/wp-json\/wp\/v2\/product"}],"about":[{"href":"https:\/\/modestihouse.com\/index.php\/wp-json\/wp\/v2\/types\/product"}],"wp:featuredmedia":[{"embeddable":true,"href":"https:\/\/modestihouse.com\/index.php\/wp-json\/wp\/v2\/media\/34395"}],"wp:attachment":[{"href":"https:\/\/modestihouse.com\/index.php\/wp-json\/wp\/v2\/media?parent=34394"}],"wp:term":[{"taxonomy":"product_brand","embeddable":true,"href":"https:\/\/modestihouse.com\/index.php\/wp-json\/wp\/v2\/product_brand?post=34394"},{"taxonomy":"product_cat","embeddable":true,"href":"https:\/\/modestihouse.com\/index.php\/wp-json\/wp\/v2\/product_cat?post=34394"},{"taxonomy":"product_tag","embeddable":true,"href":"https:\/\/modestihouse.com\/index.php\/wp-json\/wp\/v2\/product_tag?post=34394"}],"curies":[{"name":"wp","href":"https:\/\/api.w.org\/{rel}","templated":true}]}}