{"id":34417,"date":"2024-11-05T08:18:41","date_gmt":"2024-11-05T07:18:41","guid":{"rendered":"https:\/\/modestihouse.com\/?post_type=product&#038;p=34417"},"modified":"2024-11-05T08:18:41","modified_gmt":"2024-11-05T07:18:41","slug":"pack-natural-canape22","status":"publish","type":"product","link":"https:\/\/modestihouse.com\/index.php\/producto\/pack-natural-canape22\/","title":{"rendered":"PACK &#8211; NATURAL + CANAPE22"},"content":{"rendered":"<p><strong>Pack Colch\u00f3n Modelo NATURAL + Canap\u00e9 Abatible de 22 cm<\/strong><\/p>\n<p>Descubre el <em>Pack Colch\u00f3n NATURAL<\/em> con <strong>canap\u00e9 abatible de 22 cm<\/strong> de <em>ModestiHouse<\/em>, la mejor opci\u00f3n en <strong>muebles y colchones en Tenerife<\/strong>. Este pack incluye un colch\u00f3n de alta calidad con n\u00facleo de <strong>muelle ensacado<\/strong> y <strong>viscoel\u00e1stica de doble cara<\/strong>, ideal para brindar el m\u00e1ximo confort y adaptabilidad. Con tecnolog\u00eda <strong>Visco Carbono Plus<\/strong> y <strong>ViscoGel<\/strong>, ofrece una experiencia de descanso \u00f3ptima y protecci\u00f3n anti\u00e1caros.<\/p>\n<p>El canap\u00e9 abatible de madera est\u00e1 disponible en varios colores, incluye <strong>4 aireadores<\/strong> en la tapa y cuenta con un elegante tejido 3D en color beige, ideal para complementar cualquier dormitorio. Con el <strong>Pack Colch\u00f3n NATURAL + Canap\u00e9<\/strong>, disfruta de un descanso reparador y a\u00f1ade funcionalidad y estilo a tu habitaci\u00f3n.<\/p>\n<p>Compra ahora en <em>ModestiHouse<\/em> y recibe tu pack en Tenerife con la garant\u00eda de calidad y comodidad que mereces.<\/p>\n","protected":false},"excerpt":{"rendered":"<p><strong>Pack Colch\u00f3n Modelo NATURAL + Canap\u00e9 Abatible de 22 cm<\/strong><\/p>\n<p>Descubre el <em>Pack Colch\u00f3n NATURAL<\/em> con <strong>canap\u00e9 abatible de 22 cm<\/strong> de <em>ModestiHouse<\/em>, la mejor opci\u00f3n en <strong>muebles y colchones en Tenerife<\/strong>. Este pack incluye un colch\u00f3n de alta calidad con n\u00facleo de <strong>muelle ensacado<\/strong> y <strong>viscoel\u00e1stica de doble cara<\/strong>, ideal para brindar el m\u00e1ximo confort y adaptabilidad. Con tecnolog\u00eda <strong>Visco Carbono Plus<\/strong> y <strong>ViscoGel<\/strong>, ofrece una experiencia de descanso \u00f3ptima y protecci\u00f3n anti\u00e1caros.<\/p>\n<p>El canap\u00e9 abatible de madera est\u00e1 disponible en varios colores, incluye <strong>4 aireadores<\/strong> en la tapa y cuenta con un elegante tejido 3D en color beige, ideal para complementar cualquier dormitorio. Con el <strong>Pack Colch\u00f3n NATURAL + Canap\u00e9<\/strong>, disfruta de un descanso reparador y a\u00f1ade funcionalidad y estilo a tu habitaci\u00f3n.<\/p>\n<p>Compra ahora en <em>ModestiHouse<\/em> y recibe tu pack en Tenerife con la garant\u00eda de calidad y comodidad que mereces.<\/p>\n","protected":false},"featured_media":34434,"template":"","meta":[],"product_brand":[],"product_cat":[254,105],"product_tag":[],"class_list":{"0":"post-34417","1":"product","2":"type-product","3":"status-publish","4":"has-post-thumbnail","6":"product_cat-descanso","7":"product_cat-pack-colchoncanape","9":"first","10":"instock","11":"shipping-taxable","12":"purchasable","13":"product-type-variable"},"aioseo_notices":[],"_links":{"self":[{"href":"https:\/\/modestihouse.com\/index.php\/wp-json\/wp\/v2\/product\/34417","targetHints":{"allow":["GET"]}}],"collection":[{"href":"https:\/\/modestihouse.com\/index.php\/wp-json\/wp\/v2\/product"}],"about":[{"href":"https:\/\/modestihouse.com\/index.php\/wp-json\/wp\/v2\/types\/product"}],"wp:featuredmedia":[{"embeddable":true,"href":"https:\/\/modestihouse.com\/index.php\/wp-json\/wp\/v2\/media\/34434"}],"wp:attachment":[{"href":"https:\/\/modestihouse.com\/index.php\/wp-json\/wp\/v2\/media?parent=34417"}],"wp:term":[{"taxonomy":"product_brand","embeddable":true,"href":"https:\/\/modestihouse.com\/index.php\/wp-json\/wp\/v2\/product_brand?post=34417"},{"taxonomy":"product_cat","embeddable":true,"href":"https:\/\/modestihouse.com\/index.php\/wp-json\/wp\/v2\/product_cat?post=34417"},{"taxonomy":"product_tag","embeddable":true,"href":"https:\/\/modestihouse.com\/index.php\/wp-json\/wp\/v2\/product_tag?post=34417"}],"curies":[{"name":"wp","href":"https:\/\/api.w.org\/{rel}","templated":true}]}}