{"id":34464,"date":"2024-11-05T09:39:11","date_gmt":"2024-11-05T08:39:11","guid":{"rendered":"https:\/\/modestihouse.com\/?post_type=product&#038;p=34464"},"modified":"2024-11-05T09:39:11","modified_gmt":"2024-11-05T08:39:11","slug":"colchon-sensac","status":"publish","type":"product","link":"https:\/\/modestihouse.com\/index.php\/producto\/colchon-sensac\/","title":{"rendered":"COLCHON SENSAC"},"content":{"rendered":"<p>El colch\u00f3n Sensac es la elecci\u00f3n perfecta para quienes desean una combinaci\u00f3n \u00f3ptima de confort y soporte en su descanso. Este colch\u00f3n de <strong>muelles ensacados<\/strong> garantiza adaptabilidad y un descanso sin interrupciones, manteniendo la independencia de movimiento.<\/p>\n<h3>Estructura y N\u00facleo<\/h3>\n<p>Con un n\u00facleo de <strong>Confort Class F.17<\/strong> y TNT, el Sensac ofrece firmeza y estabilidad. Sus <strong>680 muelles ensacados<\/strong> (150&#215;190) se adaptan de forma independiente a cada zona del cuerpo, favoreciendo una correcta alineaci\u00f3n. Adem\u00e1s, cuenta con <strong>espuma Box de 28 K<\/strong> y dos capas de <strong>espuma plancha C1 y C2<\/strong> de 28 K y 3 cm cada una, lo que a\u00f1ade durabilidad y mayor soporte a la estructura.<\/p>\n<h3>Composici\u00f3n de las Tapas<\/h3>\n<p>La <strong>primera tapa<\/strong> tiene un acolchado tapa a tapa en <strong>tejido stretch<\/strong>, viscoel\u00e1stica de 0.5 cm, espuma soft de 2 cm, y una capa de fibra de 420 gramos (3 cm), ofreciendo suavidad y comodidad. La <strong>segunda tapa<\/strong>, tambi\u00e9n con acolchado tapa a tapa en tejido stretch, incluye una capa de viscoel\u00e1stica de 0.5 cm, espuma soft de 2 cm y fibra de 140 gramos, logrando un equilibrio perfecto entre soporte y confort.<\/p>\n<h3>Platabanda y Detalles<\/h3>\n<p>La platabanda del colch\u00f3n Sensac est\u00e1 dise\u00f1ada con tejido stretch y detalles como una cinta vivo en gris para un acabado elegante. Tambi\u00e9n cuenta con <strong>asa-tejidos<\/strong> que facilitan su manejo, ofreciendo comodidad en cada aspecto de su uso.<\/p>\n<h3>Altura Total<\/h3>\n<p>Con una altura de <strong>31 cm<\/strong> (\u00b11 cm), el colch\u00f3n Sensac aporta un toque de lujo y confort a tu dormitorio.<\/p>\n<p>Disfruta de un descanso renovador con el colch\u00f3n Sensac, disponible en <strong>Modesti House<\/strong> en Tenerife, tu tienda de confianza para colchones y muebles de alta calidad.<\/p>\n","protected":false},"excerpt":{"rendered":"<p>El colch\u00f3n Sensac es la elecci\u00f3n perfecta para quienes desean una combinaci\u00f3n \u00f3ptima de confort y soporte en su descanso. Este colch\u00f3n de <strong>muelles ensacados<\/strong> garantiza adaptabilidad y un descanso sin interrupciones, manteniendo la independencia de movimiento.<\/p>\n<h3>Estructura y N\u00facleo<\/h3>\n<p>Con un n\u00facleo de <strong>Confort Class F.17<\/strong> y TNT, el Sensac ofrece firmeza y estabilidad. Sus <strong>680 muelles ensacados<\/strong> (150&#215;190) se adaptan de forma independiente a cada zona del cuerpo, favoreciendo una correcta alineaci\u00f3n. Adem\u00e1s, cuenta con <strong>espuma Box de 28 K<\/strong> y dos capas de <strong>espuma plancha C1 y C2<\/strong> de 28 K y 3 cm cada una, lo que a\u00f1ade durabilidad y mayor soporte a la estructura.<\/p>\n<h3>Composici\u00f3n de las Tapas<\/h3>\n<p>La <strong>primera tapa<\/strong> tiene un acolchado tapa a tapa en <strong>tejido stretch<\/strong>, viscoel\u00e1stica de 0.5 cm, espuma soft de 2 cm, y una capa de fibra de 420 gramos (3 cm), ofreciendo suavidad y comodidad. La <strong>segunda tapa<\/strong>, tambi\u00e9n con acolchado tapa a tapa en tejido stretch, incluye una capa de viscoel\u00e1stica de 0.5 cm, espuma soft de 2 cm y fibra de 140 gramos, logrando un equilibrio perfecto entre soporte y confort.<\/p>\n<h3>Platabanda y Detalles<\/h3>\n<p>La platabanda del colch\u00f3n Sensac est\u00e1 dise\u00f1ada con tejido stretch y detalles como una cinta vivo en gris para un acabado elegante. Tambi\u00e9n cuenta con <strong>asa-tejidos<\/strong> que facilitan su manejo, ofreciendo comodidad en cada aspecto de su uso.<\/p>\n<h3>Altura Total<\/h3>\n<p>Con una altura de <strong>31 cm<\/strong> (\u00b11 cm), el colch\u00f3n Sensac aporta un toque de lujo y confort a tu dormitorio.<\/p>\n<p>Disfruta de un descanso renovador con el colch\u00f3n Sensac, disponible en <strong>Modesti House<\/strong> en Tenerife, tu tienda de confianza para colchones y muebles de alta calidad.<\/p>\n","protected":false},"featured_media":34470,"template":"","meta":[],"product_brand":[],"product_cat":[111,180,254],"product_tag":[],"class_list":{"0":"post-34464","1":"product","2":"type-product","3":"status-publish","4":"has-post-thumbnail","6":"product_cat-colchones","7":"product_cat-colchones-muelles","8":"product_cat-descanso","10":"first","11":"instock","12":"shipping-taxable","13":"purchasable","14":"product-type-variable"},"aioseo_notices":[],"_links":{"self":[{"href":"https:\/\/modestihouse.com\/index.php\/wp-json\/wp\/v2\/product\/34464","targetHints":{"allow":["GET"]}}],"collection":[{"href":"https:\/\/modestihouse.com\/index.php\/wp-json\/wp\/v2\/product"}],"about":[{"href":"https:\/\/modestihouse.com\/index.php\/wp-json\/wp\/v2\/types\/product"}],"wp:featuredmedia":[{"embeddable":true,"href":"https:\/\/modestihouse.com\/index.php\/wp-json\/wp\/v2\/media\/34470"}],"wp:attachment":[{"href":"https:\/\/modestihouse.com\/index.php\/wp-json\/wp\/v2\/media?parent=34464"}],"wp:term":[{"taxonomy":"product_brand","embeddable":true,"href":"https:\/\/modestihouse.com\/index.php\/wp-json\/wp\/v2\/product_brand?post=34464"},{"taxonomy":"product_cat","embeddable":true,"href":"https:\/\/modestihouse.com\/index.php\/wp-json\/wp\/v2\/product_cat?post=34464"},{"taxonomy":"product_tag","embeddable":true,"href":"https:\/\/modestihouse.com\/index.php\/wp-json\/wp\/v2\/product_tag?post=34464"}],"curies":[{"name":"wp","href":"https:\/\/api.w.org\/{rel}","templated":true}]}}