{"id":34478,"date":"2024-11-05T17:02:36","date_gmt":"2024-11-05T16:02:36","guid":{"rendered":"https:\/\/modestihouse.com\/?post_type=product&#038;p=34478"},"modified":"2024-11-05T17:02:36","modified_gmt":"2024-11-05T16:02:36","slug":"colchon-new-seth","status":"publish","type":"product","link":"https:\/\/modestihouse.com\/index.php\/producto\/colchon-new-seth\/","title":{"rendered":"COLCHON NEW SETH"},"content":{"rendered":"<p>El colch\u00f3n New Seth es una opci\u00f3n excepcional para quienes desean un descanso de lujo con materiales de alta tecnolog\u00eda y un soporte superior. Este modelo combina materiales premium y una estructura h\u00edbrida que asegura el m\u00e1ximo confort y durabilidad.<\/p>\n<h3>Materiales y Composici\u00f3n<\/h3>\n<p>El New Seth est\u00e1 fabricado con <strong>tejido Confort Stretch Luva<\/strong>, un material que proporciona una suavidad agradable al tacto y gran transpirabilidad, ideal para mantener la frescura durante la noche.<\/p>\n<p>Incorpora varias capas de <strong>viscoel\u00e1stica de alta densidad FLEX2000<\/strong> y <strong>HR Premium Soft FLEX2000<\/strong> y <strong>HR Premium Air Hard FLEX2000<\/strong>, sin cargas a\u00f1adidas, garantizando una estructura de soporte suave pero resistente que se adapta a cada parte del cuerpo.<\/p>\n<h3>Estructura y N\u00facleo H\u00edbrido<\/h3>\n<p>La base del colch\u00f3n New Seth es una carcasa de muelles h\u00edbrida, <strong>Carcasa Dorso-Confort<\/strong>, dise\u00f1ada con tiras de HR entre los muelles. Esta tecnolog\u00eda mejora la estabilidad y proporciona una gran independencia de movimiento, perfecta para compartir sin sentir los movimientos de la otra persona.<\/p>\n<p>Adem\u00e1s, incluye varias <strong>mantas estabilizadoras de 1500 gr\/m\u00b2<\/strong>, que fortalecen el colch\u00f3n y mantienen su forma y resistencia con el paso del tiempo, ofreciendo una experiencia de descanso duradera.<\/p>\n<h3>Altura Total<\/h3>\n<p>El colch\u00f3n New Seth tiene una altura final de <strong>30 cm (\u00b11 cm)<\/strong>, una medida ideal para cualquier dormitorio, combinando perfectamente con bases y somieres.<\/p>\n<p>El New Seth est\u00e1 disponible en <strong>Modesti House<\/strong> en Tenerife, la tienda especializada en colchones y muebles de alta calidad.<\/p>\n","protected":false},"excerpt":{"rendered":"<p>El colch\u00f3n New Seth es una opci\u00f3n excepcional para quienes desean un descanso de lujo con materiales de alta tecnolog\u00eda y un soporte superior. Este modelo combina materiales premium y una estructura h\u00edbrida que asegura el m\u00e1ximo confort y durabilidad.<\/p>\n<h3>Materiales y Composici\u00f3n<\/h3>\n<p>El New Seth est\u00e1 fabricado con <strong>tejido Confort Stretch Luva<\/strong>, un material que proporciona una suavidad agradable al tacto y gran transpirabilidad, ideal para mantener la frescura durante la noche.<\/p>\n<p>Incorpora varias capas de <strong>viscoel\u00e1stica de alta densidad FLEX2000<\/strong> y <strong>HR Premium Soft FLEX2000<\/strong> y <strong>HR Premium Air Hard FLEX2000<\/strong>, sin cargas a\u00f1adidas, garantizando una estructura de soporte suave pero resistente que se adapta a cada parte del cuerpo.<\/p>\n<h3>Estructura y N\u00facleo H\u00edbrido<\/h3>\n<p>La base del colch\u00f3n New Seth es una carcasa de muelles h\u00edbrida, <strong>Carcasa Dorso-Confort<\/strong>, dise\u00f1ada con tiras de HR entre los muelles. Esta tecnolog\u00eda mejora la estabilidad y proporciona una gran independencia de movimiento, perfecta para compartir sin sentir los movimientos de la otra persona.<\/p>\n<p>Adem\u00e1s, incluye varias <strong>mantas estabilizadoras de 1500 gr\/m\u00b2<\/strong>, que fortalecen el colch\u00f3n y mantienen su forma y resistencia con el paso del tiempo, ofreciendo una experiencia de descanso duradera.<\/p>\n<h3>Altura Total<\/h3>\n<p>El colch\u00f3n New Seth tiene una altura final de <strong>30 cm (\u00b11 cm)<\/strong>, una medida ideal para cualquier dormitorio, combinando perfectamente con bases y somieres.<\/p>\n<p>El New Seth est\u00e1 disponible en <strong>Modesti House<\/strong> en Tenerife, la tienda especializada en colchones y muebles de alta calidad.<\/p>\n","protected":false},"featured_media":34479,"template":"","meta":[],"product_brand":[],"product_cat":[111,180,254],"product_tag":[],"class_list":{"0":"post-34478","1":"product","2":"type-product","3":"status-publish","4":"has-post-thumbnail","6":"product_cat-colchones","7":"product_cat-colchones-muelles","8":"product_cat-descanso","10":"first","11":"instock","12":"shipping-taxable","13":"purchasable","14":"product-type-variable"},"aioseo_notices":[],"_links":{"self":[{"href":"https:\/\/modestihouse.com\/index.php\/wp-json\/wp\/v2\/product\/34478","targetHints":{"allow":["GET"]}}],"collection":[{"href":"https:\/\/modestihouse.com\/index.php\/wp-json\/wp\/v2\/product"}],"about":[{"href":"https:\/\/modestihouse.com\/index.php\/wp-json\/wp\/v2\/types\/product"}],"wp:featuredmedia":[{"embeddable":true,"href":"https:\/\/modestihouse.com\/index.php\/wp-json\/wp\/v2\/media\/34479"}],"wp:attachment":[{"href":"https:\/\/modestihouse.com\/index.php\/wp-json\/wp\/v2\/media?parent=34478"}],"wp:term":[{"taxonomy":"product_brand","embeddable":true,"href":"https:\/\/modestihouse.com\/index.php\/wp-json\/wp\/v2\/product_brand?post=34478"},{"taxonomy":"product_cat","embeddable":true,"href":"https:\/\/modestihouse.com\/index.php\/wp-json\/wp\/v2\/product_cat?post=34478"},{"taxonomy":"product_tag","embeddable":true,"href":"https:\/\/modestihouse.com\/index.php\/wp-json\/wp\/v2\/product_tag?post=34478"}],"curies":[{"name":"wp","href":"https:\/\/api.w.org\/{rel}","templated":true}]}}