{"id":34485,"date":"2024-11-05T17:14:23","date_gmt":"2024-11-05T16:14:23","guid":{"rendered":"https:\/\/modestihouse.com\/?post_type=product&#038;p=34485"},"modified":"2024-11-05T17:14:23","modified_gmt":"2024-11-05T16:14:23","slug":"loewe-colchon","status":"publish","type":"product","link":"https:\/\/modestihouse.com\/index.php\/producto\/loewe-colchon\/","title":{"rendered":"LOEWE COLCHON"},"content":{"rendered":"<div class=\"flex max-w-full flex-col flex-grow\">\n<div class=\"min-h-8 text-message flex w-full flex-col items-end gap-2 whitespace-normal break-words [.text-message+&amp;]:mt-5\" dir=\"auto\" data-message-author-role=\"assistant\" data-message-id=\"7a35860d-5672-4689-be30-317d5d599173\" data-message-model-slug=\"gpt-4o\">\n<div class=\"flex w-full flex-col gap-1 empty:hidden first:pt-[3px]\">\n<div class=\"markdown prose w-full break-words dark:prose-invert light\">\n<p>El colch\u00f3n Loewe es una elecci\u00f3n elegante y sofisticada para quienes buscan un descanso c\u00f3modo y bien estructurado. Su dise\u00f1o con muelles ensacados y capas de espuma asegura un soporte adecuado y una experiencia de descanso \u00fanica.<\/p>\n<h3>Estructura y N\u00facleo<\/h3>\n<p>El colch\u00f3n Loewe cuenta con un n\u00facleo <strong>Confort Class F.17<\/strong> reforzado con TNT y <strong>680 muelles ensacados<\/strong> (150&#215;190), que ofrecen independencia de movimiento y soporte anat\u00f3mico. Las capas de <strong>espuma Box 28 K<\/strong> y <strong>espuma plancha C1 y C2<\/strong> de 28 K y 2.3 cm cada una, aportan firmeza y durabilidad, manteniendo el colch\u00f3n en \u00f3ptimas condiciones por m\u00e1s tiempo.<\/p>\n<h3>Composici\u00f3n de las Tapas<\/h3>\n<p>Ambas tapas del colch\u00f3n Loewe est\u00e1n acolchadas tapa a tapa en <strong>tejido stretch<\/strong>, lo que brinda una superficie suave y flexible. Incluyen una capa de <strong>VISCOTEKNIC de 0.5 cm<\/strong>, una espuma soft de 2 cm, y fibra de 150 gramos de 1 cm, ofreciendo una sensaci\u00f3n suave y agradable en cada lado.<\/p>\n<h3>Platabanda y Acabados<\/h3>\n<p>La platabanda est\u00e1 dise\u00f1ada con <strong>tejido Structure<\/strong> y detalles que incluyen una <strong>cinta decorativa en ocre<\/strong> y cinta vivo en gris, aportando un toque moderno y distinguido. Las <strong>asas en tejido Structure<\/strong> facilitan su manejo y transporte.<\/p>\n<h3>Altura Total<\/h3>\n<p>Con una altura de <strong>28 cm (\u00b11 cm)<\/strong>, el colch\u00f3n Loewe es ideal para combinar con cualquier base, asegurando estabilidad y confort.<\/p>\n<p>El colch\u00f3n Loewe est\u00e1 disponible en <strong>Modesti House<\/strong> en Tenerife, tu tienda de confianza para colchones y muebles de alta calidad, donde encontrar\u00e1s opciones perfectas para tu descanso.<\/p>\n<\/div>\n<\/div>\n<\/div>\n<\/div>\n<div class=\"mb-2 flex gap-3 empty:hidden -ml-2\">\n<div class=\"items-center justify-start rounded-xl p-1 flex\">\n<div class=\"flex items-center\"><\/div>\n<\/div>\n<\/div>\n","protected":false},"excerpt":{"rendered":"<div class=\"flex max-w-full flex-col flex-grow\">\n<div class=\"min-h-8 text-message flex w-full flex-col items-end gap-2 whitespace-normal break-words [.text-message+&amp;]:mt-5\" dir=\"auto\" data-message-author-role=\"assistant\" data-message-id=\"7a35860d-5672-4689-be30-317d5d599173\" data-message-model-slug=\"gpt-4o\">\n<div class=\"flex w-full flex-col gap-1 empty:hidden first:pt-[3px]\">\n<div class=\"markdown prose w-full break-words dark:prose-invert light\">\n<p>El colch\u00f3n Loewe es una elecci\u00f3n elegante y sofisticada para quienes buscan un descanso c\u00f3modo y bien estructurado. Su dise\u00f1o con muelles ensacados y capas de espuma asegura un soporte adecuado y una experiencia de descanso \u00fanica.<\/p>\n<h3>Estructura y N\u00facleo<\/h3>\n<p>El colch\u00f3n Loewe cuenta con un n\u00facleo <strong>Confort Class F.17<\/strong> reforzado con TNT y <strong>680 muelles ensacados<\/strong> (150&#215;190), que ofrecen independencia de movimiento y soporte anat\u00f3mico. Las capas de <strong>espuma Box 28 K<\/strong> y <strong>espuma plancha C1 y C2<\/strong> de 28 K y 2.3 cm cada una, aportan firmeza y durabilidad, manteniendo el colch\u00f3n en \u00f3ptimas condiciones por m\u00e1s tiempo.<\/p>\n<h3>Composici\u00f3n de las Tapas<\/h3>\n<p>Ambas tapas del colch\u00f3n Loewe est\u00e1n acolchadas tapa a tapa en <strong>tejido stretch<\/strong>, lo que brinda una superficie suave y flexible. Incluyen una capa de <strong>VISCOTEKNIC de 0.5 cm<\/strong>, una espuma soft de 2 cm, y fibra de 150 gramos de 1 cm, ofreciendo una sensaci\u00f3n suave y agradable en cada lado.<\/p>\n<h3>Platabanda y Acabados<\/h3>\n<p>La platabanda est\u00e1 dise\u00f1ada con <strong>tejido Structure<\/strong> y detalles que incluyen una <strong>cinta decorativa en ocre<\/strong> y cinta vivo en gris, aportando un toque moderno y distinguido. Las <strong>asas en tejido Structure<\/strong> facilitan su manejo y transporte.<\/p>\n<h3>Altura Total<\/h3>\n<p>Con una altura de <strong>28 cm (\u00b11 cm)<\/strong>, el colch\u00f3n Loewe es ideal para combinar con cualquier base, asegurando estabilidad y confort.<\/p>\n<p>El colch\u00f3n Loewe est\u00e1 disponible en <strong>Modesti House<\/strong> en Tenerife, tu tienda de confianza para colchones y muebles de alta calidad, donde encontrar\u00e1s opciones perfectas para tu descanso.<\/p>\n<\/div>\n<\/div>\n<\/div>\n<\/div>\n","protected":false},"featured_media":34486,"template":"","meta":[],"product_brand":[],"product_cat":[111,180,254],"product_tag":[],"class_list":{"0":"post-34485","1":"product","2":"type-product","3":"status-publish","4":"has-post-thumbnail","6":"product_cat-colchones","7":"product_cat-colchones-muelles","8":"product_cat-descanso","10":"first","11":"instock","12":"shipping-taxable","13":"purchasable","14":"product-type-variable"},"aioseo_notices":[],"_links":{"self":[{"href":"https:\/\/modestihouse.com\/index.php\/wp-json\/wp\/v2\/product\/34485","targetHints":{"allow":["GET"]}}],"collection":[{"href":"https:\/\/modestihouse.com\/index.php\/wp-json\/wp\/v2\/product"}],"about":[{"href":"https:\/\/modestihouse.com\/index.php\/wp-json\/wp\/v2\/types\/product"}],"wp:featuredmedia":[{"embeddable":true,"href":"https:\/\/modestihouse.com\/index.php\/wp-json\/wp\/v2\/media\/34486"}],"wp:attachment":[{"href":"https:\/\/modestihouse.com\/index.php\/wp-json\/wp\/v2\/media?parent=34485"}],"wp:term":[{"taxonomy":"product_brand","embeddable":true,"href":"https:\/\/modestihouse.com\/index.php\/wp-json\/wp\/v2\/product_brand?post=34485"},{"taxonomy":"product_cat","embeddable":true,"href":"https:\/\/modestihouse.com\/index.php\/wp-json\/wp\/v2\/product_cat?post=34485"},{"taxonomy":"product_tag","embeddable":true,"href":"https:\/\/modestihouse.com\/index.php\/wp-json\/wp\/v2\/product_tag?post=34485"}],"curies":[{"name":"wp","href":"https:\/\/api.w.org\/{rel}","templated":true}]}}