{"id":34559,"date":"2024-12-13T17:28:33","date_gmt":"2024-12-13T16:28:33","guid":{"rendered":"https:\/\/modestihouse.com\/?post_type=product&#038;p=34559"},"modified":"2024-12-13T17:28:34","modified_gmt":"2024-12-13T16:28:34","slug":"silla-comedor-tela-beni","status":"publish","type":"product","link":"https:\/\/modestihouse.com\/index.php\/producto\/silla-comedor-tela-beni\/","title":{"rendered":"Silla Comedor Tela Beni"},"content":{"rendered":"<p>Elegante silla de comedor, con asiento y respaldo tapizado en\u00a0tela y de tacto suave. Este tipo de tejido, es de gran resistencia al uso diario y se puede lavar a mano. Presenta un acabado en negro con patas met\u00e1licas en color negro. Dise\u00f1o moderno y ergon\u00f3mico, permitiendo una sentada c\u00f3moda y confortable. Cuenta adem\u00e1s con una resistente estructura de metal recubierta de pl\u00e1stico anti rayado para una mejor conservaci\u00f3n y con respaldo alto para que puedas apoyar la espalda en su totalidad. Resulta perfecta para combinar con cualquier mesa de cristal.<\/p>\n<p><strong>Propiedades<\/strong><\/p>\n<ul>\n<li>Silla de comedor<\/li>\n<li>Modelo:\u00a0XS2059<\/li>\n<li>Tapizado en Tela<\/li>\n<li>Estructura met\u00e1lica color negro<\/li>\n<li>Asiento y respaldo alto<\/li>\n<li>Patas recubiertas con pintura electroest\u00e1tica<\/li>\n<li>Dise\u00f1o moderno con l\u00edneas horizontales<\/li>\n<li>Muy resistente al uso diario<\/li>\n<\/ul>\n<p><strong>Medidas:<\/strong><\/p>\n<p>L42 x F48 x A46\/98<\/p>\n","protected":false},"excerpt":{"rendered":"<p>Elegante silla de comedor, con asiento y respaldo tapizado en tela y de tacto suave. Perfecta para combinar con cualquier mesa de cristal.<\/p>\n","protected":false},"featured_media":34560,"template":"","meta":[],"product_brand":[],"product_cat":[222,353],"product_tag":[],"class_list":{"0":"post-34559","1":"product","2":"type-product","3":"status-publish","4":"has-post-thumbnail","6":"product_cat-silla-comedor","7":"product_cat-sillas","9":"first","10":"instock","11":"sale","12":"shipping-taxable","13":"purchasable","14":"product-type-simple"},"aioseo_notices":[],"_links":{"self":[{"href":"https:\/\/modestihouse.com\/index.php\/wp-json\/wp\/v2\/product\/34559","targetHints":{"allow":["GET"]}}],"collection":[{"href":"https:\/\/modestihouse.com\/index.php\/wp-json\/wp\/v2\/product"}],"about":[{"href":"https:\/\/modestihouse.com\/index.php\/wp-json\/wp\/v2\/types\/product"}],"wp:featuredmedia":[{"embeddable":true,"href":"https:\/\/modestihouse.com\/index.php\/wp-json\/wp\/v2\/media\/34560"}],"wp:attachment":[{"href":"https:\/\/modestihouse.com\/index.php\/wp-json\/wp\/v2\/media?parent=34559"}],"wp:term":[{"taxonomy":"product_brand","embeddable":true,"href":"https:\/\/modestihouse.com\/index.php\/wp-json\/wp\/v2\/product_brand?post=34559"},{"taxonomy":"product_cat","embeddable":true,"href":"https:\/\/modestihouse.com\/index.php\/wp-json\/wp\/v2\/product_cat?post=34559"},{"taxonomy":"product_tag","embeddable":true,"href":"https:\/\/modestihouse.com\/index.php\/wp-json\/wp\/v2\/product_tag?post=34559"}],"curies":[{"name":"wp","href":"https:\/\/api.w.org\/{rel}","templated":true}]}}