{"id":34598,"date":"2025-01-09T18:46:23","date_gmt":"2025-01-09T17:46:23","guid":{"rendered":"https:\/\/modestihouse.com\/?post_type=product&#038;p=34598"},"modified":"2025-01-09T18:46:23","modified_gmt":"2025-01-09T17:46:23","slug":"mueble-tv-kaspian-120-c-cambria","status":"publish","type":"product","link":"https:\/\/modestihouse.com\/index.php\/producto\/mueble-tv-kaspian-120-c-cambria\/","title":{"rendered":"Mueble TV Kaspian 120 C\/Cambria"},"content":{"rendered":"","protected":false},"excerpt":{"rendered":"<p>El mobiliario principal est\u00e1 compuesto por un conjunto de muebles en tonos de madera clara que aportan calidez al espacio. Esta colecci\u00f3n te permite combinar en tu sal\u00f3n con su aparador o las estanter\u00edas que ofrecen tanto almacenamiento como espacio para la decoraci\u00f3n, incluyendo libros y plantas peque\u00f1as.<\/p>\n<p><strong>Medidas:<\/strong><\/p>\n<p>L120 x F50 x A55<\/p>\n","protected":false},"featured_media":34599,"template":"","meta":[],"product_brand":[],"product_cat":[214,415],"product_tag":[],"class_list":{"0":"post-34598","1":"product","2":"type-product","3":"status-publish","4":"has-post-thumbnail","6":"product_cat-bajo-tv","7":"product_cat-mueble-bajo-tv","9":"first","10":"instock","11":"shipping-taxable","12":"product-type-simple"},"aioseo_notices":[],"_links":{"self":[{"href":"https:\/\/modestihouse.com\/index.php\/wp-json\/wp\/v2\/product\/34598","targetHints":{"allow":["GET"]}}],"collection":[{"href":"https:\/\/modestihouse.com\/index.php\/wp-json\/wp\/v2\/product"}],"about":[{"href":"https:\/\/modestihouse.com\/index.php\/wp-json\/wp\/v2\/types\/product"}],"wp:featuredmedia":[{"embeddable":true,"href":"https:\/\/modestihouse.com\/index.php\/wp-json\/wp\/v2\/media\/34599"}],"wp:attachment":[{"href":"https:\/\/modestihouse.com\/index.php\/wp-json\/wp\/v2\/media?parent=34598"}],"wp:term":[{"taxonomy":"product_brand","embeddable":true,"href":"https:\/\/modestihouse.com\/index.php\/wp-json\/wp\/v2\/product_brand?post=34598"},{"taxonomy":"product_cat","embeddable":true,"href":"https:\/\/modestihouse.com\/index.php\/wp-json\/wp\/v2\/product_cat?post=34598"},{"taxonomy":"product_tag","embeddable":true,"href":"https:\/\/modestihouse.com\/index.php\/wp-json\/wp\/v2\/product_tag?post=34598"}],"curies":[{"name":"wp","href":"https:\/\/api.w.org\/{rel}","templated":true}]}}