{"id":34649,"date":"2025-03-06T14:11:34","date_gmt":"2025-03-06T13:11:34","guid":{"rendered":"https:\/\/modestihouse.com\/?post_type=product&#038;p=34649"},"modified":"2025-03-06T14:11:34","modified_gmt":"2025-03-06T13:11:34","slug":"butaca-lora-3-plazas-t-galera","status":"publish","type":"product","link":"https:\/\/modestihouse.com\/index.php\/producto\/butaca-lora-3-plazas-t-galera\/","title":{"rendered":"Butaca Lora 3 Plazas T\/Galera"},"content":{"rendered":"<p>Descripcion:<\/p>\n<p>La butaca Lora con dise\u00f1o capiton\u00e9 en su respaldo es ideal para cualquier espacio. Disponible en varios colores en tela galera, podr\u00e1s elegir el que mejor se ajuste a tus preferencias.<\/p>\n<div id=\"tab-content\" class=\"tab-content\">\n<div id=\"description\" class=\"tab-pane in active\" role=\"tabpanel\">\n<div class=\"product-description\">\n<p>Con la butaca de 3 plazas modelo Lora, podr\u00e1s darle un toque especial a cualquier espacio gracias a su respaldo con dise\u00f1o capiton\u00e9. Incluye una comodidad extra gracias a su respaldo con espuma D-20kg. y asiento con espuma D-25 kg. Adem\u00e1s, su resistente estructura de madera de pino gallego le brindan una gran durabilidad a la pieza. Se encuentra disponible en varios colores, ideal para escoger la que mejor se adapte a tu espacio y preferencias.<\/p>\n<p>Colores diponibles por orden de imagenes: Turquesa, Verde Claro, Rosa, Gris Oscuro, Gris Claro, Tierra y Tostado<\/p>\n<p><strong>Medidas<\/strong>:<\/p>\n<ul>\n<li>Largo (L): 153 cm.<\/li>\n<li>Fondo (F): 67 cm \/ 52 cm (asiento).<\/li>\n<li>Alto (A): 100 cm \/ 67 cm.<\/li>\n<\/ul>\n<p><strong>Caracter\u00edsticas principales<\/strong>:<\/p>\n<ul>\n<li>Respaldo con dise\u00f1o capiton\u00e9.<\/li>\n<li>Tela antimanchas.<\/li>\n<li>Capacidad de asiento de 3 plazas.<\/li>\n<\/ul>\n<p><strong>Materiales<\/strong>:<\/p>\n<ul>\n<li>Estructura: Madera de pino gallego.<\/li>\n<li>Relleno de respaldo: Espumaci\u00f3n de 20 kg de densidad.<\/li>\n<li>Asiento: Cojines con Espumaci\u00f3n de 25 kg de densidad fibrado.<\/li>\n<li>Patas: Madera torneada.<\/li>\n<li>Suspensi\u00f3n: Cincha 6cm.<\/li>\n<li>Color de la tela o revestimiento: Galera.<\/li>\n<\/ul>\n<\/div>\n<\/div>\n<\/div>\n","protected":false},"excerpt":{"rendered":"<p>Descripcion: La butaca Lora con dise\u00f1o capiton\u00e9 en su respaldo es ideal para cualquier espacio. Disponible en varios colores en<\/p>\n","protected":false},"featured_media":34650,"template":"","meta":[],"product_brand":[],"product_cat":[488,229],"product_tag":[],"class_list":{"0":"post-34649","1":"product","2":"type-product","3":"status-publish","4":"has-post-thumbnail","6":"product_cat-butaca-3-plazas","7":"product_cat-butacas","9":"first","10":"instock","11":"sale","12":"shipping-taxable","13":"purchasable","14":"product-type-simple"},"aioseo_notices":[],"_links":{"self":[{"href":"https:\/\/modestihouse.com\/index.php\/wp-json\/wp\/v2\/product\/34649","targetHints":{"allow":["GET"]}}],"collection":[{"href":"https:\/\/modestihouse.com\/index.php\/wp-json\/wp\/v2\/product"}],"about":[{"href":"https:\/\/modestihouse.com\/index.php\/wp-json\/wp\/v2\/types\/product"}],"wp:featuredmedia":[{"embeddable":true,"href":"https:\/\/modestihouse.com\/index.php\/wp-json\/wp\/v2\/media\/34650"}],"wp:attachment":[{"href":"https:\/\/modestihouse.com\/index.php\/wp-json\/wp\/v2\/media?parent=34649"}],"wp:term":[{"taxonomy":"product_brand","embeddable":true,"href":"https:\/\/modestihouse.com\/index.php\/wp-json\/wp\/v2\/product_brand?post=34649"},{"taxonomy":"product_cat","embeddable":true,"href":"https:\/\/modestihouse.com\/index.php\/wp-json\/wp\/v2\/product_cat?post=34649"},{"taxonomy":"product_tag","embeddable":true,"href":"https:\/\/modestihouse.com\/index.php\/wp-json\/wp\/v2\/product_tag?post=34649"}],"curies":[{"name":"wp","href":"https:\/\/api.w.org\/{rel}","templated":true}]}}