{"id":34670,"date":"2025-03-23T14:11:37","date_gmt":"2025-03-23T13:11:37","guid":{"rendered":"https:\/\/modestihouse.com\/?post_type=product&#038;p=34670"},"modified":"2025-03-23T14:11:37","modified_gmt":"2025-03-23T13:11:37","slug":"sofa-capri-2pchaisepouff","status":"publish","type":"product","link":"https:\/\/modestihouse.com\/index.php\/producto\/sofa-capri-2pchaisepouff\/","title":{"rendered":"Sofa Capri 2p+Chaise+Pouff"},"content":{"rendered":"<p>El sof\u00e1 Capri V en forma de U combina estilo y funcionalidad. Tapizado en tela de alta calidad. Cuenta con una cama desplegable, adem\u00e1s de un chaiselongue y puf con arc\u00f3n para almacenamiento adicional, es ideal para optimizar espacios y a\u00f1adir confort a cualquier estancia.<\/p>\n<p>El sof\u00e1 CAPRI V es una pieza \u00fanica que combina confort, funcionalidad y un dise\u00f1o moderno en forma de \u00abU\u00bb. Cuenta con reposacabezas ajustables, ofreciendo ergonom\u00eda con una comodidad personalizada, as\u00ed como tambi\u00e9n un chaiselongue y un puf, ambos con pr\u00e1cticos arcones integrados para almacenamiento adicional, ideales para mantener el espacio organizado.<\/p>\n<p>Otra gran ventaja es su sistema de carro extra\u00edble, que permite convertirlo en cama f\u00e1cilmente sin perder su est\u00e9tica contempor\u00e1nea. Es la opci\u00f3n perfecta para quienes buscan un sof\u00e1 pr\u00e1ctico y elegante para su hogar, fabricado con tela antimanchas que facilita su mantenimiento.<\/p>\n<p>Disponibles en 2 versatiles colores : Cemento y Gris Oscuro<\/p>\n<p dir=\"ltr\"><strong>Caracter\u00edsticas Principales<\/strong>:<\/p>\n<blockquote dir=\"ltr\">\n<p dir=\"ltr\">\u2022\u00a0Sof\u00e1 cama modular en forma de U.<br \/>\n\u2022\u00a0Dos plazas deslizantes con carro.<br \/>\n\u2022\u00a0Arc\u00f3n integrado en el chaiselongue.<br \/>\n\u2022\u00a0Tejido suave y c\u00f3modo.<br \/>\n\u2022\u00a0Cabezales reclinables.<br \/>\n\u2022\u00a0Puf con arc\u00f3n.<br \/>\n\u2022\u00a0Tela antimanchas.<br \/>\n\u2022\u00a0Capacidad de asientos de 6 plazas.<\/p>\n<\/blockquote>\n<p><strong>Materiales<\/strong>:<\/p>\n<blockquote dir=\"ltr\"><p>\u2022\u00a0Tapizado en tela barrel.<br \/>\n\u2022\u00a0Patas de pl\u00e1stico.<br \/>\n\u2022\u00a028 D espuma de asiento.<\/p><\/blockquote>\n<p><strong>Medidas<\/strong>:<\/p>\n<blockquote dir=\"ltr\"><p>\u2022\u00a0<strong>Longitud Total (L)<\/strong>: 348 cm<br \/>\n\u2022\u00a0<strong>Fondo (F)<\/strong>: 99 cm \/ 163 cm (con chaiselongue)<br \/>\n\u2022\u00a0<strong>Altura (A)<\/strong>: 50 cm (asiento) \/ 102 cm (con respaldo)<\/p><\/blockquote>\n","protected":false},"excerpt":{"rendered":"<p>El sof\u00e1 Capri V en forma de U combina estilo y funcionalidad. Tapizado en tela de alta calidad. Cuenta con<\/p>\n","protected":false},"featured_media":34671,"template":"","meta":[],"product_brand":[],"product_cat":[435,489],"product_tag":[490],"class_list":{"0":"post-34670","1":"product","2":"type-product","3":"status-publish","4":"has-post-thumbnail","6":"product_cat-sofa","7":"product_cat-sofachaisepouff","8":"product_tag-sofachaisepouff","10":"first","11":"instock","12":"sale","13":"shipping-taxable","14":"purchasable","15":"product-type-simple"},"aioseo_notices":[],"_links":{"self":[{"href":"https:\/\/modestihouse.com\/index.php\/wp-json\/wp\/v2\/product\/34670","targetHints":{"allow":["GET"]}}],"collection":[{"href":"https:\/\/modestihouse.com\/index.php\/wp-json\/wp\/v2\/product"}],"about":[{"href":"https:\/\/modestihouse.com\/index.php\/wp-json\/wp\/v2\/types\/product"}],"wp:featuredmedia":[{"embeddable":true,"href":"https:\/\/modestihouse.com\/index.php\/wp-json\/wp\/v2\/media\/34671"}],"wp:attachment":[{"href":"https:\/\/modestihouse.com\/index.php\/wp-json\/wp\/v2\/media?parent=34670"}],"wp:term":[{"taxonomy":"product_brand","embeddable":true,"href":"https:\/\/modestihouse.com\/index.php\/wp-json\/wp\/v2\/product_brand?post=34670"},{"taxonomy":"product_cat","embeddable":true,"href":"https:\/\/modestihouse.com\/index.php\/wp-json\/wp\/v2\/product_cat?post=34670"},{"taxonomy":"product_tag","embeddable":true,"href":"https:\/\/modestihouse.com\/index.php\/wp-json\/wp\/v2\/product_tag?post=34670"}],"curies":[{"name":"wp","href":"https:\/\/api.w.org\/{rel}","templated":true}]}}