{"id":34682,"date":"2025-03-23T14:41:32","date_gmt":"2025-03-23T13:41:32","guid":{"rendered":"https:\/\/modestihouse.com\/?post_type=product&#038;p=34682"},"modified":"2025-03-23T14:41:32","modified_gmt":"2025-03-23T13:41:32","slug":"sofa-cama-victoria-tela-flo-8","status":"publish","type":"product","link":"https:\/\/modestihouse.com\/index.php\/producto\/sofa-cama-victoria-tela-flo-8\/","title":{"rendered":"Sofa Cama Victoria Tela Flo 8"},"content":{"rendered":"<p>El modelo Victoria es un sof\u00e1 cama vers\u00e1til con sistema de carro y respaldo reclinable. Su dise\u00f1o permite transformarlo f\u00e1cilmente en un sof\u00e1 con chaiselonge extra\u00edble, en una c\u00f3moda cama o mantenerlo como un sof\u00e1 de 2 plazas.<\/p>\n<p>El sof\u00e1 cama Victoria posee un moderno dise\u00f1o en capiton\u00e9, d\u00e1ndole un toque distintivo a tu sal\u00f3n. Su respaldo reclinable te permite convertirlo en cama y ajustarlo a la comodidad de tu preferencia. Cuenta con chaiselongue y cama extra\u00edble, ofreciendo la posibilidad de usarlo como sof\u00e1 con chaiselongue, en una cama confortable o un sof\u00e1 de 2 plazas. Adem\u00e1s su relleno de espuma de alta densidad garantiza el confort que deseas para tus momentos de descanso.<\/p>\n<p>Disponibles en 2 versatiles colores: Gris y Beige<\/p>\n<p><strong>Medidas<\/strong>:<\/p>\n<p>Sof\u00e1:\u00a0 Largo 182 cm x Fondo 86 cm x Alto 93 cm.<br \/>\nCama:\u00a0 152 cm x 177 cm.<\/p>\n<p><strong>Caracter\u00edsticas principales<\/strong>:<\/p>\n<ul>\n<li>Convertible en cama.<\/li>\n<li>Dise\u00f1o capiton\u00e9.<\/li>\n<li>Sistema de carro.<\/li>\n<li>Incluye chaiselongue extraible.<\/li>\n<li>Chaiselongue y cama extra\u00edble.<\/li>\n<li>Asiento y respaldo acolchado.<\/li>\n<li>Respaldo reclinable.<\/li>\n<li>Capacidad de asientos de 2 plazas.<\/li>\n<\/ul>\n<p><strong>Materiales<\/strong>:<\/p>\n<ul>\n<li>Patas met\u00e1licas en color negro.<\/li>\n<li>Relleno de espuma de alta densidad.<\/li>\n<li>Asiento de muelle zigzag.<\/li>\n<li>Color de tela o revestimiento:Gris y Beige tostado.<\/li>\n<\/ul>\n","protected":false},"excerpt":{"rendered":"<p>El modelo Victoria es un sof\u00e1 cama vers\u00e1til con sistema de carro y respaldo reclinable. Su dise\u00f1o permite transformarlo f\u00e1cilmente<\/p>\n","protected":false},"featured_media":34683,"template":"","meta":[],"product_brand":[],"product_cat":[314],"product_tag":[],"class_list":{"0":"post-34682","1":"product","2":"type-product","3":"status-publish","4":"has-post-thumbnail","6":"product_cat-sofas-cama","8":"first","9":"instock","10":"sale","11":"shipping-taxable","12":"purchasable","13":"product-type-simple"},"aioseo_notices":[],"_links":{"self":[{"href":"https:\/\/modestihouse.com\/index.php\/wp-json\/wp\/v2\/product\/34682","targetHints":{"allow":["GET"]}}],"collection":[{"href":"https:\/\/modestihouse.com\/index.php\/wp-json\/wp\/v2\/product"}],"about":[{"href":"https:\/\/modestihouse.com\/index.php\/wp-json\/wp\/v2\/types\/product"}],"wp:featuredmedia":[{"embeddable":true,"href":"https:\/\/modestihouse.com\/index.php\/wp-json\/wp\/v2\/media\/34683"}],"wp:attachment":[{"href":"https:\/\/modestihouse.com\/index.php\/wp-json\/wp\/v2\/media?parent=34682"}],"wp:term":[{"taxonomy":"product_brand","embeddable":true,"href":"https:\/\/modestihouse.com\/index.php\/wp-json\/wp\/v2\/product_brand?post=34682"},{"taxonomy":"product_cat","embeddable":true,"href":"https:\/\/modestihouse.com\/index.php\/wp-json\/wp\/v2\/product_cat?post=34682"},{"taxonomy":"product_tag","embeddable":true,"href":"https:\/\/modestihouse.com\/index.php\/wp-json\/wp\/v2\/product_tag?post=34682"}],"curies":[{"name":"wp","href":"https:\/\/api.w.org\/{rel}","templated":true}]}}