{"id":34713,"date":"2025-06-25T17:15:38","date_gmt":"2025-06-25T15:15:38","guid":{"rendered":"https:\/\/modestihouse.com\/?post_type=product&#038;p=34713"},"modified":"2025-06-25T17:15:38","modified_gmt":"2025-06-25T15:15:38","slug":"mesita-elba-3c","status":"publish","type":"product","link":"https:\/\/modestihouse.com\/index.php\/producto\/mesita-elba-3c\/","title":{"rendered":"Mesita Elba 3C"},"content":{"rendered":"<p>Mesita\u00a03 cajones modelo ELBA, disponible en varios colores.<\/p>\n<p><em>*Juego de patas opcionales (NO incluidas)<\/em><\/p>\n<p>Viene montado.<\/p>\n<p><strong>Caracter\u00edsticas del producto Ready, Elba y Genil.<\/strong><\/p>\n<ul>\n<li>Tablero de part\u00edculas melaminizadas de primera calidad. Re\u00fane las caracter\u00edsticas seg\u00fan normativa vigente. En los siguientes grosores: 10 mm, 16 mm, 19 mm, 25mm y 30 mm.<\/li>\n<li>Moldura en DM recubierta en papel melam\u00ednico para los detalles de tapetas en frentes de cajones y patas de las mesas de comedor.<\/li>\n<li>Cantos de PVC de 1 mm para frentes y 0,5 mm para resto.<\/li>\n<li>Herrajes de primera calidad fabricados en metal niquelado.<br \/>\n&#8211; Bisagras met\u00e1licas de 35 mm de di\u00e1metro regulables.<br \/>\n&#8211; Bases de bisagras en acero.<br \/>\n&#8211; Gu\u00edas met\u00e1licas para los cajones en modelos Elba y Genil.<br \/>\n&#8211; Gu\u00edas PVC para los cajones en el modelo Ready.<br \/>\n&#8211; Juego de soporte pared para estantes en ABS.<br \/>\n&#8211; Asa tirador en ABS.<\/li>\n<li>Cristales:<br \/>\n&#8211; Luna espejo de 3 mm. con los cantos pulidos para los marcos y los murales de los dormitorios.<br \/>\n&#8211; Cristal de 4 mm. incoloro para las puertas de las vitrinas.<\/li>\n<li>Seguridad:<br \/>\n&#8211; No deber\u00e1 fijarse nunca el mueble a una pared que no ofrezca garant\u00edas de tracci\u00f3n.<br \/>\n&#8211; Los herrajes suministrados son aptos para paredes de piedra, ladrillo y hormig\u00f3n.<br \/>\n&#8211; La empresa no se responsabilizar\u00e1 de los da\u00f1os ocasionados por no tener en cuenta dichas advertencias.<br \/>\nMobiliario apto para el uso dom\u00e9stico, no utilizar para su limpieza productos amoniacales ni abrasivos. Los productos fabricados cumplen con toda la garant\u00eda que marca la legislaci\u00f3n vigente.<\/li>\n<\/ul>\n<p>&nbsp;<\/p>\n<p><strong>Medidas:<\/strong><\/p>\n<p>L50 x F34,6\u00a0x A59,6<\/p>\n","protected":false},"excerpt":{"rendered":"<p>Mesita\u00a03 cajones modelo ELBA, disponible en varios colores. *Juego de patas opcionales (NO incluidas) Viene montado. Caracter\u00edsticas del producto Ready,<\/p>\n","protected":false},"featured_media":34714,"template":"","meta":[],"product_brand":[],"product_cat":[195,89],"product_tag":[],"class_list":{"0":"post-34713","1":"product","2":"type-product","3":"status-publish","4":"has-post-thumbnail","6":"product_cat-mesa-noche","7":"product_cat-mesitas","9":"first","10":"instock","11":"sale","12":"shipping-taxable","13":"purchasable","14":"product-type-simple"},"aioseo_notices":[],"_links":{"self":[{"href":"https:\/\/modestihouse.com\/index.php\/wp-json\/wp\/v2\/product\/34713","targetHints":{"allow":["GET"]}}],"collection":[{"href":"https:\/\/modestihouse.com\/index.php\/wp-json\/wp\/v2\/product"}],"about":[{"href":"https:\/\/modestihouse.com\/index.php\/wp-json\/wp\/v2\/types\/product"}],"wp:featuredmedia":[{"embeddable":true,"href":"https:\/\/modestihouse.com\/index.php\/wp-json\/wp\/v2\/media\/34714"}],"wp:attachment":[{"href":"https:\/\/modestihouse.com\/index.php\/wp-json\/wp\/v2\/media?parent=34713"}],"wp:term":[{"taxonomy":"product_brand","embeddable":true,"href":"https:\/\/modestihouse.com\/index.php\/wp-json\/wp\/v2\/product_brand?post=34713"},{"taxonomy":"product_cat","embeddable":true,"href":"https:\/\/modestihouse.com\/index.php\/wp-json\/wp\/v2\/product_cat?post=34713"},{"taxonomy":"product_tag","embeddable":true,"href":"https:\/\/modestihouse.com\/index.php\/wp-json\/wp\/v2\/product_tag?post=34713"}],"curies":[{"name":"wp","href":"https:\/\/api.w.org\/{rel}","templated":true}]}}