{"id":34780,"date":"2025-06-25T19:35:36","date_gmt":"2025-06-25T17:35:36","guid":{"rendered":"https:\/\/modestihouse.com\/?post_type=product&#038;p=34780"},"modified":"2025-06-25T19:35:36","modified_gmt":"2025-06-25T17:35:36","slug":"mesita-miranda-2c","status":"publish","type":"product","link":"https:\/\/modestihouse.com\/index.php\/producto\/mesita-miranda-2c\/","title":{"rendered":"Mesita Miranda 2C"},"content":{"rendered":"<p>DESCRIPCION<\/p>\n<p>Mesita de noche de madera de pino lacada en varios colores, con tapa en tono natural. Dispone de 2 cajones con tiradores met\u00e1licos y herrajes met\u00e1licos completan este sencillo mueble de l\u00edneas rectas.<\/p>\n<p>Con esta fant\u00e1stica mesita tendr\u00e1s el estilo n\u00f3rdico en toda su esencia, fabricado en DM y metal, tiene un acabado mate muy tendencia, la simpleza de sus l\u00edneas lo hacen extremadamente especial. Tendr\u00e1s todo lo que necesitas para tu sal\u00f3n.<\/p>\n<p><strong>Caracter\u00edsticas<\/strong><\/p>\n<ul>\n<li>Realizada en madera de pino lacada.<\/li>\n<li>2 Cajones con gu\u00edas met\u00e1licas.<\/li>\n<li>La tapa en pino natural.<\/li>\n<li>El cuerpo de la mesita\u00a0se puede elegir en varios colores con acabados a la cera natural.<\/li>\n<\/ul>\n<p>&nbsp;<\/p>\n<p><strong>Medidas:<\/strong><\/p>\n<p>L46 x F35 x A50<\/p>\n","protected":false},"excerpt":{"rendered":"<p>DESCRIPCION Mesita de noche de madera de pino lacada en varios colores, con tapa en tono natural. Dispone de 2<\/p>\n","protected":false},"featured_media":34781,"template":"","meta":[],"product_brand":[],"product_cat":[195,89],"product_tag":[],"class_list":{"0":"post-34780","1":"product","2":"type-product","3":"status-publish","4":"has-post-thumbnail","6":"product_cat-mesa-noche","7":"product_cat-mesitas","9":"first","10":"instock","11":"sale","12":"shipping-taxable","13":"purchasable","14":"product-type-simple"},"aioseo_notices":[],"_links":{"self":[{"href":"https:\/\/modestihouse.com\/index.php\/wp-json\/wp\/v2\/product\/34780","targetHints":{"allow":["GET"]}}],"collection":[{"href":"https:\/\/modestihouse.com\/index.php\/wp-json\/wp\/v2\/product"}],"about":[{"href":"https:\/\/modestihouse.com\/index.php\/wp-json\/wp\/v2\/types\/product"}],"wp:featuredmedia":[{"embeddable":true,"href":"https:\/\/modestihouse.com\/index.php\/wp-json\/wp\/v2\/media\/34781"}],"wp:attachment":[{"href":"https:\/\/modestihouse.com\/index.php\/wp-json\/wp\/v2\/media?parent=34780"}],"wp:term":[{"taxonomy":"product_brand","embeddable":true,"href":"https:\/\/modestihouse.com\/index.php\/wp-json\/wp\/v2\/product_brand?post=34780"},{"taxonomy":"product_cat","embeddable":true,"href":"https:\/\/modestihouse.com\/index.php\/wp-json\/wp\/v2\/product_cat?post=34780"},{"taxonomy":"product_tag","embeddable":true,"href":"https:\/\/modestihouse.com\/index.php\/wp-json\/wp\/v2\/product_tag?post=34780"}],"curies":[{"name":"wp","href":"https:\/\/api.w.org\/{rel}","templated":true}]}}