{"id":34785,"date":"2025-06-26T13:08:12","date_gmt":"2025-06-26T11:08:12","guid":{"rendered":"https:\/\/modestihouse.com\/?post_type=product&#038;p=34785"},"modified":"2025-06-26T13:08:12","modified_gmt":"2025-06-26T11:08:12","slug":"composicion-de-salon-normandia-c-taho-antracita","status":"publish","type":"product","link":"https:\/\/modestihouse.com\/index.php\/producto\/composicion-de-salon-normandia-c-taho-antracita\/","title":{"rendered":"Composicion de Salon Normandia C\/Taho Antracita"},"content":{"rendered":"<p>DESCRIPCION<\/p>\n<p>La composici\u00f3n de sal\u00f3n Normandia combina un contraste entre su acabado taho-antracita, que aporta elegancia visual y calidez al ambiente. Incluye un mueble de TV con dos puertas, un m\u00f3dulo alto de colgar con dos puertas y 3 huecos para objetos decorativos o libros, adem\u00e1s de un estante superior ideal para completar la decoraci\u00f3n del espacio.<\/p>\n<p>Gracias a su distribuci\u00f3n equilibrada y materiales resistentes, es una soluci\u00f3n pr\u00e1ctica y decorativa para cualquier sal\u00f3n moderno.<\/p>\n<p><strong>Medidas:<br \/>\n<\/strong>Largo: 210 cm<br \/>\nFondo: 38 cm<br \/>\nAlto: 200 cm<\/p>\n<p><strong>Caracter\u00edsticas:<\/strong><\/p>\n<ul>\n<li>Composici\u00f3n de sal\u00f3n modelo Normandia.<\/li>\n<li>Mueble de tv de 2 puertas.<\/li>\n<li>M\u00f3dulo de colgar con 2 puertas y 3 huecos.<\/li>\n<li>1 estante.<\/li>\n<li>Puertas abatibles.<\/li>\n<li>Tiradores rectos.<\/li>\n<li>Gran capacidad de almacenaje.<\/li>\n<\/ul>\n<p><strong>Materiales:<\/strong><\/p>\n<ul>\n<li>Fabricado en tablero aglomerado de part\u00edculas recubierto de melamina.<\/li>\n<li>Tiradores de pl\u00e1stico.<\/li>\n<li>Bisagras de metal.<\/li>\n<li>Colores: Taho-antracita.<\/li>\n<\/ul>\n","protected":false},"excerpt":{"rendered":"<p>DESCRIPCION La composici\u00f3n de sal\u00f3n Normandia combina un contraste entre su acabado taho-antracita, que aporta elegancia visual y calidez al<\/p>\n","protected":false},"featured_media":34786,"template":"","meta":[],"product_brand":[],"product_cat":[438],"product_tag":[],"class_list":{"0":"post-34785","1":"product","2":"type-product","3":"status-publish","4":"has-post-thumbnail","6":"product_cat-composicion-de-salon","8":"first","9":"instock","10":"sale","11":"shipping-taxable","12":"purchasable","13":"product-type-simple"},"aioseo_notices":[],"_links":{"self":[{"href":"https:\/\/modestihouse.com\/index.php\/wp-json\/wp\/v2\/product\/34785","targetHints":{"allow":["GET"]}}],"collection":[{"href":"https:\/\/modestihouse.com\/index.php\/wp-json\/wp\/v2\/product"}],"about":[{"href":"https:\/\/modestihouse.com\/index.php\/wp-json\/wp\/v2\/types\/product"}],"wp:featuredmedia":[{"embeddable":true,"href":"https:\/\/modestihouse.com\/index.php\/wp-json\/wp\/v2\/media\/34786"}],"wp:attachment":[{"href":"https:\/\/modestihouse.com\/index.php\/wp-json\/wp\/v2\/media?parent=34785"}],"wp:term":[{"taxonomy":"product_brand","embeddable":true,"href":"https:\/\/modestihouse.com\/index.php\/wp-json\/wp\/v2\/product_brand?post=34785"},{"taxonomy":"product_cat","embeddable":true,"href":"https:\/\/modestihouse.com\/index.php\/wp-json\/wp\/v2\/product_cat?post=34785"},{"taxonomy":"product_tag","embeddable":true,"href":"https:\/\/modestihouse.com\/index.php\/wp-json\/wp\/v2\/product_tag?post=34785"}],"curies":[{"name":"wp","href":"https:\/\/api.w.org\/{rel}","templated":true}]}}