{"id":34789,"date":"2025-06-26T13:42:37","date_gmt":"2025-06-26T11:42:37","guid":{"rendered":"https:\/\/modestihouse.com\/?post_type=product&#038;p=34789"},"modified":"2025-06-26T13:42:37","modified_gmt":"2025-06-26T11:42:37","slug":"mueble-tv-longue-c-cashmere-cambria","status":"publish","type":"product","link":"https:\/\/modestihouse.com\/index.php\/producto\/mueble-tv-longue-c-cashmere-cambria\/","title":{"rendered":"Mueble TV Longue C\/Cashmere Cambria"},"content":{"rendered":"<p>DESCRIPCION<\/p>\n<p>El mueble tv Longue con su dise\u00f1o en cashmere-cambrian crea un ambiente acogedor. Posee dos puertas abatibles y 2 huecos que te ayudar\u00e1n a organizar los objetos y la decoraci\u00f3n que desees. Adem\u00e1s, fabricado en aglomerado y revestido con melamina, hacen de esta pieza resistente y perdurable.<\/p>\n<p><strong>Medidas:<\/strong><br \/>\nLargo (L): 200 cm<br \/>\nFondo (F): 45 cm<br \/>\nAlto (A): 52 cm<\/p>\n<p><strong>Caracter\u00edsticas:<\/strong><\/p>\n<ul>\n<li>Mueble de tv con 2 puertas abatibles y 2 huecos.<\/li>\n<li>Gran capacidad de almacenaje.<\/li>\n<li>Parte de la composici\u00f3n Longue.<\/li>\n<\/ul>\n<p><strong>Materiales:<\/strong><\/p>\n<ul>\n<li>Fabricado en tablero aglomerado de part\u00edculas recubierto de melamina.<\/li>\n<li>Patas de pl\u00e1stico con acabado cambrian.<\/li>\n<li>Colores: Cashmere-cambrian.<\/li>\n<\/ul>\n","protected":false},"excerpt":{"rendered":"<p>DESCRIPCION El mueble tv Longue con su dise\u00f1o en cashmere-cambrian crea un ambiente acogedor. Posee dos puertas abatibles y 2<\/p>\n","protected":false},"featured_media":34790,"template":"","meta":[],"product_brand":[],"product_cat":[415],"product_tag":[],"class_list":{"0":"post-34789","1":"product","2":"type-product","3":"status-publish","4":"has-post-thumbnail","6":"product_cat-mueble-bajo-tv","8":"first","9":"instock","10":"sale","11":"shipping-taxable","12":"purchasable","13":"product-type-simple"},"aioseo_notices":[],"_links":{"self":[{"href":"https:\/\/modestihouse.com\/index.php\/wp-json\/wp\/v2\/product\/34789","targetHints":{"allow":["GET"]}}],"collection":[{"href":"https:\/\/modestihouse.com\/index.php\/wp-json\/wp\/v2\/product"}],"about":[{"href":"https:\/\/modestihouse.com\/index.php\/wp-json\/wp\/v2\/types\/product"}],"wp:featuredmedia":[{"embeddable":true,"href":"https:\/\/modestihouse.com\/index.php\/wp-json\/wp\/v2\/media\/34790"}],"wp:attachment":[{"href":"https:\/\/modestihouse.com\/index.php\/wp-json\/wp\/v2\/media?parent=34789"}],"wp:term":[{"taxonomy":"product_brand","embeddable":true,"href":"https:\/\/modestihouse.com\/index.php\/wp-json\/wp\/v2\/product_brand?post=34789"},{"taxonomy":"product_cat","embeddable":true,"href":"https:\/\/modestihouse.com\/index.php\/wp-json\/wp\/v2\/product_cat?post=34789"},{"taxonomy":"product_tag","embeddable":true,"href":"https:\/\/modestihouse.com\/index.php\/wp-json\/wp\/v2\/product_tag?post=34789"}],"curies":[{"name":"wp","href":"https:\/\/api.w.org\/{rel}","templated":true}]}}