{"id":34799,"date":"2025-06-26T13:58:54","date_gmt":"2025-06-26T11:58:54","guid":{"rendered":"https:\/\/modestihouse.com\/?post_type=product&#038;p=34799"},"modified":"2025-06-26T13:58:54","modified_gmt":"2025-06-26T11:58:54","slug":"mesa-estudio-nepo-100cm-1c-c-blanco","status":"publish","type":"product","link":"https:\/\/modestihouse.com\/index.php\/producto\/mesa-estudio-nepo-100cm-1c-c-blanco\/","title":{"rendered":"Mesa Estudio Nepo 100CM 1C C\/Blanco"},"content":{"rendered":"<p>DESCRIPCION<\/p>\n<p>La mesa de estudio Nepo es ideal para crear un rinc\u00f3n de trabajo o estudio en tu hogar. Su dise\u00f1o en blanco liso aportan un estilo contempor\u00e1neo f\u00e1cil de combinar con otros muebles. Incluye un caj\u00f3n para guardar material de oficina o peque\u00f1os objetos.<\/p>\n<p>&nbsp;<\/p>\n<p><strong>Medidas:<\/strong><br \/>\nL100 x F59 x A75<\/p>\n<p><strong>Caracter\u00edsticas principales:<\/strong><\/p>\n<ul>\n<li>Mesa de estudio de 1 caj\u00f3n.<\/li>\n<li>Parte de la colecci\u00f3n de muebles modernos Nepo.<\/li>\n<\/ul>\n<p><strong>Materiales:<\/strong><\/p>\n<ul>\n<li>Fabricado en tablero aglomerado de part\u00edculas.<\/li>\n<li>Tirador recto.<\/li>\n<li>Color: Blanco.<\/li>\n<\/ul>\n","protected":false},"excerpt":{"rendered":"<p>DESCRIPCION La mesa de estudio Nepo es ideal para crear un rinc\u00f3n de trabajo o estudio en tu hogar. Su<\/p>\n","protected":false},"featured_media":34800,"template":"","meta":[],"product_brand":[],"product_cat":[74,253],"product_tag":[],"class_list":{"0":"post-34799","1":"product","2":"type-product","3":"status-publish","4":"has-post-thumbnail","6":"product_cat-escritorios","7":"product_cat-mesa-estudio","9":"first","10":"instock","11":"sale","12":"shipping-taxable","13":"purchasable","14":"product-type-simple"},"aioseo_notices":[],"_links":{"self":[{"href":"https:\/\/modestihouse.com\/index.php\/wp-json\/wp\/v2\/product\/34799","targetHints":{"allow":["GET"]}}],"collection":[{"href":"https:\/\/modestihouse.com\/index.php\/wp-json\/wp\/v2\/product"}],"about":[{"href":"https:\/\/modestihouse.com\/index.php\/wp-json\/wp\/v2\/types\/product"}],"wp:featuredmedia":[{"embeddable":true,"href":"https:\/\/modestihouse.com\/index.php\/wp-json\/wp\/v2\/media\/34800"}],"wp:attachment":[{"href":"https:\/\/modestihouse.com\/index.php\/wp-json\/wp\/v2\/media?parent=34799"}],"wp:term":[{"taxonomy":"product_brand","embeddable":true,"href":"https:\/\/modestihouse.com\/index.php\/wp-json\/wp\/v2\/product_brand?post=34799"},{"taxonomy":"product_cat","embeddable":true,"href":"https:\/\/modestihouse.com\/index.php\/wp-json\/wp\/v2\/product_cat?post=34799"},{"taxonomy":"product_tag","embeddable":true,"href":"https:\/\/modestihouse.com\/index.php\/wp-json\/wp\/v2\/product_tag?post=34799"}],"curies":[{"name":"wp","href":"https:\/\/api.w.org\/{rel}","templated":true}]}}