{"id":34824,"date":"2025-06-26T16:46:14","date_gmt":"2025-06-26T14:46:14","guid":{"rendered":"https:\/\/modestihouse.com\/?post_type=product&#038;p=34824"},"modified":"2025-06-26T16:46:14","modified_gmt":"2025-06-26T14:46:14","slug":"aparador-nepo-2-puertas-4-cajones-c-blanco","status":"publish","type":"product","link":"https:\/\/modestihouse.com\/index.php\/producto\/aparador-nepo-2-puertas-4-cajones-c-blanco\/","title":{"rendered":"Aparador Nepo 2 Puertas 4 Cajones C\/Blanco"},"content":{"rendered":"<p>Con el aparador Nepo de 2 puertas y 4 cajones lograr\u00e1s organizar al m\u00e1ximo los complementos de tu hogar. De estilo moderno, acabado blanco liso y tiradores rectos, es ideal para salones contempor\u00e1neos que requieren soluciones pr\u00e1cticas sin perder estilo. Parte de la colecci\u00f3n Nepo.<\/p>\n<p>&nbsp;<\/p>\n<p><strong>Medidas:<\/strong><\/p>\n<blockquote dir=\"ltr\"><p>L118,5 x F33,5 x A83,5<\/p><\/blockquote>\n<p><strong>Caracter\u00edsticas principales:<\/strong><\/p>\n<ul>\n<li>Aparador de 2 puertas y 4 cajones.<\/li>\n<li>Gran capacidad de almacenamiento.<\/li>\n<li>Parte de la colecci\u00f3n de muebles modernos Nepo.<\/li>\n<\/ul>\n<p><strong>Materiales:<\/strong><\/p>\n<ul>\n<li>Fabricado en tablero aglomerado de part\u00edculas.<\/li>\n<li>Tirador recto de metal.<\/li>\n<li>Color: Blanco.<\/li>\n<\/ul>\n","protected":false},"excerpt":{"rendered":"<p>Con el aparador Nepo de 2 puertas y 4 cajones lograr\u00e1s organizar al m\u00e1ximo los complementos de tu hogar. De<\/p>\n","protected":false},"featured_media":34825,"template":"","meta":[],"product_brand":[],"product_cat":[202],"product_tag":[],"class_list":{"0":"post-34824","1":"product","2":"type-product","3":"status-publish","4":"has-post-thumbnail","6":"product_cat-aparadores","8":"first","9":"instock","10":"sale","11":"shipping-taxable","12":"purchasable","13":"product-type-simple"},"aioseo_notices":[],"_links":{"self":[{"href":"https:\/\/modestihouse.com\/index.php\/wp-json\/wp\/v2\/product\/34824","targetHints":{"allow":["GET"]}}],"collection":[{"href":"https:\/\/modestihouse.com\/index.php\/wp-json\/wp\/v2\/product"}],"about":[{"href":"https:\/\/modestihouse.com\/index.php\/wp-json\/wp\/v2\/types\/product"}],"wp:featuredmedia":[{"embeddable":true,"href":"https:\/\/modestihouse.com\/index.php\/wp-json\/wp\/v2\/media\/34825"}],"wp:attachment":[{"href":"https:\/\/modestihouse.com\/index.php\/wp-json\/wp\/v2\/media?parent=34824"}],"wp:term":[{"taxonomy":"product_brand","embeddable":true,"href":"https:\/\/modestihouse.com\/index.php\/wp-json\/wp\/v2\/product_brand?post=34824"},{"taxonomy":"product_cat","embeddable":true,"href":"https:\/\/modestihouse.com\/index.php\/wp-json\/wp\/v2\/product_cat?post=34824"},{"taxonomy":"product_tag","embeddable":true,"href":"https:\/\/modestihouse.com\/index.php\/wp-json\/wp\/v2\/product_tag?post=34824"}],"curies":[{"name":"wp","href":"https:\/\/api.w.org\/{rel}","templated":true}]}}