{"id":34842,"date":"2025-06-26T17:37:20","date_gmt":"2025-06-26T15:37:20","guid":{"rendered":"https:\/\/modestihouse.com\/?post_type=product&#038;p=34842"},"modified":"2025-06-26T17:37:20","modified_gmt":"2025-06-26T15:37:20","slug":"estanteria-nordic-2p-6h-natural-serigrafia","status":"publish","type":"product","link":"https:\/\/modestihouse.com\/index.php\/producto\/estanteria-nordic-2p-6h-natural-serigrafia\/","title":{"rendered":"Estanteria Nordic 2P 6H Natural\/Serigrafia"},"content":{"rendered":"<p>Estanter\u00eda Nordic 2 puertas y\u00a06 huecos, color natural\/serigraf\u00eda.<\/p>\n<p><strong>CARACTER\u00cdSTICAS:<\/strong><\/p>\n<ul>\n<li>Peso 44,5 kg.<\/li>\n<li>Material: Melamina.<\/li>\n<li>Colecci\u00f3n Nordic.<\/li>\n<li>Estilo contempor\u00e1neo.<\/li>\n<li>Se sirve desmontado.<\/li>\n<\/ul>\n<p>&nbsp;<\/p>\n<p><strong>Medidas:<\/strong><\/p>\n<p>L92,1 x F40 x A160,2<\/p>\n","protected":false},"excerpt":{"rendered":"<p>Estanter\u00eda Nordic 2 puertas y\u00a06 huecos, color natural\/serigraf\u00eda. CARACTER\u00cdSTICAS: Peso 44,5 kg. Material: Melamina. Colecci\u00f3n Nordic. Estilo contempor\u00e1neo. Se sirve<\/p>\n","protected":false},"featured_media":34843,"template":"","meta":[],"product_brand":[],"product_cat":[417],"product_tag":[],"class_list":{"0":"post-34842","1":"product","2":"type-product","3":"status-publish","4":"has-post-thumbnail","6":"product_cat-estanteria","8":"first","9":"instock","10":"sale","11":"shipping-taxable","12":"purchasable","13":"product-type-simple"},"aioseo_notices":[],"_links":{"self":[{"href":"https:\/\/modestihouse.com\/index.php\/wp-json\/wp\/v2\/product\/34842","targetHints":{"allow":["GET"]}}],"collection":[{"href":"https:\/\/modestihouse.com\/index.php\/wp-json\/wp\/v2\/product"}],"about":[{"href":"https:\/\/modestihouse.com\/index.php\/wp-json\/wp\/v2\/types\/product"}],"wp:featuredmedia":[{"embeddable":true,"href":"https:\/\/modestihouse.com\/index.php\/wp-json\/wp\/v2\/media\/34843"}],"wp:attachment":[{"href":"https:\/\/modestihouse.com\/index.php\/wp-json\/wp\/v2\/media?parent=34842"}],"wp:term":[{"taxonomy":"product_brand","embeddable":true,"href":"https:\/\/modestihouse.com\/index.php\/wp-json\/wp\/v2\/product_brand?post=34842"},{"taxonomy":"product_cat","embeddable":true,"href":"https:\/\/modestihouse.com\/index.php\/wp-json\/wp\/v2\/product_cat?post=34842"},{"taxonomy":"product_tag","embeddable":true,"href":"https:\/\/modestihouse.com\/index.php\/wp-json\/wp\/v2\/product_tag?post=34842"}],"curies":[{"name":"wp","href":"https:\/\/api.w.org\/{rel}","templated":true}]}}