{"id":34847,"date":"2025-06-26T17:49:33","date_gmt":"2025-06-26T15:49:33","guid":{"rendered":"https:\/\/modestihouse.com\/?post_type=product&#038;p=34847"},"modified":"2025-06-26T17:49:33","modified_gmt":"2025-06-26T15:49:33","slug":"sofa-cama-sky","status":"publish","type":"product","link":"https:\/\/modestihouse.com\/index.php\/producto\/sofa-cama-sky\/","title":{"rendered":"Sofa Cama Sky"},"content":{"rendered":"<p>El Sof\u00e1 cama Sky tiene un sistema de apertura clic clac, combinado con muelles zigzag, facilita su conversi\u00f3n de sof\u00e1 a cama en un instante, proporcionando practicidad y confort en todo momento. La estructura met\u00e1lica garantiza una base s\u00f3lida y duradera, mientras que el relleno de espuma de alta densidad en el asiento y respaldo ofrece una experiencia de descanso superior.<\/p>\n<p>Est\u00e1 tapizado en tela de alta calidad y presenta un dise\u00f1o de capiton\u00e9 tanto en el respaldo como en el asiento, a\u00f1adiendo un toque de sofisticaci\u00f3n a cualquier ambiente. Ideal para recibir visitas inesperadas o para aprovechar mejor el espacio en habitaciones peque\u00f1as, este sof\u00e1 cama combina funcionalidad y estilo en un solo mueble. \u00a1Haz del sof\u00e1 cama Sky la pieza clave de tu hogar!<\/p>\n<p>&nbsp;<\/p>\n<p><strong>Medidas:<\/strong>\u00a0L188 x F57 x A88\u00a0\u00a0\u00a0\u00a0\u00a0\u00a0\u00a0\u00a0\u00a0\u00a0<strong>Cama:<\/strong>\u00a0L188 x F114 x A36<\/p>\n","protected":false},"excerpt":{"rendered":"<p>El Sof\u00e1 cama Sky tiene un sistema de apertura clic clac, combinado con muelles zigzag, facilita su conversi\u00f3n de sof\u00e1<\/p>\n","protected":false},"featured_media":34848,"template":"","meta":[],"product_brand":[],"product_cat":[435,314],"product_tag":[],"class_list":{"0":"post-34847","1":"product","2":"type-product","3":"status-publish","4":"has-post-thumbnail","6":"product_cat-sofa","7":"product_cat-sofas-cama","9":"first","10":"instock","11":"sale","12":"shipping-taxable","13":"purchasable","14":"product-type-simple"},"aioseo_notices":[],"_links":{"self":[{"href":"https:\/\/modestihouse.com\/index.php\/wp-json\/wp\/v2\/product\/34847","targetHints":{"allow":["GET"]}}],"collection":[{"href":"https:\/\/modestihouse.com\/index.php\/wp-json\/wp\/v2\/product"}],"about":[{"href":"https:\/\/modestihouse.com\/index.php\/wp-json\/wp\/v2\/types\/product"}],"wp:featuredmedia":[{"embeddable":true,"href":"https:\/\/modestihouse.com\/index.php\/wp-json\/wp\/v2\/media\/34848"}],"wp:attachment":[{"href":"https:\/\/modestihouse.com\/index.php\/wp-json\/wp\/v2\/media?parent=34847"}],"wp:term":[{"taxonomy":"product_brand","embeddable":true,"href":"https:\/\/modestihouse.com\/index.php\/wp-json\/wp\/v2\/product_brand?post=34847"},{"taxonomy":"product_cat","embeddable":true,"href":"https:\/\/modestihouse.com\/index.php\/wp-json\/wp\/v2\/product_cat?post=34847"},{"taxonomy":"product_tag","embeddable":true,"href":"https:\/\/modestihouse.com\/index.php\/wp-json\/wp\/v2\/product_tag?post=34847"}],"curies":[{"name":"wp","href":"https:\/\/api.w.org\/{rel}","templated":true}]}}