{"id":34854,"date":"2025-06-26T17:59:33","date_gmt":"2025-06-26T15:59:33","guid":{"rendered":"https:\/\/modestihouse.com\/?post_type=product&#038;p=34854"},"modified":"2025-06-26T17:59:33","modified_gmt":"2025-06-26T15:59:33","slug":"sofa-cama-libro-corea","status":"publish","type":"product","link":"https:\/\/modestihouse.com\/index.php\/producto\/sofa-cama-libro-corea\/","title":{"rendered":"Sofa Cama Libro Corea"},"content":{"rendered":"<p>Con el sof\u00e1 cama Corea tendr\u00e1s una mezcla de estilo y funcionalidad. Sof\u00e1 en formato libro con un sistema de apertura de bisagra autom\u00e1tica con dos posiciones. Incluye bastidores met\u00e1licos con lamas de haya y eucalipto. Fabricado en base de tablero de part\u00edculas y madera forrada en napa y tapizada hacen de este modelo un sof\u00e1 pr\u00e1ctico y resistente. Con su colch\u00f3n de hasta 30 kg\/m3 y edred\u00f3n de 320 gr. tendr\u00e1s firmeza en la sentada y comodidad en tu descanso.<\/p>\n<p>COLORES DISPONIBLES: Gris Claro, Gris Oscuro, Verde, Rojo y Cafe<\/p>\n<p><strong>Medida Sof\u00e1<\/strong>: Largo: 232cm x Fondo: 90cm x Alto: 99cm<br \/>\n<strong>Medida Abierto<\/strong>: Largo 232cm x Ancho: 135cm x Alto: 53cm<\/p>\n","protected":false},"excerpt":{"rendered":"<p>Con el sof\u00e1 cama Corea tendr\u00e1s una mezcla de estilo y funcionalidad. Sof\u00e1 en formato libro con un sistema de<\/p>\n","protected":false},"featured_media":34855,"template":"","meta":[],"product_brand":[],"product_cat":[435,314],"product_tag":[],"class_list":{"0":"post-34854","1":"product","2":"type-product","3":"status-publish","4":"has-post-thumbnail","6":"product_cat-sofa","7":"product_cat-sofas-cama","9":"first","10":"instock","11":"sale","12":"shipping-taxable","13":"purchasable","14":"product-type-simple"},"aioseo_notices":[],"_links":{"self":[{"href":"https:\/\/modestihouse.com\/index.php\/wp-json\/wp\/v2\/product\/34854","targetHints":{"allow":["GET"]}}],"collection":[{"href":"https:\/\/modestihouse.com\/index.php\/wp-json\/wp\/v2\/product"}],"about":[{"href":"https:\/\/modestihouse.com\/index.php\/wp-json\/wp\/v2\/types\/product"}],"wp:featuredmedia":[{"embeddable":true,"href":"https:\/\/modestihouse.com\/index.php\/wp-json\/wp\/v2\/media\/34855"}],"wp:attachment":[{"href":"https:\/\/modestihouse.com\/index.php\/wp-json\/wp\/v2\/media?parent=34854"}],"wp:term":[{"taxonomy":"product_brand","embeddable":true,"href":"https:\/\/modestihouse.com\/index.php\/wp-json\/wp\/v2\/product_brand?post=34854"},{"taxonomy":"product_cat","embeddable":true,"href":"https:\/\/modestihouse.com\/index.php\/wp-json\/wp\/v2\/product_cat?post=34854"},{"taxonomy":"product_tag","embeddable":true,"href":"https:\/\/modestihouse.com\/index.php\/wp-json\/wp\/v2\/product_tag?post=34854"}],"curies":[{"name":"wp","href":"https:\/\/api.w.org\/{rel}","templated":true}]}}