{"id":34866,"date":"2025-07-07T13:39:12","date_gmt":"2025-07-07T11:39:12","guid":{"rendered":"https:\/\/modestihouse.com\/?post_type=product&#038;p=34866"},"modified":"2025-07-07T13:39:12","modified_gmt":"2025-07-07T11:39:12","slug":"recibidor-blanco-tablilla-arica","status":"publish","type":"product","link":"https:\/\/modestihouse.com\/index.php\/producto\/recibidor-blanco-tablilla-arica\/","title":{"rendered":"Recibidor Blanco Tablilla Arica"},"content":{"rendered":"<p>El recibidor Arika destaca por su dise\u00f1o funcional y contempor\u00e1neo con el que podr\u00e1s decorar y organizar tu espacio. Incorpora un natural panel de tablillas verticales en madera, combinado con un\u00a0 m\u00f3dulo alto con espejo decorativo y un mueble bajo suspendido con dos puertas. Fabricado en aglomerado recubierto de melamina, en acabado blanco-tablilla.<\/p>\n<p><strong>Medidas:<br \/>\n<\/strong>Largo (L): 100 cm<br \/>\nFondo (F): 37 cm<br \/>\nAlto (A): 200 cm<\/p>\n<p><strong>Caracter\u00edsticas:<\/strong><\/p>\n<ul>\n<li>Panel de tablilla.<\/li>\n<li>M\u00f3dulo de colgar con espejo.<\/li>\n<li>M\u00f3dulo bajo de colgar con 2 puertas.<\/li>\n<\/ul>\n<p><strong>Materiales:<\/strong><\/p>\n<ul>\n<li>Fabricado en tablero aglomerado de part\u00edculas recubierto de melamina.<\/li>\n<li>Colores: Blanco-tablilla.<\/li>\n<\/ul>\n","protected":false},"excerpt":{"rendered":"<p>El recibidor Arika destaca por su dise\u00f1o funcional y contempor\u00e1neo con el que podr\u00e1s decorar y organizar tu espacio. Incorpora<\/p>\n","protected":false},"featured_media":34867,"template":"","meta":[],"product_brand":[],"product_cat":[70],"product_tag":[],"class_list":{"0":"post-34866","1":"product","2":"type-product","3":"status-publish","4":"has-post-thumbnail","6":"product_cat-recibidores","8":"first","9":"instock","10":"sale","11":"shipping-taxable","12":"purchasable","13":"product-type-simple"},"aioseo_notices":[],"_links":{"self":[{"href":"https:\/\/modestihouse.com\/index.php\/wp-json\/wp\/v2\/product\/34866","targetHints":{"allow":["GET"]}}],"collection":[{"href":"https:\/\/modestihouse.com\/index.php\/wp-json\/wp\/v2\/product"}],"about":[{"href":"https:\/\/modestihouse.com\/index.php\/wp-json\/wp\/v2\/types\/product"}],"wp:featuredmedia":[{"embeddable":true,"href":"https:\/\/modestihouse.com\/index.php\/wp-json\/wp\/v2\/media\/34867"}],"wp:attachment":[{"href":"https:\/\/modestihouse.com\/index.php\/wp-json\/wp\/v2\/media?parent=34866"}],"wp:term":[{"taxonomy":"product_brand","embeddable":true,"href":"https:\/\/modestihouse.com\/index.php\/wp-json\/wp\/v2\/product_brand?post=34866"},{"taxonomy":"product_cat","embeddable":true,"href":"https:\/\/modestihouse.com\/index.php\/wp-json\/wp\/v2\/product_cat?post=34866"},{"taxonomy":"product_tag","embeddable":true,"href":"https:\/\/modestihouse.com\/index.php\/wp-json\/wp\/v2\/product_tag?post=34866"}],"curies":[{"name":"wp","href":"https:\/\/api.w.org\/{rel}","templated":true}]}}