{"id":34915,"date":"2025-07-07T18:25:23","date_gmt":"2025-07-07T16:25:23","guid":{"rendered":"https:\/\/modestihouse.com\/?post_type=product&#038;p=34915"},"modified":"2025-07-07T18:25:23","modified_gmt":"2025-07-07T16:25:23","slug":"mesa-comedor-kiev-tapa-roble-p-negras","status":"publish","type":"product","link":"https:\/\/modestihouse.com\/index.php\/producto\/mesa-comedor-kiev-tapa-roble-p-negras\/","title":{"rendered":"Mesa Comedor Kiev Tapa Roble P\/Negras"},"content":{"rendered":"<p>Con la mesa rectangular modelo Kiev\u00a0tendr\u00e1s un dise\u00f1o moderno gracias a sus patas met\u00e1licas en forma de U. Su tapa de madera con acabado roble complementa el dise\u00f1o de la mesa, convirti\u00e9ndola en una pieza moderna y resistente.<\/p>\n<p><strong>Medidas:<br \/>\n<\/strong>L160xF90xA75 cm<br \/>\nL180xF90xA75 cm<\/p>\n<p><strong>Caracter\u00edsticas principales:<\/strong><\/p>\n<ul>\n<li>Mesa rectangular modelo Kiev con tapa roble y patas negras.<\/li>\n<li>Ideal para comedor.<\/li>\n<\/ul>\n<p><strong>Materiales:<\/strong><\/p>\n<ul>\n<li>Tapa de madera con acabado roble.<\/li>\n<li>Patas met\u00e1licas de color negro.<\/li>\n<\/ul>\n","protected":false},"excerpt":{"rendered":"<p>Con la mesa rectangular modelo Kiev\u00a0tendr\u00e1s un dise\u00f1o moderno gracias a sus patas met\u00e1licas en forma de U. Su tapa<\/p>\n","protected":false},"featured_media":34916,"template":"","meta":[],"product_brand":[],"product_cat":[220,410,80],"product_tag":[],"class_list":{"0":"post-34915","1":"product","2":"type-product","3":"status-publish","4":"has-post-thumbnail","6":"product_cat-mesa-comedor","7":"product_cat-mesa-rectangular","8":"product_cat-mesas","10":"first","11":"instock","12":"sale","13":"shipping-taxable","14":"purchasable","15":"product-type-simple"},"aioseo_notices":[],"_links":{"self":[{"href":"https:\/\/modestihouse.com\/index.php\/wp-json\/wp\/v2\/product\/34915","targetHints":{"allow":["GET"]}}],"collection":[{"href":"https:\/\/modestihouse.com\/index.php\/wp-json\/wp\/v2\/product"}],"about":[{"href":"https:\/\/modestihouse.com\/index.php\/wp-json\/wp\/v2\/types\/product"}],"wp:featuredmedia":[{"embeddable":true,"href":"https:\/\/modestihouse.com\/index.php\/wp-json\/wp\/v2\/media\/34916"}],"wp:attachment":[{"href":"https:\/\/modestihouse.com\/index.php\/wp-json\/wp\/v2\/media?parent=34915"}],"wp:term":[{"taxonomy":"product_brand","embeddable":true,"href":"https:\/\/modestihouse.com\/index.php\/wp-json\/wp\/v2\/product_brand?post=34915"},{"taxonomy":"product_cat","embeddable":true,"href":"https:\/\/modestihouse.com\/index.php\/wp-json\/wp\/v2\/product_cat?post=34915"},{"taxonomy":"product_tag","embeddable":true,"href":"https:\/\/modestihouse.com\/index.php\/wp-json\/wp\/v2\/product_tag?post=34915"}],"curies":[{"name":"wp","href":"https:\/\/api.w.org\/{rel}","templated":true}]}}