{"id":34917,"date":"2025-07-07T18:30:42","date_gmt":"2025-07-07T16:30:42","guid":{"rendered":"https:\/\/modestihouse.com\/?post_type=product&#038;p=34917"},"modified":"2025-07-07T18:31:53","modified_gmt":"2025-07-07T16:31:53","slug":"bodeguero-longue-c-cashmere-cambria","status":"publish","type":"product","link":"https:\/\/modestihouse.com\/index.php\/producto\/bodeguero-longue-c-cashmere-cambria\/","title":{"rendered":"Bodeguero Longue C\/Cashmere Cambria"},"content":{"rendered":"<p>El bodeguero Longue destaca por su dise\u00f1o moderno y minimalista gracias a su acabado en cashmere-cambrian. Incluye un caj\u00f3n extra\u00edble, tres puertas y m\u00faltiples compartimientos interiores que facilitan la organizaci\u00f3n de complementos en el hogar. Fabricado en aglomerado de part\u00edculas, es una pieza robusta y vers\u00e1til para cualquier espacio.<\/p>\n<p><strong>Medidas:<\/strong><br \/>\nLargo (L): 90 cm<br \/>\nFondo (F): 45 cm<br \/>\nAlto (A): 151 cm<\/p>\n<p><strong>Caracter\u00edsticas:<\/strong><\/p>\n<ul>\n<li>Bodeguero con 1 caj\u00f3n extra\u00edble y 3 puertas.<\/li>\n<li>Gran capacidad de almacenaje.<\/li>\n<li>Parte de la composici\u00f3n Longue.<\/li>\n<\/ul>\n<p><strong>Materiales:<\/strong><\/p>\n<ul>\n<li>Fabricado en tablero aglomerado de part\u00edculas recubierto de melamina.<\/li>\n<li>Patas de pl\u00e1stico con acabado cambrian.<\/li>\n<li>Colores: Cashmere-cambrian.<\/li>\n<\/ul>\n","protected":false},"excerpt":{"rendered":"<p>El bodeguero Longue destaca por su dise\u00f1o moderno y minimalista gracias a su acabado en cashmere-cambrian. Incluye un caj\u00f3n extra\u00edble,<\/p>\n","protected":false},"featured_media":34918,"template":"","meta":[],"product_brand":[],"product_cat":[491],"product_tag":[],"class_list":{"0":"post-34917","1":"product","2":"type-product","3":"status-publish","4":"has-post-thumbnail","6":"product_cat-bodeguero","8":"first","9":"instock","10":"sale","11":"shipping-taxable","12":"purchasable","13":"product-type-simple"},"aioseo_notices":[],"_links":{"self":[{"href":"https:\/\/modestihouse.com\/index.php\/wp-json\/wp\/v2\/product\/34917","targetHints":{"allow":["GET"]}}],"collection":[{"href":"https:\/\/modestihouse.com\/index.php\/wp-json\/wp\/v2\/product"}],"about":[{"href":"https:\/\/modestihouse.com\/index.php\/wp-json\/wp\/v2\/types\/product"}],"wp:featuredmedia":[{"embeddable":true,"href":"https:\/\/modestihouse.com\/index.php\/wp-json\/wp\/v2\/media\/34918"}],"wp:attachment":[{"href":"https:\/\/modestihouse.com\/index.php\/wp-json\/wp\/v2\/media?parent=34917"}],"wp:term":[{"taxonomy":"product_brand","embeddable":true,"href":"https:\/\/modestihouse.com\/index.php\/wp-json\/wp\/v2\/product_brand?post=34917"},{"taxonomy":"product_cat","embeddable":true,"href":"https:\/\/modestihouse.com\/index.php\/wp-json\/wp\/v2\/product_cat?post=34917"},{"taxonomy":"product_tag","embeddable":true,"href":"https:\/\/modestihouse.com\/index.php\/wp-json\/wp\/v2\/product_tag?post=34917"}],"curies":[{"name":"wp","href":"https:\/\/api.w.org\/{rel}","templated":true}]}}