{"id":34931,"date":"2025-07-08T12:30:49","date_gmt":"2025-07-08T10:30:49","guid":{"rendered":"https:\/\/modestihouse.com\/?post_type=product&#038;p=34931"},"modified":"2025-07-08T12:30:49","modified_gmt":"2025-07-08T10:30:49","slug":"mesa-bruno-120x80-t-madera-mdf-p-negra","status":"publish","type":"product","link":"https:\/\/modestihouse.com\/index.php\/producto\/mesa-bruno-120x80-t-madera-mdf-p-negra\/","title":{"rendered":"Mesa Bruno 120&#215;80 T\/Madera MDF P\/Negra"},"content":{"rendered":"<p>Le presentamos la mesa rectangular Bruno, dise\u00f1ada para a\u00f1adir encanto y estilo a tu comedor. Con un atractivo dise\u00f1o minimalista, y un elegante contraste entre la madera y sus patas negras, la hace perfecta para darle ese toque especial que est\u00e1s buscando.<\/p>\n<p>Ideal para reunir a 4 personas, la mesa Bruno es la combinaci\u00f3n perfecta de funcionalidad y belleza. Su amplia cubierta de 120 x 80 cm proporciona espacio suficiente para disfrutar de comidas en familia o con amigos, mientras que su dise\u00f1o compacto la hace ideal para espacios m\u00e1s peque\u00f1os.<\/p>\n<p>&nbsp;<\/p>\n<p><strong>Medidas:\u00a0<\/strong>L120 x F80 x A75<\/p>\n","protected":false},"excerpt":{"rendered":"<p>Le presentamos la mesa rectangular Bruno, dise\u00f1ada para a\u00f1adir encanto y estilo a tu comedor. Con un atractivo dise\u00f1o minimalista,<\/p>\n","protected":false},"featured_media":34932,"template":"","meta":[],"product_brand":[],"product_cat":[220,410,80],"product_tag":[],"class_list":{"0":"post-34931","1":"product","2":"type-product","3":"status-publish","4":"has-post-thumbnail","6":"product_cat-mesa-comedor","7":"product_cat-mesa-rectangular","8":"product_cat-mesas","10":"first","11":"instock","12":"sale","13":"shipping-taxable","14":"purchasable","15":"product-type-simple"},"aioseo_notices":[],"_links":{"self":[{"href":"https:\/\/modestihouse.com\/index.php\/wp-json\/wp\/v2\/product\/34931","targetHints":{"allow":["GET"]}}],"collection":[{"href":"https:\/\/modestihouse.com\/index.php\/wp-json\/wp\/v2\/product"}],"about":[{"href":"https:\/\/modestihouse.com\/index.php\/wp-json\/wp\/v2\/types\/product"}],"wp:featuredmedia":[{"embeddable":true,"href":"https:\/\/modestihouse.com\/index.php\/wp-json\/wp\/v2\/media\/34932"}],"wp:attachment":[{"href":"https:\/\/modestihouse.com\/index.php\/wp-json\/wp\/v2\/media?parent=34931"}],"wp:term":[{"taxonomy":"product_brand","embeddable":true,"href":"https:\/\/modestihouse.com\/index.php\/wp-json\/wp\/v2\/product_brand?post=34931"},{"taxonomy":"product_cat","embeddable":true,"href":"https:\/\/modestihouse.com\/index.php\/wp-json\/wp\/v2\/product_cat?post=34931"},{"taxonomy":"product_tag","embeddable":true,"href":"https:\/\/modestihouse.com\/index.php\/wp-json\/wp\/v2\/product_tag?post=34931"}],"curies":[{"name":"wp","href":"https:\/\/api.w.org\/{rel}","templated":true}]}}