{"id":34969,"date":"2025-07-08T17:45:47","date_gmt":"2025-07-08T15:45:47","guid":{"rendered":"https:\/\/modestihouse.com\/?post_type=product&#038;p=34969"},"modified":"2025-07-08T17:45:48","modified_gmt":"2025-07-08T15:45:48","slug":"mesa-de-centro-porto-115cm","status":"publish","type":"product","link":"https:\/\/modestihouse.com\/index.php\/producto\/mesa-de-centro-porto-115cm\/","title":{"rendered":"Mesa De Centro Porto 115CM"},"content":{"rendered":"<p>Mobiliario contempor\u00e1neo que encontrar\u00e1 su lugar en cualquier habitaci\u00f3n. Peque\u00f1os tiradores redondos que subrayan la singularidad de los elementos a\u00f1adiendo individualidad.<\/p>\n<p>&nbsp;<\/p>\n<p><strong>Medidas:<\/strong><\/p>\n<p>L115 x F60 x A55<\/p>\n","protected":false},"excerpt":{"rendered":"<p>Mobiliario contempor\u00e1neo que encontrar\u00e1 su lugar en cualquier habitaci\u00f3n. Peque\u00f1os tiradores redondos que subrayan la singularidad de los elementos a\u00f1adiendo<\/p>\n","protected":false},"featured_media":34970,"template":"","meta":[],"product_brand":[],"product_cat":[283,80,79],"product_tag":[],"class_list":{"0":"post-34969","1":"product","2":"type-product","3":"status-publish","4":"has-post-thumbnail","6":"product_cat-mesa-centro","7":"product_cat-mesas","8":"product_cat-mesas-de-centro","10":"first","11":"instock","12":"sale","13":"shipping-taxable","14":"purchasable","15":"product-type-simple"},"aioseo_notices":[],"_links":{"self":[{"href":"https:\/\/modestihouse.com\/index.php\/wp-json\/wp\/v2\/product\/34969","targetHints":{"allow":["GET"]}}],"collection":[{"href":"https:\/\/modestihouse.com\/index.php\/wp-json\/wp\/v2\/product"}],"about":[{"href":"https:\/\/modestihouse.com\/index.php\/wp-json\/wp\/v2\/types\/product"}],"wp:featuredmedia":[{"embeddable":true,"href":"https:\/\/modestihouse.com\/index.php\/wp-json\/wp\/v2\/media\/34970"}],"wp:attachment":[{"href":"https:\/\/modestihouse.com\/index.php\/wp-json\/wp\/v2\/media?parent=34969"}],"wp:term":[{"taxonomy":"product_brand","embeddable":true,"href":"https:\/\/modestihouse.com\/index.php\/wp-json\/wp\/v2\/product_brand?post=34969"},{"taxonomy":"product_cat","embeddable":true,"href":"https:\/\/modestihouse.com\/index.php\/wp-json\/wp\/v2\/product_cat?post=34969"},{"taxonomy":"product_tag","embeddable":true,"href":"https:\/\/modestihouse.com\/index.php\/wp-json\/wp\/v2\/product_tag?post=34969"}],"curies":[{"name":"wp","href":"https:\/\/api.w.org\/{rel}","templated":true}]}}