{"id":34982,"date":"2025-07-08T18:48:42","date_gmt":"2025-07-08T16:48:42","guid":{"rendered":"https:\/\/modestihouse.com\/?post_type=product&#038;p=34982"},"modified":"2025-07-08T18:48:42","modified_gmt":"2025-07-08T16:48:42","slug":"estanteria-tomar-4h","status":"publish","type":"product","link":"https:\/\/modestihouse.com\/index.php\/producto\/estanteria-tomar-4h\/","title":{"rendered":"Estanteria Tomar 4H"},"content":{"rendered":"<p>La estanter\u00eda TOMAR es una opci\u00f3n pr\u00e1ctica y elegante para mantener el orden en cualquier espacio. Cuenta con 3 baldas, perfectas para almacenar libros, documentos o elementos decorativos. Su dise\u00f1o limpio en color blanco o en roble (artisan) combina f\u00e1cilmente con distintos estilos de interior. Forma parte de la colecci\u00f3n de estanter\u00edas TOMAR, ideal para crear conjuntos arm\u00f3nicos.<\/p>\n<p><strong>Medidas:<\/strong><br \/>\nLargo (L): 70 cm.<br \/>\nFondo (F): 25 cm.<br \/>\nAlto (A): 142 cm.<\/p>\n<p><strong>Caracter\u00edsticas principales:<\/strong><\/p>\n<ul>\n<li>Estanter\u00eda\u00a0de 3 baldas y 4 huecos.<\/li>\n<li>Gran capacidad de almacenamiento.<\/li>\n<li>Parte de la colecci\u00f3n de estanter\u00edas Tomar.<\/li>\n<\/ul>\n<p><strong>Materiales:<\/strong><\/p>\n<ul>\n<li>Tablero aglomerado de part\u00edculas de 16 mm con recubrimiento de melamina.<\/li>\n<li>Color y acabado: Blanco y roble (artisan).<\/li>\n<li>En el momento de la compra indicar el color a elegir<\/li>\n<\/ul>\n","protected":false},"excerpt":{"rendered":"<p>La estanter\u00eda TOMAR es una opci\u00f3n pr\u00e1ctica y elegante para mantener el orden en cualquier espacio. Cuenta con 3 baldas,<\/p>\n","protected":false},"featured_media":34983,"template":"","meta":[],"product_brand":[],"product_cat":[417],"product_tag":[],"class_list":{"0":"post-34982","1":"product","2":"type-product","3":"status-publish","4":"has-post-thumbnail","6":"product_cat-estanteria","8":"first","9":"instock","10":"sale","11":"shipping-taxable","12":"purchasable","13":"product-type-simple"},"aioseo_notices":[],"_links":{"self":[{"href":"https:\/\/modestihouse.com\/index.php\/wp-json\/wp\/v2\/product\/34982","targetHints":{"allow":["GET"]}}],"collection":[{"href":"https:\/\/modestihouse.com\/index.php\/wp-json\/wp\/v2\/product"}],"about":[{"href":"https:\/\/modestihouse.com\/index.php\/wp-json\/wp\/v2\/types\/product"}],"wp:featuredmedia":[{"embeddable":true,"href":"https:\/\/modestihouse.com\/index.php\/wp-json\/wp\/v2\/media\/34983"}],"wp:attachment":[{"href":"https:\/\/modestihouse.com\/index.php\/wp-json\/wp\/v2\/media?parent=34982"}],"wp:term":[{"taxonomy":"product_brand","embeddable":true,"href":"https:\/\/modestihouse.com\/index.php\/wp-json\/wp\/v2\/product_brand?post=34982"},{"taxonomy":"product_cat","embeddable":true,"href":"https:\/\/modestihouse.com\/index.php\/wp-json\/wp\/v2\/product_cat?post=34982"},{"taxonomy":"product_tag","embeddable":true,"href":"https:\/\/modestihouse.com\/index.php\/wp-json\/wp\/v2\/product_tag?post=34982"}],"curies":[{"name":"wp","href":"https:\/\/api.w.org\/{rel}","templated":true}]}}